{"id":1093840000007678,"date":"2025-05-30T12:04:24","date_gmt":"2025-05-30T10:04:24","guid":{"rendered":"https:\/\/monjesbudistas.org\/product\/cycle-de-formation-principe-dinterdependance-septembre-2025-auditeur\/"},"modified":"2025-05-30T12:04:24","modified_gmt":"2025-05-30T10:04:24","slug":"cycle-de-formation-principe-dinterdependance-septembre-2025-auditeur","status":"publish","type":"product","link":"https:\/\/monjesbudistas.org\/fr\/produit\/cycle-de-formation-principe-dinterdependance-septembre-2025-auditeur\/","title":{"rendered":"Cycle de formation \u2013 Principe d&#8217;interd\u00e9pendance (Septembre 2025) | Auditeur"},"content":{"rendered":"<h4>MODALIT\u00c9 AUDITEUR PR\u00c9SENTIEL ET EN LIGNE<\/h4>\n<p>\u00c9dition Septembre 2025 &#8211; Janvier 2026<\/p>\n<p>&nbsp;<\/p>\n<p>Cette inscription correspond \u00e0 l&#8217;ann\u00e9e de formation de septembre 2025 \u00e0 janvier 2026.<\/p>\n<p>L&#8217;inscription en modalit\u00e9 auditeur comprend les sessions de formation du samedi de 10h00 \u00e0 13h30.<\/p>\n","protected":false},"excerpt":{"rendered":"<p>MODALIT\u00c9 AUDITEUR PR\u00c9SENTIEL ET EN LIGNE \u00c9dition Septembre 2025 &#8211; Janvier 2026 &nbsp; Cette inscription correspond \u00e0 l&#8217;ann\u00e9e de formation de septembre 2025 \u00e0 janvier 2026. L&#8217;inscription en modalit\u00e9 auditeur comprend les sessions de formation du samedi de 10h00 \u00e0 13h30.<\/p>\n","protected":false},"featured_media":1093840000005366,"template":"","meta":{"give_campaign_id":0},"product_brand":[],"product_cat":[138],"product_tag":[],"class_list":{"0":"post-1093840000007678","1":"product","2":"type-product","3":"status-publish","4":"has-post-thumbnail","6":"product_cat-cycles-de-formation","8":"first","9":"instock","10":"taxable","11":"shipping-taxable","12":"purchasable","13":"product-type-variable"},"_links":{"self":[{"href":"https:\/\/monjesbudistas.org\/fr\/wp-json\/wp\/v2\/product\/1093840000007678","targetHints":{"allow":["GET"]}}],"collection":[{"href":"https:\/\/monjesbudistas.org\/fr\/wp-json\/wp\/v2\/product"}],"about":[{"href":"https:\/\/monjesbudistas.org\/fr\/wp-json\/wp\/v2\/types\/product"}],"wp:featuredmedia":[{"embeddable":true,"href":"https:\/\/monjesbudistas.org\/fr\/wp-json\/wp\/v2\/media\/1093840000005366"}],"wp:attachment":[{"href":"https:\/\/monjesbudistas.org\/fr\/wp-json\/wp\/v2\/media?parent=1093840000007678"}],"wp:term":[{"taxonomy":"product_brand","embeddable":true,"href":"https:\/\/monjesbudistas.org\/fr\/wp-json\/wp\/v2\/product_brand?post=1093840000007678"},{"taxonomy":"product_cat","embeddable":true,"href":"https:\/\/monjesbudistas.org\/fr\/wp-json\/wp\/v2\/product_cat?post=1093840000007678"},{"taxonomy":"product_tag","embeddable":true,"href":"https:\/\/monjesbudistas.org\/fr\/wp-json\/wp\/v2\/product_tag?post=1093840000007678"}],"curies":[{"name":"wp","href":"https:\/\/api.w.org\/{rel}","templated":true}]}}