{"id":1093840000007648,"date":"2025-05-30T12:16:51","date_gmt":"2025-05-30T10:16:51","guid":{"rendered":"https:\/\/monjesbudistas.org\/product\/cycle-de-formation-principe-dinterdependance-septembre-2025-groupe-presentiel\/"},"modified":"2025-05-30T12:16:51","modified_gmt":"2025-05-30T10:16:51","slug":"cycle-de-formation-principe-dinterdependance-septembre-2025-groupe-presentiel","status":"publish","type":"product","link":"https:\/\/monjesbudistas.org\/fr\/produit\/cycle-de-formation-principe-dinterdependance-septembre-2025-groupe-presentiel\/","title":{"rendered":"Cycle de formation \u2013 Principe d\u2019interd\u00e9pendance (Septembre 2025) | Groupe pr\u00e9sentiel"},"content":{"rendered":"<h4>MODALIT\u00c9 GROUPE D\u2019\u00c9TUDE ET DE PRATIQUE EN PR\u00c9SENTIEL<\/h4>\n<p>\u00c9dition Septembre 2025 &#8211; Janvier 2026<\/p>\n<p>&nbsp;<\/p>\n<p>Cette inscription correspond \u00e0 l\u2019ann\u00e9e de formation de septembre 2025 \u00e0 janvier 2026.<\/p>\n<p>L\u2019inscription en modalit\u00e9 groupe d\u2019\u00e9tude et de pratique se compose des sessions de formation d\u2019une journ\u00e9e compl\u00e8te, des exercices de r\u00e9flexion individuelle et de Groupe d\u2019\u00c9tude et de Pratique ainsi que des r\u00e9unions de groupe et de la r\u00e9union de r\u00e9solution de questions.<\/p>\n<p>Vous aurez acc\u00e8s \u00e0 la salle de classe virtuelle qui vous permet d\u2019acc\u00e9der aux enregistrements de ces sessions pendant la dur\u00e9e de la formation.<\/p>\n","protected":false},"excerpt":{"rendered":"<p>MODALIT\u00c9 GROUPE D\u2019\u00c9TUDE ET DE PRATIQUE EN PR\u00c9SENTIEL \u00c9dition Septembre 2025 &#8211; Janvier 2026 &nbsp; Cette inscription correspond \u00e0 l\u2019ann\u00e9e de formation de septembre 2025 \u00e0 janvier 2026. L\u2019inscription en modalit\u00e9 groupe d\u2019\u00e9tude et de pratique se compose des sessions de formation d\u2019une journ\u00e9e compl\u00e8te, des exercices de r\u00e9flexion individuelle et de Groupe d\u2019\u00c9tude et [&hellip;]<\/p>\n","protected":false},"featured_media":1093840000005366,"template":"","meta":{"give_campaign_id":0},"product_brand":[],"product_cat":[138],"product_tag":[],"class_list":{"0":"post-1093840000007648","1":"product","2":"type-product","3":"status-publish","4":"has-post-thumbnail","6":"product_cat-cycles-de-formation","8":"first","9":"instock","10":"taxable","11":"shipping-taxable","12":"purchasable","13":"product-type-variable"},"_links":{"self":[{"href":"https:\/\/monjesbudistas.org\/fr\/wp-json\/wp\/v2\/product\/1093840000007648","targetHints":{"allow":["GET"]}}],"collection":[{"href":"https:\/\/monjesbudistas.org\/fr\/wp-json\/wp\/v2\/product"}],"about":[{"href":"https:\/\/monjesbudistas.org\/fr\/wp-json\/wp\/v2\/types\/product"}],"wp:featuredmedia":[{"embeddable":true,"href":"https:\/\/monjesbudistas.org\/fr\/wp-json\/wp\/v2\/media\/1093840000005366"}],"wp:attachment":[{"href":"https:\/\/monjesbudistas.org\/fr\/wp-json\/wp\/v2\/media?parent=1093840000007648"}],"wp:term":[{"taxonomy":"product_brand","embeddable":true,"href":"https:\/\/monjesbudistas.org\/fr\/wp-json\/wp\/v2\/product_brand?post=1093840000007648"},{"taxonomy":"product_cat","embeddable":true,"href":"https:\/\/monjesbudistas.org\/fr\/wp-json\/wp\/v2\/product_cat?post=1093840000007648"},{"taxonomy":"product_tag","embeddable":true,"href":"https:\/\/monjesbudistas.org\/fr\/wp-json\/wp\/v2\/product_tag?post=1093840000007648"}],"curies":[{"name":"wp","href":"https:\/\/api.w.org\/{rel}","templated":true}]}}