{"id":1093840000006512,"date":"2025-05-30T12:51:26","date_gmt":"2025-05-30T10:51:26","guid":{"rendered":"https:\/\/monjesbudistas.org\/?post_type=product&#038;p=1093840000006512"},"modified":"2025-07-04T12:48:52","modified_gmt":"2025-07-04T10:48:52","slug":"formation-mahayana-lessence-de-la-compassion-septembre-2025-copia","status":"publish","type":"product","link":"https:\/\/monjesbudistas.org\/fr\/produit\/formation-mahayana-lessence-de-la-compassion-septembre-2025-copia\/","title":{"rendered":"Formation Mahayana \u2013 Chemin vers l&#8217;Excellence (Septembre 2025)"},"content":{"rendered":"<p><strong>\u00c9dition Septembre 2025 &#8211; Janvier 2026<\/strong><\/p>\n<p>Cette inscription correspond \u00e0 l&#8217;ann\u00e9e de formation de septembre 2025 \u00e0 janvier 2026.<\/p>\n<p>L&#8217;inscription comprend les sessions de formation d&#8217;une journ\u00e9e compl\u00e8te, les exercices de r\u00e9flexion individuelle et de Groupe d&#8217;\u00c9tude et de Pratique, ainsi que les r\u00e9unions de groupe et la r\u00e9union de r\u00e9solution des questions.<\/p>\n<p>Vous aurez acc\u00e8s \u00e0 la salle de classe virtuelle qui vous permet d&#8217;acc\u00e9der aux enregistrements de ces sessions pendant la dur\u00e9e de la formation.<\/p>\n","protected":false},"excerpt":{"rendered":"<p>\u00c9dition Septembre 2025 &#8211; Janvier 2026 Cette inscription correspond \u00e0 l&#8217;ann\u00e9e de formation de septembre 2025 \u00e0 janvier 2026. L&#8217;inscription comprend les sessions de formation d&#8217;une journ\u00e9e compl\u00e8te, les exercices de r\u00e9flexion individuelle et de Groupe d&#8217;\u00c9tude et de Pratique, ainsi que les r\u00e9unions de groupe et la r\u00e9union de r\u00e9solution des questions. Vous aurez [&hellip;]<\/p>\n","protected":false},"featured_media":1093840000005360,"template":"","meta":{"give_campaign_id":0},"product_brand":[],"product_cat":[138],"product_tag":[],"class_list":{"0":"post-1093840000006512","1":"product","2":"type-product","3":"status-publish","4":"has-post-thumbnail","6":"product_cat-cycles-de-formation","8":"first","9":"instock","10":"taxable","11":"shipping-taxable","12":"purchasable","13":"product-type-variable"},"_links":{"self":[{"href":"https:\/\/monjesbudistas.org\/fr\/wp-json\/wp\/v2\/product\/1093840000006512","targetHints":{"allow":["GET"]}}],"collection":[{"href":"https:\/\/monjesbudistas.org\/fr\/wp-json\/wp\/v2\/product"}],"about":[{"href":"https:\/\/monjesbudistas.org\/fr\/wp-json\/wp\/v2\/types\/product"}],"wp:featuredmedia":[{"embeddable":true,"href":"https:\/\/monjesbudistas.org\/fr\/wp-json\/wp\/v2\/media\/1093840000005360"}],"wp:attachment":[{"href":"https:\/\/monjesbudistas.org\/fr\/wp-json\/wp\/v2\/media?parent=1093840000006512"}],"wp:term":[{"taxonomy":"product_brand","embeddable":true,"href":"https:\/\/monjesbudistas.org\/fr\/wp-json\/wp\/v2\/product_brand?post=1093840000006512"},{"taxonomy":"product_cat","embeddable":true,"href":"https:\/\/monjesbudistas.org\/fr\/wp-json\/wp\/v2\/product_cat?post=1093840000006512"},{"taxonomy":"product_tag","embeddable":true,"href":"https:\/\/monjesbudistas.org\/fr\/wp-json\/wp\/v2\/product_tag?post=1093840000006512"}],"curies":[{"name":"wp","href":"https:\/\/api.w.org\/{rel}","templated":true}]}}