{"id":1093840000005690,"date":"2024-05-27T11:39:14","date_gmt":"2024-05-27T09:39:14","guid":{"rendered":"https:\/\/monjesbudistas.org\/product\/visite-guidee-pack-classe-de-meditation\/"},"modified":"2025-08-03T11:21:45","modified_gmt":"2025-08-03T09:21:45","slug":"visite-guidee-pack-classe-de-meditation","status":"publish","type":"product","link":"https:\/\/monjesbudistas.org\/fr\/produit\/visite-guidee-pack-classe-de-meditation\/","title":{"rendered":"Forfait Visite Guid\u00e9e + Atelier M\u00e9ditation"},"content":{"rendered":"<p><strong>Visite guid\u00e9e du Palau Novella et atelier d&#8217;initiation \u00e0 la m\u00e9ditation<\/strong><\/p>\n<p class=\"p1\">Accompagn\u00e9 de notre guide, vous parcourrez diff\u00e9rents espaces du Palau Novella, un \u00e9difice singulier du modernisme catalan construit en 1890. Vous d\u00e9couvrirez son histoire et vous vous familiariserez avec la philosophie de vie de la communaut\u00e9. Vous compl\u00e9terez l&#8217;exp\u00e9rience avec l&#8217;atelier d&#8217;initiation \u00e0 la m\u00e9ditation bouddhiste, o\u00f9 vous d\u00e9couvrirez ses bienfaits et vous vous initierez \u00e0 sa pratique formelle bas\u00e9e sur l&#8217;attention \u00e0 la respiration.  <\/p>\n<p>Si les horaires propos\u00e9s ne correspondent pas \u00e0 vos besoins, ou si vous souhaitez obtenir plus d&#8217;informations, vous pouvez nous contacter par e-mail \u00e0 <a href=\"mailto:info@monjesbudistas.org\" target=\"_blank\" rel=\"noopener\">info@monjesbudistas.org<\/a> ou par t\u00e9l\u00e9phone au <i><a href=\"tel:+34937432010\">+34 937 432 010<\/a><\/i> et nous planifierons la meilleure option pour votre visite.<\/p>\n<p><em>Prix exclusif en r\u00e9servant via le web<\/em><\/p>\n","protected":false},"excerpt":{"rendered":"<p class=\"p1\"><i>Options d&#8217;horaires :<\/i><\/p>\n<p class=\"p1\"><b><i>11h <\/i><\/b><i>&#8211; Visite guid\u00e9e \u00e0 11h + Atelier de m\u00e9ditation \u00e0 12h00<\/i><\/p>\n<p class=\"p1\"><i><\/i><b><i>12h <\/i><\/b><i>&#8211; Atelier de m\u00e9ditation \u00e0 12h + Visite guid\u00e9e \u00e0 16h00<\/i><\/p>\n<p class=\"p1\"><i>Si vous devez modifier l&#8217;heure ou l&#8217;ordre des activit\u00e9s, contactez-nous par e-mail (<a href=\"mailto:info@monjesbudistas.org\" target=\"_blank\" rel=\"noopener\">info@monjesbudistas.org<\/a>) ou appelez-nous au <a href=\"tel:+34937432010\">+34 937 432 010<\/a><\/i><\/p>\n<p>*Tarif Visite r\u00e9duite 31 \u20ac : Tarif applicable aux retrait\u00e9s, \u00e9tudiants universitaires, professeurs, familles nombreuses, familles monoparentales, personnes handicap\u00e9es et b\u00e9n\u00e9ficiaires d\u2019une pension. Les justificatifs seront demand\u00e9s au moment du retrait des billets. <\/p>\n<p><span style=\"text-decoration: underline;\">Pour effectuer des r\u00e9servations le jour m\u00eame de la visite<\/span>, veuillez nous appeler au <i><a href=\"tel:+34937432010\">+34 937 432 010<\/a><\/i><\/p>\n","protected":false},"featured_media":1093840000005018,"template":"","meta":{"give_campaign_id":0},"product_brand":[],"product_cat":[141],"product_tag":[142],"class_list":{"0":"post-1093840000005690","1":"product","2":"type-product","3":"status-publish","4":"has-post-thumbnail","6":"product_cat-paquets","7":"product_tag-paquets","9":"first","10":"instock","11":"virtual","12":"sold-individually","13":"purchasable","14":"product-type-booking"},"_links":{"self":[{"href":"https:\/\/monjesbudistas.org\/fr\/wp-json\/wp\/v2\/product\/1093840000005690","targetHints":{"allow":["GET"]}}],"collection":[{"href":"https:\/\/monjesbudistas.org\/fr\/wp-json\/wp\/v2\/product"}],"about":[{"href":"https:\/\/monjesbudistas.org\/fr\/wp-json\/wp\/v2\/types\/product"}],"wp:featuredmedia":[{"embeddable":true,"href":"https:\/\/monjesbudistas.org\/fr\/wp-json\/wp\/v2\/media\/1093840000005018"}],"wp:attachment":[{"href":"https:\/\/monjesbudistas.org\/fr\/wp-json\/wp\/v2\/media?parent=1093840000005690"}],"wp:term":[{"taxonomy":"product_brand","embeddable":true,"href":"https:\/\/monjesbudistas.org\/fr\/wp-json\/wp\/v2\/product_brand?post=1093840000005690"},{"taxonomy":"product_cat","embeddable":true,"href":"https:\/\/monjesbudistas.org\/fr\/wp-json\/wp\/v2\/product_cat?post=1093840000005690"},{"taxonomy":"product_tag","embeddable":true,"href":"https:\/\/monjesbudistas.org\/fr\/wp-json\/wp\/v2\/product_tag?post=1093840000005690"}],"curies":[{"name":"wp","href":"https:\/\/api.w.org\/{rel}","templated":true}]}}