{"id":1093840000005688,"date":"2024-05-27T13:08:51","date_gmt":"2024-05-27T11:08:51","guid":{"rendered":"https:\/\/monjesbudistas.org\/product\/visite-guidee-menu-gastronomique\/"},"modified":"2025-08-04T08:15:36","modified_gmt":"2025-08-04T06:15:36","slug":"visite-guidee-menu-gastronomique","status":"publish","type":"product","link":"https:\/\/monjesbudistas.org\/fr\/produit\/visite-guidee-menu-gastronomique\/","title":{"rendered":"Forfait Visite Guid\u00e9e + Menu Gastronomique"},"content":{"rendered":"<p class=\"p1\"><b>Visite Guid\u00e9e du Palau Novella et Menu Gastronomique<br \/>\n<\/b><\/p>\n<p>Accompagn\u00e9 de nos guides, vous parcourrez diff\u00e9rents espaces du Palau Novella, un \u00e9difice singulier du modernisme catalan construit en 1890. Vous d\u00e9couvrirez son histoire et vous vous familiariserez avec la philosophie de vie de la communaut\u00e9. Vous compl\u00e9terez l&#8217;exp\u00e9rience en d\u00e9gustant le menu traditionnel de la Colonia Agr\u00edcola sur les terrasses du \u00ab pati del safareig gaudini\u00e0 \u00bb, un cadre unique.  <\/p>\n<p><em>Prix exclusif en r\u00e9servant via le web<\/em><\/p>\n<p><i>* Si vous souhaitez r\u00e9server pour plus de 8 personnes ou le jour m\u00eame de la visite, veuillez contacter notre \u00e9quipe <a href=\"https:\/\/monjesbudistas.org\/contacto\/?_gl=1*1aec174*_up*MQ..*_ga*MTcwMTUzMTA1MC4xNzQ3OTg4NzMy*_ga_RFEPQG69EG*czE3NDc5ODg3MzEkbzEkZzEkdDE3NDc5ODkxNDQkajAkbDAkaDAkZFlBd3Y2RTBFQ0trVXd5ZEpMa1ZpSW1EM3lESVJvQ2hUalE.\">ici<\/a><\/i><\/p>\n<p>&nbsp;<\/p>\n","protected":false},"excerpt":{"rendered":"<p class=\"p1\"><i>Horaires&nbsp;:<\/i><\/p>\n<p><em><strong>Du mercredi au vendredi<\/strong><\/em><\/p>\n<p><b><i>12h30 <\/i><\/b><i>&#8211; Visite Guid\u00e9e \u00e0 12h30 + D\u00e9jeuner 13h30*<\/i><\/p>\n<p><em><strong>Week-ends et jours f\u00e9ri\u00e9s<\/strong><\/em><\/p>\n<p class=\"p1\"><i><strong>11h<\/strong> &#8211; Visite Guid\u00e9e \u00e0 11h + D\u00e9jeuner 13h30*<\/i><\/p>\n<p class=\"p1\"><b><i>12h <\/i><\/b><i>&#8211; Visite Guid\u00e9e \u00e0 12h + D\u00e9jeuner 13h30*<\/i><\/p>\n<p class=\"p1\"><b><i>13h <\/i><\/b><i>&#8211; Visite Guid\u00e9e \u00e0 13h + D\u00e9jeuner 14h30*<\/i><\/p>\n<p class=\"p1\"><b><i>14h <\/i><\/b><i>&#8211; Visite Guid\u00e9e \u00e0 14h + D\u00e9jeuner 15h15*<\/i><\/p>\n<p class=\"p1\"><b><i>14h30 <\/i><\/b><i>&#8211; D\u00e9jeuner \u00e0 14h30* + Visite Guid\u00e9e 16h00<\/i><\/p>\n<p><em> L&#8217;heure du repas est indicative et peut \u00eatre sujette \u00e0 de l\u00e9g\u00e8res variations.<\/em><\/p>\n<p class=\"p1\"><i>Si vous devez modifier l&#8217;heure ou l&#8217;ordre des activit\u00e9s, contactez-nous par e-mail (<a href=\"mailto:info@monjesbudistas.org\">info@monjesbudistas.org<\/a>) ou appelez-nous au <a href=\"tel:+34937432010\">+34 937 432 010<\/a><\/i><\/p>\n<p><em>Tarif r\u00e9duit&nbsp;: Tarif applicable aux retrait\u00e9s, \u00e9tudiants universitaires, professeurs, familles nombreuses, familles monoparentales, personnes handicap\u00e9es et retrait\u00e9s. Les justificatifs seront demand\u00e9s lors du retrait des billets. <\/em><\/p>\n<p>&nbsp;<\/p>\n<p>* Pour les achats le jour m\u00eame, veuillez les effectuer en personne au Bureau des \u00e9tudiants, situ\u00e9 dans le Monast\u00e8re<\/p>\n<p>&nbsp;<\/p>\n<p>&nbsp;<\/p>\n<p>&nbsp;<\/p>\n<p>&nbsp;<\/p>\n","protected":false},"featured_media":1093840000005006,"template":"","meta":{"give_campaign_id":0},"product_brand":[],"product_cat":[141],"product_tag":[142],"class_list":{"0":"post-1093840000005688","1":"product","2":"type-product","3":"status-publish","4":"has-post-thumbnail","6":"product_cat-paquets","7":"product_tag-paquets","9":"first","10":"instock","11":"virtual","12":"sold-individually","13":"taxable","14":"purchasable","15":"product-type-booking"},"_links":{"self":[{"href":"https:\/\/monjesbudistas.org\/fr\/wp-json\/wp\/v2\/product\/1093840000005688","targetHints":{"allow":["GET"]}}],"collection":[{"href":"https:\/\/monjesbudistas.org\/fr\/wp-json\/wp\/v2\/product"}],"about":[{"href":"https:\/\/monjesbudistas.org\/fr\/wp-json\/wp\/v2\/types\/product"}],"wp:featuredmedia":[{"embeddable":true,"href":"https:\/\/monjesbudistas.org\/fr\/wp-json\/wp\/v2\/media\/1093840000005006"}],"wp:attachment":[{"href":"https:\/\/monjesbudistas.org\/fr\/wp-json\/wp\/v2\/media?parent=1093840000005688"}],"wp:term":[{"taxonomy":"product_brand","embeddable":true,"href":"https:\/\/monjesbudistas.org\/fr\/wp-json\/wp\/v2\/product_brand?post=1093840000005688"},{"taxonomy":"product_cat","embeddable":true,"href":"https:\/\/monjesbudistas.org\/fr\/wp-json\/wp\/v2\/product_cat?post=1093840000005688"},{"taxonomy":"product_tag","embeddable":true,"href":"https:\/\/monjesbudistas.org\/fr\/wp-json\/wp\/v2\/product_tag?post=1093840000005688"}],"curies":[{"name":"wp","href":"https:\/\/api.w.org\/{rel}","templated":true}]}}