{"id":1093840000005687,"date":"2024-05-15T19:42:45","date_gmt":"2024-05-15T19:42:45","guid":{"rendered":"https:\/\/monjesbudistas.org\/product\/visite-guidee-du-monastere\/"},"modified":"2025-08-03T11:21:44","modified_gmt":"2025-08-03T09:21:44","slug":"visite-guidee-du-monastere","status":"publish","type":"product","link":"https:\/\/monjesbudistas.org\/fr\/produit\/visite-guidee-du-monastere\/","title":{"rendered":"Visite guid\u00e9e du monast\u00e8re"},"content":{"rendered":"<p>Vous d\u00e9couvrirez l&#8217;histoire de la Palau Novella (1890), un b\u00e2timent unique du modernisme catalan, ainsi que la philosophie de vie de la communaut\u00e9 Sakya Tashi Ling.<\/p>\n","protected":false},"excerpt":{"rendered":"<p><em>Tarif Visite r\u00e9duite 7 \u20ac : Tarif applicable aux enfants (de 5 \u00e0 12 ans), retrait\u00e9s, \u00e9tudiants universitaires, professeurs, familles nombreuses, familles monoparentales, personnes handicap\u00e9es et b\u00e9n\u00e9ficiaires d&#8217;une pension. Les justificatifs seront demand\u00e9s au moment du retrait des billets. <\/em><\/p>\n<p>&nbsp;<\/p>\n<p>* Pour les achats le jour m\u00eame, veuillez les effectuer en personne au Bureau des \u00e9tudiants, situ\u00e9 dans le Monast\u00e8re<\/p>\n","protected":false},"featured_media":1093840000005012,"template":"","meta":{"give_campaign_id":0},"product_brand":[],"product_cat":[139],"product_tag":[140],"class_list":{"0":"post-1093840000005687","1":"product","2":"type-product","3":"status-publish","4":"has-post-thumbnail","6":"product_cat-activites-dans-le-monastere","7":"product_tag-visites","9":"first","10":"instock","11":"virtual","12":"sold-individually","13":"purchasable","14":"product-type-booking"},"_links":{"self":[{"href":"https:\/\/monjesbudistas.org\/fr\/wp-json\/wp\/v2\/product\/1093840000005687","targetHints":{"allow":["GET"]}}],"collection":[{"href":"https:\/\/monjesbudistas.org\/fr\/wp-json\/wp\/v2\/product"}],"about":[{"href":"https:\/\/monjesbudistas.org\/fr\/wp-json\/wp\/v2\/types\/product"}],"wp:featuredmedia":[{"embeddable":true,"href":"https:\/\/monjesbudistas.org\/fr\/wp-json\/wp\/v2\/media\/1093840000005012"}],"wp:attachment":[{"href":"https:\/\/monjesbudistas.org\/fr\/wp-json\/wp\/v2\/media?parent=1093840000005687"}],"wp:term":[{"taxonomy":"product_brand","embeddable":true,"href":"https:\/\/monjesbudistas.org\/fr\/wp-json\/wp\/v2\/product_brand?post=1093840000005687"},{"taxonomy":"product_cat","embeddable":true,"href":"https:\/\/monjesbudistas.org\/fr\/wp-json\/wp\/v2\/product_cat?post=1093840000005687"},{"taxonomy":"product_tag","embeddable":true,"href":"https:\/\/monjesbudistas.org\/fr\/wp-json\/wp\/v2\/product_tag?post=1093840000005687"}],"curies":[{"name":"wp","href":"https:\/\/api.w.org\/{rel}","templated":true}]}}