{"id":1093840000005686,"date":"2024-05-27T09:36:55","date_gmt":"2024-05-27T07:36:55","guid":{"rendered":"https:\/\/monjesbudistas.org\/product\/pack-visite-guidee-salle-de-meditation-menu-gastronomique\/"},"modified":"2025-08-03T11:21:43","modified_gmt":"2025-08-03T09:21:43","slug":"pack-visite-guidee-salle-de-meditation-menu-gastronomique","status":"publish","type":"product","link":"https:\/\/monjesbudistas.org\/fr\/produit\/pack-visite-guidee-salle-de-meditation-menu-gastronomique\/","title":{"rendered":"Pack Visite Guid\u00e9e + Atelier M\u00e9ditation + Menu Gastronomique"},"content":{"rendered":"<p><strong>Visite guid\u00e9e du Palau Novella, Atelier d&#8217;initiation \u00e0 la m\u00e9ditation et Menu Gastronomique**<br \/>\n<\/strong>L&#8217;exp\u00e9rience la plus compl\u00e8te : avec nos guides, vous d\u00e9couvrirez l&#8217;histoire du Palau Novella, un b\u00e2timent singulier du modernisme catalan construit en 1890, et vous vous familiariserez avec la philosophie de vie de la communaut\u00e9 Sakya Tashi Ling. Vous profiterez d&#8217;un menu traditionnel de la Colonia Agr\u00edcola dans un cadre unique, et dans l&#8217;Atelier d&#8217;initiation \u00e0 la m\u00e9ditation bouddhiste, vous vous initierez \u00e0 la pratique de celle-ci et d\u00e9couvrirez ses bienfaits pour une vie significative et saine. <\/p>\n<p><em>Prix exclusif en r\u00e9servant via le web<\/em><\/p>\n<p><i>* Si vous souhaitez r\u00e9server pour plus de 8 personnes ou le jour m\u00eame de la visite, veuillez contacter notre \u00e9quipe <a href=\"https:\/\/monjesbudistas.org\/contacto\/?_gl=1*1aec174*_up*MQ..*_ga*MTcwMTUzMTA1MC4xNzQ3OTg4NzMy*_ga_RFEPQG69EG*czE3NDc5ODg3MzEkbzEkZzEkdDE3NDc5ODkxNDQkajAkbDAkaDAkZFlBd3Y2RTBFQ0trVXd5ZEpMa1ZpSW1EM3lESVJvQ2hUalE.\">ici<\/a><\/i><\/p>\n","protected":false},"excerpt":{"rendered":"<p><strong><em>Options d&#8217;horaires :<\/em><\/strong><\/p>\n<p class=\"p1\"><b><i>11h <\/i><\/b><i>&#8211; Visite Guid\u00e9e \u00e0 11h + Atelier de m\u00e9ditation 12h00 + D\u00e9jeuner 14h30<\/i><\/p>\n<p class=\"p1\"><b><i>12h <\/i><\/b><i>&#8211; Atelier de m\u00e9ditation \u00e0 12h + D\u00e9jeuner 14h30 + Visite Guid\u00e9e 16h00<\/i><\/p>\n<p><em>L&#8217;heure du d\u00e9jeuner est indicative et peut \u00eatre sujette \u00e0 de l\u00e9g\u00e8res variations.<\/em><\/p>\n<p><em>Si vous devez modifier l&#8217;heure ou l&#8217;ordre des activit\u00e9s, contactez-nous par e-mail (<a href=\"mailto:info@monjesbudistas.org\" target=\"_blank\" rel=\"noopener\">info@monjesbudistas.org<\/a>) ou appelez-nous au <i><a href=\"tel:+34937432010\">+34 937 432 010<\/a><\/i><\/em><\/p>\n<p><em>Tarif r\u00e9duit 54 \u20ac : Tarif applicable aux retrait\u00e9s, \u00e9tudiants universitaires, enseignants, familles nombreuses, familles monoparentales, personnes handicap\u00e9es et retrait\u00e9s. Les justificatifs seront demand\u00e9s au moment du retrait des billets. <\/em><\/p>\n","protected":false},"featured_media":1093840000005021,"template":"","meta":{"give_campaign_id":0},"product_brand":[],"product_cat":[141],"product_tag":[142],"class_list":{"0":"post-1093840000005686","1":"product","2":"type-product","3":"status-publish","4":"has-post-thumbnail","6":"product_cat-paquets","7":"product_tag-paquets","9":"first","10":"instock","11":"virtual","12":"sold-individually","13":"taxable","14":"purchasable","15":"product-type-booking"},"_links":{"self":[{"href":"https:\/\/monjesbudistas.org\/fr\/wp-json\/wp\/v2\/product\/1093840000005686","targetHints":{"allow":["GET"]}}],"collection":[{"href":"https:\/\/monjesbudistas.org\/fr\/wp-json\/wp\/v2\/product"}],"about":[{"href":"https:\/\/monjesbudistas.org\/fr\/wp-json\/wp\/v2\/types\/product"}],"wp:featuredmedia":[{"embeddable":true,"href":"https:\/\/monjesbudistas.org\/fr\/wp-json\/wp\/v2\/media\/1093840000005021"}],"wp:attachment":[{"href":"https:\/\/monjesbudistas.org\/fr\/wp-json\/wp\/v2\/media?parent=1093840000005686"}],"wp:term":[{"taxonomy":"product_brand","embeddable":true,"href":"https:\/\/monjesbudistas.org\/fr\/wp-json\/wp\/v2\/product_brand?post=1093840000005686"},{"taxonomy":"product_cat","embeddable":true,"href":"https:\/\/monjesbudistas.org\/fr\/wp-json\/wp\/v2\/product_cat?post=1093840000005686"},{"taxonomy":"product_tag","embeddable":true,"href":"https:\/\/monjesbudistas.org\/fr\/wp-json\/wp\/v2\/product_tag?post=1093840000005686"}],"curies":[{"name":"wp","href":"https:\/\/api.w.org\/{rel}","templated":true}]}}