{"id":1093840000005677,"date":"2024-05-27T16:26:52","date_gmt":"2024-05-27T16:26:52","guid":{"rendered":"https:\/\/monjesbudistas.org\/product\/introduction-a-la-meditation-bouddhiste-en-classe\/"},"modified":"2025-07-04T12:49:08","modified_gmt":"2025-07-04T10:49:08","slug":"introduction-a-la-meditation-bouddhiste-en-classe","status":"publish","type":"product","link":"https:\/\/monjesbudistas.org\/fr\/produit\/introduction-a-la-meditation-bouddhiste-en-classe\/","title":{"rendered":"Introduction \u00e0 la m\u00e9ditation bouddhiste en classe"},"content":{"rendered":"<p>Dans ce cours de deux heures, vous apprendrez les principes de la philosophie bouddhiste, d\u00e9couvrirez les bienfaits de la m\u00e9ditation et serez initi\u00e9 \u00e0 sa pratique formelle bas\u00e9e sur la pleine conscience de la respiration.<\/p>\n<p>Les s\u00e9ances ont lieu tous les <strong>samedis et dimanches \u00e0 12 heures<\/strong>.<\/p>\n","protected":false},"excerpt":{"rendered":"<p>Dans ce cours de deux heures, vous apprendrez les principes de la philosophie bouddhiste, d\u00e9couvrirez les bienfaits de la m\u00e9ditation et serez initi\u00e9 \u00e0 sa pratique formelle bas\u00e9e sur la pleine conscience de la respiration. Les s\u00e9ances ont lieu tous les samedis et dimanches \u00e0 12 heures.<\/p>\n","protected":false},"featured_media":1093840000005003,"template":"","meta":{"give_campaign_id":0},"product_brand":[],"product_cat":[139],"product_tag":[140],"class_list":{"0":"post-1093840000005677","1":"product","2":"type-product","3":"status-publish","4":"has-post-thumbnail","6":"product_cat-activites-dans-le-monastere","7":"product_tag-visites","9":"first","10":"instock","11":"virtual","12":"sold-individually","13":"purchasable","14":"product-type-booking"},"_links":{"self":[{"href":"https:\/\/monjesbudistas.org\/fr\/wp-json\/wp\/v2\/product\/1093840000005677","targetHints":{"allow":["GET"]}}],"collection":[{"href":"https:\/\/monjesbudistas.org\/fr\/wp-json\/wp\/v2\/product"}],"about":[{"href":"https:\/\/monjesbudistas.org\/fr\/wp-json\/wp\/v2\/types\/product"}],"wp:featuredmedia":[{"embeddable":true,"href":"https:\/\/monjesbudistas.org\/fr\/wp-json\/wp\/v2\/media\/1093840000005003"}],"wp:attachment":[{"href":"https:\/\/monjesbudistas.org\/fr\/wp-json\/wp\/v2\/media?parent=1093840000005677"}],"wp:term":[{"taxonomy":"product_brand","embeddable":true,"href":"https:\/\/monjesbudistas.org\/fr\/wp-json\/wp\/v2\/product_brand?post=1093840000005677"},{"taxonomy":"product_cat","embeddable":true,"href":"https:\/\/monjesbudistas.org\/fr\/wp-json\/wp\/v2\/product_cat?post=1093840000005677"},{"taxonomy":"product_tag","embeddable":true,"href":"https:\/\/monjesbudistas.org\/fr\/wp-json\/wp\/v2\/product_tag?post=1093840000005677"}],"curies":[{"name":"wp","href":"https:\/\/api.w.org\/{rel}","templated":true}]}}