{"id":1093840000005663,"date":"2024-12-12T16:02:41","date_gmt":"2024-12-12T15:02:41","guid":{"rendered":"https:\/\/monjesbudistas.org\/product\/cycle-de-formation-principe-dinterdependance-fevrier-2025\/"},"modified":"2025-07-04T12:54:24","modified_gmt":"2025-07-04T10:54:24","slug":"cycle-de-formation-principe-dinterdependance-fevrier-2025","status":"publish","type":"product","link":"https:\/\/monjesbudistas.org\/fr\/produit\/cycle-de-formation-principe-dinterdependance-fevrier-2025\/","title":{"rendered":"Cycle de formation \u2013 Principe d&#8217;interd\u00e9pendance &#8211; F\u00e9vrier 2025"},"content":{"rendered":"<p><strong>\u00c9dition F\u00e9vrier &#8211; Juin 2025<\/strong><\/p>\n","protected":false},"excerpt":{"rendered":"<p>\u00c9dition F\u00e9vrier &#8211; Juin 2025<\/p>\n","protected":false},"featured_media":1093840000005366,"template":"","meta":{"give_campaign_id":0},"product_brand":[],"product_cat":[138],"product_tag":[],"class_list":{"0":"post-1093840000005663","1":"product","2":"type-product","3":"status-publish","4":"has-post-thumbnail","6":"product_cat-cycles-de-formation","8":"first","9":"instock","10":"taxable","11":"shipping-taxable","12":"purchasable","13":"product-type-variable"},"_links":{"self":[{"href":"https:\/\/monjesbudistas.org\/fr\/wp-json\/wp\/v2\/product\/1093840000005663","targetHints":{"allow":["GET"]}}],"collection":[{"href":"https:\/\/monjesbudistas.org\/fr\/wp-json\/wp\/v2\/product"}],"about":[{"href":"https:\/\/monjesbudistas.org\/fr\/wp-json\/wp\/v2\/types\/product"}],"wp:featuredmedia":[{"embeddable":true,"href":"https:\/\/monjesbudistas.org\/fr\/wp-json\/wp\/v2\/media\/1093840000005366"}],"wp:attachment":[{"href":"https:\/\/monjesbudistas.org\/fr\/wp-json\/wp\/v2\/media?parent=1093840000005663"}],"wp:term":[{"taxonomy":"product_brand","embeddable":true,"href":"https:\/\/monjesbudistas.org\/fr\/wp-json\/wp\/v2\/product_brand?post=1093840000005663"},{"taxonomy":"product_cat","embeddable":true,"href":"https:\/\/monjesbudistas.org\/fr\/wp-json\/wp\/v2\/product_cat?post=1093840000005663"},{"taxonomy":"product_tag","embeddable":true,"href":"https:\/\/monjesbudistas.org\/fr\/wp-json\/wp\/v2\/product_tag?post=1093840000005663"}],"curies":[{"name":"wp","href":"https:\/\/api.w.org\/{rel}","templated":true}]}}