{"id":1093840000005972,"date":"2024-05-06T12:59:44","date_gmt":"2024-05-06T10:59:44","guid":{"rendered":"https:\/\/monjesbudistas.org\/dons\/"},"modified":"2025-05-27T13:04:48","modified_gmt":"2025-05-27T11:04:48","slug":"dons","status":"publish","type":"page","link":"https:\/\/monjesbudistas.org\/fr\/solidarite\/un-lien-nous-rend-meilleurs\/dons\/","title":{"rendered":"Dons"},"content":{"rendered":"\t\t<div data-elementor-type=\"wp-page\" data-elementor-id=\"1093840000005972\" class=\"elementor elementor-1093840000005972\" data-elementor-post-type=\"page\">\n\t\t\t\t\t\t<section class=\"elementor-section elementor-top-section elementor-element elementor-element-7cf00885 elementor-section-full_width elementor-section-height-min-height elementor-section-items-top elementor-section-height-default\" data-id=\"7cf00885\" data-element_type=\"section\" data-e-type=\"section\" data-settings=\"{&quot;jet_parallax_layout_list&quot;:[],&quot;background_background&quot;:&quot;classic&quot;,&quot;background_motion_fx_motion_fx_scrolling&quot;:&quot;yes&quot;,&quot;background_motion_fx_translateY_effect&quot;:&quot;yes&quot;,&quot;background_motion_fx_opacity_effect&quot;:&quot;yes&quot;,&quot;background_motion_fx_opacity_level&quot;:{&quot;unit&quot;:&quot;px&quot;,&quot;size&quot;:8,&quot;sizes&quot;:[]},&quot;background_motion_fx_opacity_range&quot;:{&quot;unit&quot;:&quot;%&quot;,&quot;size&quot;:&quot;&quot;,&quot;sizes&quot;:{&quot;start&quot;:9,&quot;end&quot;:69}},&quot;background_motion_fx_translateY_speed&quot;:{&quot;unit&quot;:&quot;px&quot;,&quot;size&quot;:4,&quot;sizes&quot;:[]},&quot;background_motion_fx_translateY_affectedRange&quot;:{&quot;unit&quot;:&quot;%&quot;,&quot;size&quot;:&quot;&quot;,&quot;sizes&quot;:{&quot;start&quot;:0,&quot;end&quot;:100}},&quot;background_motion_fx_opacity_direction&quot;:&quot;out-in&quot;,&quot;background_motion_fx_devices&quot;:[&quot;desktop&quot;,&quot;tablet&quot;,&quot;mobile_extra&quot;,&quot;mobile&quot;]}\">\n\t\t\t\t\t\t\t<div class=\"elementor-background-overlay\"><\/div>\n\t\t\t\t\t\t\t<div class=\"elementor-container elementor-column-gap-default\">\n\t\t\t\t\t<div class=\"elementor-column elementor-col-100 elementor-top-column elementor-element elementor-element-1542e6e\" data-id=\"1542e6e\" data-element_type=\"column\" data-e-type=\"column\">\n\t\t\t<div class=\"elementor-widget-wrap elementor-element-populated\">\n\t\t\t\t\t\t<section class=\"elementor-section elementor-inner-section elementor-element elementor-element-2c1361a5 elementor-section-boxed elementor-section-height-default elementor-section-height-default\" data-id=\"2c1361a5\" data-element_type=\"section\" data-e-type=\"section\" data-settings=\"{&quot;jet_parallax_layout_list&quot;:[]}\">\n\t\t\t\t\t\t<div class=\"elementor-container elementor-column-gap-default\">\n\t\t\t\t\t<div class=\"elementor-column elementor-col-50 elementor-inner-column elementor-element elementor-element-137a4941\" data-id=\"137a4941\" data-element_type=\"column\" data-e-type=\"column\">\n\t\t\t<div class=\"elementor-widget-wrap elementor-element-populated\">\n\t\t\t\t\t\t<div class=\"elementor-element elementor-element-33959eb7 elementor-widget elementor-widget-heading\" data-id=\"33959eb7\" data-element_type=\"widget\" data-e-type=\"widget\" data-widget_type=\"heading.default\">\n\t\t\t\t<div class=\"elementor-widget-container\">\n\t\t\t\t\t<h1 class=\"elementor-heading-title elementor-size-default\">Un lien<br>qui nous rend<br>meilleurs<\/h1>\t\t\t\t<\/div>\n\t\t\t\t<\/div>\n\t\t\t\t<div class=\"elementor-element elementor-element-3f8087bf elementor-widget elementor-widget-text-editor\" data-id=\"3f8087bf\" data-element_type=\"widget\" data-e-type=\"widget\" data-widget_type=\"text-editor.default\">\n\t\t\t\t<div class=\"elementor-widget-container\">\n\t\t\t\t\t\t\t\t\t<h3><span style=\"color: #ffffff;\">Votre don<\/span><span style=\"color: #ffffff;\"> don est un lien qui nous rend meilleurs, qui nous unit sur le chemin de la connaissance et de la sagesse vers une paix durable.<\/span><\/h3>\t\t\t\t\t\t\t\t<\/div>\n\t\t\t\t<\/div>\n\t\t\t\t<div class=\"elementor-element elementor-element-75007cd0 elementor-widget elementor-widget-text-editor\" data-id=\"75007cd0\" data-element_type=\"widget\" data-e-type=\"widget\" data-widget_type=\"text-editor.default\">\n\t\t\t\t<div class=\"elementor-widget-container\">\n\t\t\t\t\t\t\t\t\t<h5 tabindex=\"1011\" data-tab=\"1\" aria-controls=\"elementor-tab-content-1011\"> <\/h5><h5 id=\"a-qu-contribuye-tu-donacin\" class=\"elementor-tab-title eael-accordion-header show active\" tabindex=\"1011\" data-tab=\"1\" aria-controls=\"elementor-tab-content-1011\"><strong><span class=\"eael-accordion-tab-title\" style=\"color: #ffffff;\">\u00bf<\/span><\/strong><strong><span class=\"eael-accordion-tab-title\" style=\"color: #ffffff;\">A quoi contribue votre don ?<\/span><\/strong><\/h5><div class=\"elementor-tab-title eael-accordion-header show active\" tabindex=\"1011\" data-tab=\"1\" aria-controls=\"elementor-tab-content-1011\"><strong><span style=\"font-size: 16px; color: #ffffff;\">L&#8217;avenir de l&#8217;humanit\u00e9 d\u00e9pend en grande partie de son \u00e9ducation et de sa philosophie de vie.<\/span><\/strong><\/div><div id=\"elementor-tab-content-1011\" class=\"eael-accordion-content clearfix\" data-tab=\"1\" aria-labelledby=\"a-qu-contribuye-tu-donacin\"><p><strong><span style=\"color: #ffffff;\">Inspir\u00e9e par la sagesse de la voie du milieu et les moyens habiles des sciences de la m\u00e9ditation, la Fondation a pour mission de rechercher, de concevoir, de guider et de former \u00e0 un id\u00e9al d&#8217;\u00e9ducation aux valeurs capable de lib\u00e9rer le v\u00e9ritable potentiel des personnes.<\/span><\/strong><\/p><p><span style=\"color: #ffffff;\">Afin d&#8217;atteindre au mieux ses objectifs, la Fondation concentre ses efforts et ses ressources sur <strong>quatre lignes d&#8217;action principales :<\/strong><\/span><\/p><p><strong><span style=\"color: #ffffff;\">1. assurer l&#8217;acc\u00e8s aux sources ancestrales de spiritualit\u00e9<\/span><\/strong><\/p><p><span style=\"color: #ffffff;\"><strong>2. D\u00e9velopper l&#8217;\u00e9ducation et la science<\/strong> pour une v\u00e9ritable compr\u00e9hension de soi et de la vie.<\/span><\/p><p><span style=\"color: #ffffff;\"><strong>3. Prot\u00e9ger avec gratitude et g\u00e9n\u00e9rosit\u00e9 le patrimoine naturel, culturel et spirituel<\/strong> que nous avons h\u00e9rit\u00e9 de nos anc\u00eatres.<\/span><\/p><p><strong><span style=\"color: #ffffff;\">4. Promouvoir la solidarit\u00e9 et l&#8217;altruisme.<\/span><\/strong><\/p><p><span style=\"color: #ffffff;\">En tant qu&#8217;organisation ind\u00e9pendante \u00e0 but non lucratif, nos objectifs sociaux d\u00e9pendent du travail de votre \u00e9quipe et de vos contributions.<\/span><\/p><p> <\/p><\/div>\t\t\t\t\t\t\t\t<\/div>\n\t\t\t\t<\/div>\n\t\t\t\t\t<\/div>\n\t\t<\/div>\n\t\t\t\t<div class=\"elementor-column elementor-col-50 elementor-inner-column elementor-element elementor-element-7eb05425\" data-id=\"7eb05425\" data-element_type=\"column\" data-e-type=\"column\">\n\t\t\t<div class=\"elementor-widget-wrap elementor-element-populated\">\n\t\t\t\t\t\t<div class=\"elementor-element elementor-element-48629994 elementor-widget elementor-widget-shortcode\" data-id=\"48629994\" data-element_type=\"widget\" data-e-type=\"widget\" data-widget_type=\"shortcode.default\">\n\t\t\t\t<div class=\"elementor-widget-container\">\n\t\t\t\t\t\t\t<div class=\"elementor-shortcode\"><div class=\"give-embed-form-wrapper\" id=\"give-69e05cd881a67\"><iframe\n\t\t\t\tname=\"give-embed-form\"\n\t\t\t\tsrc=\"https:\/\/monjesbudistas.org\/fr\/give\/old_monjes-budistas-sakya-tashi-ling-fundacion-privada\/?giveDonationFormInIframe=1\"\n\t\t\t\t\n\t\t\t\tdata-autoScroll=\"0\"\n\t\t\t\tonload=\"if( 'undefined' !== typeof Give ) { Give.initializeIframeResize(this) }\"\n\t\t\t\tstyle=\"border: 0;visibility: hidden;min-height: 645px;\"><\/iframe><div class=\"iframe-loader\">\n<div style=\"\n\t\theight: calc(100% - 28px);\n\t\twidth: calc(100% - 20px);\n\t\tmax-width: 552px;\n\t\tmargin: 10px auto 10px auto;\n\t\tbackground: transparent;\n\t\tborder-radius: 6px;\n\t\tdisplay: flex;\n\t\talign-items: center;\n\t\tjustify-content: center;\n\t\">\n    <div style=\"\n        pointer-events: none;\n        height: 90px;\n        width: 90px;\n        background-image: url(&quot;data:image\/svg+xml;charset=utf8,%3C?xml version='1.0' encoding='utf-8'?%3E%3C!-- Generator: Adobe Illustrator 24.1.0, SVG Export Plug-In . SVG Version: 6.00 Build 0) --%3E%3Csvg version='1.1' id='Layer_1' xmlns='http:\/\/www.w3.org\/2000\/svg' xmlns:xlink='http:\/\/www.w3.org\/1999\/xlink' x='0px' y='0px' viewBox='0 0 349 348' style='enable-background:new 0 0 349 348;' xml:space='preserve'%3E%3Cstyle type='text\/css'%3E .st0{fill:%23703537;} %3C\/style%3E%3Cpath class='st0' d='M25.1,204.57c-13.38,0-24.47-10.6-24.97-24.08C0.04,178.09,0,175.97,0,174C0,77.78,78.28-0.5,174.5-0.5 c13.81,0,25,11.19,25,25s-11.19,25-25,25C105.85,49.5,50,105.35,50,174c0,1.37,0.03,2.85,0.1,4.65c0.51,13.8-10.27,25.39-24.07,25.9 C25.72,204.56,25.41,204.57,25.1,204.57z'\/%3E%3Cpath class='st0' d='M174.5,348.5c-13.81,0-25-11.19-25-25c0-13.81,11.19-25,25-25c68.65,0,124.5-55.85,124.5-124.5 c0-1.38-0.03-2.85-0.1-4.65c-0.51-13.8,10.26-25.4,24.06-25.91c13.83-0.53,25.4,10.26,25.91,24.06c0.09,2.39,0.13,4.51,0.13,6.49 C349,270.22,270.72,348.5,174.5,348.5z'\/%3E%3C\/svg%3E&quot;);\n        animation: spin 0.6s linear infinite;\n        \"><\/div>\n<\/div>\n<\/div><\/div><\/div>\n\t\t\t\t\t\t<\/div>\n\t\t\t\t<\/div>\n\t\t\t\t\t<\/div>\n\t\t<\/div>\n\t\t\t\t\t<\/div>\n\t\t<\/section>\n\t\t\t\t\t<\/div>\n\t\t<\/div>\n\t\t\t\t\t<\/div>\n\t\t<\/section>\n\t\t\t\t<\/div>\n\t\t","protected":false},"excerpt":{"rendered":"<p>Un lienqui nous rendmeilleurs Votre don don est un lien qui nous rend meilleurs, qui nous unit sur le chemin de la connaissance et de la sagesse vers une paix durable. \u00bfA quoi contribue votre don ? L&#8217;avenir de l&#8217;humanit\u00e9 d\u00e9pend en grande partie de son \u00e9ducation et de sa philosophie de vie. Inspir\u00e9e par [&hellip;]<\/p>\n","protected":false},"author":2,"featured_media":0,"parent":1093840000005983,"menu_order":0,"comment_status":"closed","ping_status":"closed","template":"","meta":{"give_campaign_id":0,"footnotes":""},"class_list":["post-1093840000005972","page","type-page","status-publish","hentry"],"campaignId":"","_links":{"self":[{"href":"https:\/\/monjesbudistas.org\/fr\/wp-json\/wp\/v2\/pages\/1093840000005972","targetHints":{"allow":["GET"]}}],"collection":[{"href":"https:\/\/monjesbudistas.org\/fr\/wp-json\/wp\/v2\/pages"}],"about":[{"href":"https:\/\/monjesbudistas.org\/fr\/wp-json\/wp\/v2\/types\/page"}],"author":[{"embeddable":true,"href":"https:\/\/monjesbudistas.org\/fr\/wp-json\/wp\/v2\/users\/2"}],"replies":[{"embeddable":true,"href":"https:\/\/monjesbudistas.org\/fr\/wp-json\/wp\/v2\/comments?post=1093840000005972"}],"version-history":[{"count":1,"href":"https:\/\/monjesbudistas.org\/fr\/wp-json\/wp\/v2\/pages\/1093840000005972\/revisions"}],"predecessor-version":[{"id":1093840000005976,"href":"https:\/\/monjesbudistas.org\/fr\/wp-json\/wp\/v2\/pages\/1093840000005972\/revisions\/1093840000005976"}],"up":[{"embeddable":true,"href":"https:\/\/monjesbudistas.org\/fr\/wp-json\/wp\/v2\/pages\/1093840000005983"}],"wp:attachment":[{"href":"https:\/\/monjesbudistas.org\/fr\/wp-json\/wp\/v2\/media?parent=1093840000005972"}],"curies":[{"name":"wp","href":"https:\/\/api.w.org\/{rel}","templated":true}]}}