{"id":1093840000005955,"date":"2024-05-28T16:19:41","date_gmt":"2024-05-28T14:19:41","guid":{"rendered":"https:\/\/monjesbudistas.org\/conditions-generales-dutilisation\/"},"modified":"2025-05-27T13:04:36","modified_gmt":"2025-05-27T11:04:36","slug":"conditions-generales-dutilisation","status":"publish","type":"page","link":"https:\/\/monjesbudistas.org\/fr\/conditions-generales-dutilisation\/","title":{"rendered":"Conditions g\u00e9n\u00e9rales d&#8217;utilisation"},"content":{"rendered":"\t\t<div data-elementor-type=\"wp-page\" data-elementor-id=\"1093840000005955\" class=\"elementor elementor-1093840000005955 elementor-2112\" data-elementor-post-type=\"page\">\n\t\t\t\t<div class=\"elementor-element elementor-element-7f83beb2 e-flex e-con-boxed e-con e-parent\" data-id=\"7f83beb2\" data-element_type=\"container\" data-e-type=\"container\" data-settings=\"{&quot;jet_parallax_layout_list&quot;:[]}\">\n\t\t\t\t\t<div class=\"e-con-inner\">\n\t\t\t\t<div class=\"elementor-element elementor-element-1900f9f5 elementor-widget elementor-widget-text-editor\" data-id=\"1900f9f5\" data-element_type=\"widget\" data-e-type=\"widget\" data-widget_type=\"text-editor.default\">\n\t\t\t\t<div class=\"elementor-widget-container\">\n\t\t\t\t\t\t\t\t\t<p><\/p>\n<h3><b>Conditions g\u00e9n\u00e9rales d&#8217;utilisation  <\/b><\/h3>\n<p><span style=\"font-weight: 400;\">ENTIT\u00c9 ORGANISATRICE : Fundaci\u00f3 Monjos Budistes Sakya Tashi Ling. Avinguda Plana Novella s\/n, 08818 Olivella, Barcelona. www.monjesbudistas.org. C.I.F G63697304, inscrite au Registre et Conseil des entit\u00e9s l\u00e9gales de la Generalitat de Catalunya, inscription 2066.   <\/span><\/p>\n<p><span style=\"font-weight: 400;\">Les pr\u00e9sentes conditions g\u00e9n\u00e9rales entrent en vigueur le 1er f\u00e9vrier 2014 et sont r\u00e9vis\u00e9es et mises \u00e0 jour r\u00e9guli\u00e8rement.  <\/span><\/p>\n<p><span style=\"font-weight: 400;\">L&#8217;acceptation des pr\u00e9sentes conditions g\u00e9n\u00e9rales constitue l&#8217;acceptation par le participant, en son nom et au nom de toutes les personnes pour lesquelles il effectue la r\u00e9servation.<\/span><span style=\"font-weight: 400;\">&#8211;<\/span><\/p>\n<p> <\/p>\n<ol>\n<li><b>  Site web.<\/b><b><br><\/b><span style=\"font-weight: 400;\">Ce site web est un guide g\u00e9n\u00e9ral. Son contenu a \u00e9t\u00e9 soigneusement pr\u00e9par\u00e9. L&#8217;Organisateur d\u00e9cline toute responsabilit\u00e9 en cas d&#8217;omissions ou d&#8217;erreurs \u00e9ventuelles.  <\/span><\/li>\n<li><b>  Localisation.<\/b><b><br><\/b><span style=\"font-weight: 400;\">Aux fins du pr\u00e9sent document, les MONAST\u00c8RES sont le monast\u00e8re de Garraf, Olivella, Barcelone, ainsi que le monast\u00e8re de Castell\u00f3n, Vall d&#8217;Alba, Castell\u00f3n (ouvert au public uniquement pour des activit\u00e9s concert\u00e9es), tous deux en Espagne, et le monast\u00e8re de Cuzco, Valle Sagrado, Caicay, Cuzco, au P\u00e9rou (non ouvert au public).<\/span><\/li>\n<\/ol>\n<p style=\"padding-left: 40px;\"><span style=\"font-weight: 400;\">Ces conditions se r\u00e9f\u00e8rent principalement \u00e0 l&#8217;activit\u00e9 propos\u00e9e au monast\u00e8re du Garraf, qui est ouvert au public.<\/span><\/p>\n<ol start=\"3\">\n<li><b>  Clauses g\u00e9n\u00e9rales.<\/b><\/li>\n<\/ol>\n<p style=\"padding-left: 40px;\"><span style=\"font-weight: 400;\">3.1 Animaux et animaux de compagnie.<\/span><span style=\"font-weight: 400;\"><br><\/span><span style=\"font-weight: 400;\">Les animaux domestiques et les animaux de compagnie sont les bienvenus dans les zones d&#8217;acc\u00e8s libre des monast\u00e8res, \u00e0 condition qu&#8217;ils soient tenus en laisse et que leurs propri\u00e9taires veillent \u00e0 ce qu&#8217;ils ne d\u00e9rangent pas les autres personnes et n&#8217;endommagent pas le site. Ils sont \u00e9galement les bienvenus sur les terrasses du monast\u00e8re o\u00f9 se trouve le restaurant. <\/span><\/p>\n<p style=\"padding-left: 40px;\"><span style=\"font-weight: 400;\">A cet effet, nous disposons d&#8217;une fontaine pour les animaux domestiques (chiens, chats) dans la cour de Los Limoneros.<\/span><\/p>\n<p style=\"padding-left: 40px;\"><span style=\"font-weight: 400;\">Pendant la visite guid\u00e9e, les animaux ne peuvent entrer dans le palais que si leur propri\u00e9taire peut les porter dans ses bras. Pour les autres activit\u00e9s propos\u00e9es, comme le cours d&#8217;initiation \u00e0 la m\u00e9ditation bouddhiste et les retraites, les animaux ne sont pas admis dans la salle d&#8217;entra\u00eenement. <\/span><\/p>\n<p style=\"padding-left: 40px;\"><span style=\"font-weight: 400;\">3.2. S\u00e9curit\u00e9 des enfants ou des mineurs<\/span><span style=\"font-weight: 400;\"><br><\/span><span style=\"font-weight: 400;\">Les parents ou les personnes en charge doivent s&#8217;assurer que les enfants sont toujours sous la garde d&#8217;un adulte responsable pendant leur s\u00e9jour dans les monast\u00e8res. Les monast\u00e8res ne sont pas responsables de la garde des enfants ou des mineurs. <\/span><\/p>\n<p style=\"padding-left: 40px;\"><span style=\"font-weight: 400;\">Les enfants de moins de douze ans peuvent participer \u00e0 la visite guid\u00e9e accompagn\u00e9s d&#8217;un adulte. Les cours d&#8217;initiation \u00e0 la m\u00e9ditation bouddhiste et les retraites sont des activit\u00e9s destin\u00e9es aux adultes.  <\/span><\/p>\n<p style=\"padding-left: 40px;\"><span style=\"font-weight: 400;\">3.3 Perte ou endommagement des biens du monast\u00e8re.<\/span><span style=\"font-weight: 400;\"><br><\/span><span style=\"font-weight: 400;\">En cas de dommages physiques et\/ou de d\u00e9t\u00e9rioration caus\u00e9s par n\u00e9gligence ou intentionnellement affectant les biens ou les installations des monast\u00e8res, le participant s&#8217;engage \u00e0 les signaler dans les plus brefs d\u00e9lais \u00e0 la personne responsable de l&#8217;organisation si elle est disponible ou, \u00e0 d\u00e9faut, \u00e0 l&#8217;\u00e9quipe de la librairie. Les frais de r\u00e9paration, de remplacement ou de remise en \u00e9tat de tout dommage ou d\u00e9t\u00e9rioration r\u00e9sultant d&#8217;une telle action sont \u00e0 sa charge. <\/span><\/p>\n<p style=\"padding-left: 40px;\"><span style=\"font-weight: 400;\">3.4 Biens personnels.<\/span><span style=\"font-weight: 400;\"><br><\/span><span style=\"font-weight: 400;\">Les monast\u00e8res prendront toutes les mesures raisonnables pour assurer la s\u00e9curit\u00e9 des visiteurs et de leurs biens. Cependant, il est de la responsabilit\u00e9 du visiteur de s&#8217;assurer qu&#8217;il garde son argent et ses objets de valeur sur lui. <\/span><span style=\"font-weight: 400;\"><br><\/span><span style=\"font-weight: 400;\">Ni les organisateurs, ni le centre, ni ses employ\u00e9s ou b\u00e9n\u00e9voles ne peuvent \u00eatre tenus responsables de tout dommage ou perte de biens, d&#8217;objets de valeur ou d&#8217;argent de quelque nature que ce soit, y compris (mais sans s&#8217;y limiter) les bagages, les bijoux, les documents, les v\u00e9hicules \u00e0 moteur et l&#8217;\u00e9quipement \u00e9lectronique, ou d&#8217;autres biens en g\u00e9n\u00e9ral.<\/span><\/p>\n<p style=\"padding-left: 40px;\"><span style=\"font-weight: 400;\">3.5 Automobiles.<\/span><span style=\"font-weight: 400;\"><br><\/span><span style=\"font-weight: 400;\">Les voitures des participants s\u00e9journant dans les monast\u00e8res et des visiteurs en g\u00e9n\u00e9ral doivent \u00eatre gar\u00e9es dans le parking mis \u00e0 disposition par les monast\u00e8res. Les monast\u00e8res n&#8217;offrent pas de service de gardiennage ; toutes les voitures sont gar\u00e9es sous la responsabilit\u00e9 de leurs propri\u00e9taires ou des participants. <\/span><\/p>\n<ol start=\"4\">\n<li><b>  Contrats pour les visites, les classes, les retraites et les activit\u00e9s g\u00e9n\u00e9rales<\/b><b><br><\/b><span style=\"font-weight: 400;\">Tous les contrats d&#8217;activit\u00e9s ou de r\u00e9servations sont conclus avec l&#8217;entit\u00e9 organisatrice.<\/span><span style=\"font-weight: 400;\"><br><\/span><span style=\"font-weight: 400;\">Le contrat d&#8217;activit\u00e9 ou la r\u00e9servation ne sera conclu qu&#8217;une fois le paiement correspondant effectu\u00e9. Les activit\u00e9s peuvent \u00eatre r\u00e9serv\u00e9es sur le site web   <\/span><a href=\"http:\/\/www.monjesbudistas.org\"><span style=\"font-weight: 400;\">www.monjesbudistas.org<\/span><\/a><span style=\"font-weight: 400;\"> ou en personne \u00e0 la librairie du monast\u00e8re, dans la limite des stocks disponibles.<\/span><span style=\"font-weight: 400;\"><br><\/span><span style=\"font-weight: 400;\">En effectuant une r\u00e9servation, vous reconnaissez avoir le pouvoir d&#8217;engager toutes les personnes incluses dans votre r\u00e9servation de groupe \u00e0 respecter les pr\u00e9sentes conditions g\u00e9n\u00e9rales. La personne qui effectue la r\u00e9servation est enti\u00e8rement et exclusivement responsable de l&#8217;exactitude de tous les d\u00e9tails fournis. <\/span><span style=\"font-weight: 400;\"><br><\/span><span style=\"font-weight: 400;\">Les places pour toutes les activit\u00e9s sont limit\u00e9es et les r\u00e9servations seront faites sur la base du premier arriv\u00e9, premier servi. Les r\u00e9ductions sur le prix des packs d&#8217;exp\u00e9riences ne seront appliqu\u00e9es que si elles sont r\u00e9serv\u00e9es dans l&#8217;ordre o\u00f9 elles sont re\u00e7ues.   <\/span><span style=\"font-weight: 400;\">par l&#8217;interm\u00e9diaire du site web <\/span><a href=\"http:\/\/www.monjesbudistas.org\"><span style=\"font-weight: 400;\">www.monjesbudistas.org.<\/span><\/a><\/li>\n<\/ol>\n<ol start=\"5\">\n<li><b>  Modifications ou annulation par les organisateurs pour cause de force majeure.<\/b><b><br><\/b><span style=\"font-weight: 400;\">Si l&#8217;ORGANISATEUR communique l&#8217;annulation ou la suppression de r\u00e9servations ou d&#8217;activit\u00e9s pour des raisons de force majeure, c&#8217;est-\u00e0-dire des circonstances ind\u00e9pendantes de la volont\u00e9 de la personne qui les invoque et dont les cons\u00e9quences n&#8217;auraient pas pu \u00eatre \u00e9vit\u00e9es malgr\u00e9 la diligence requise, la r\u00e9servation sera annul\u00e9e et se d\u00e9roulera selon la proc\u00e9dure administrative ordinaire. Si de telles circonstances surviennent, elles seront communiqu\u00e9es, si possible, par courrier \u00e9lectronique ou par t\u00e9l\u00e9phone. <\/span><\/li>\n<\/ol>\n<ol start=\"6\">\n<li><b>  Politique d&#8217;annulation et de remboursement.<\/b><\/li>\n<\/ol>\n<p style=\"padding-left: 40px;\"><em><span style=\"font-weight: 400;\">Visite guid\u00e9e, introduction \u00e0 la m\u00e9ditation bouddhiste en classe et packs d&#8217;exp\u00e9riences<\/span><\/em><\/p>\n<p style=\"padding-left: 80px;\"><span style=\"font-weight: 400;\">Les r\u00e9servations pour la visite guid\u00e9e et la classe d&#8217;introduction \u00e0 la m\u00e9ditation sont des activit\u00e9s r\u00e9guli\u00e8res qui peuvent \u00eatre reprogramm\u00e9es \u00e0 la demande du visiteur, mais elles ne sont pas remboursables.  <\/span><\/p>\n<p style=\"padding-left: 80px;\"><span style=\"font-weight: 400;\">Si vous souhaitez proc\u00e9der au changement de date, veuillez nous contacter \u00e0 l&#8217;adresse suivante <\/span><a href=\"mailto:info@monjesbudistas.org\"><span style=\"font-weight: 400;\">info@monjesbudistas.org<\/span><\/a><span style=\"font-weight: 400;\">.<\/span><\/p>\n<p style=\"padding-left: 80px;\"><span style=\"font-weight: 400;\">Les r\u00e9ductions sur le prix des packs d&#8217;exp\u00e9riences seront appliqu\u00e9es exclusivement lorsqu&#8217;ils sont contract\u00e9s par le biais du site web. <\/span><span style=\"font-weight: 400;\">par le biais du site web <\/span><a href=\"http:\/\/www.monjesbudistas.org\"><span style=\"font-weight: 400;\">www.monjesbudistas.org.<\/span><\/a><\/p>\n<p style=\"padding-left: 40px;\"><em><span style=\"font-weight: 400;\">Retraite pour la paix int\u00e9rieure<\/span><\/em><\/p>\n<p style=\"padding-left: 80px;\"><span style=\"font-weight: 400;\">Si vous devez annuler votre r\u00e9servation pour une retraite de paix int\u00e9rieure, veuillez contacter l&#8217;ORGANISATEUR d\u00e8s que possible, afin que votre r\u00e9servation puisse \u00eatre attribu\u00e9e \u00e0 une autre personne, en \u00e9crivant \u00e0 cette adresse \u00e9lectronique info@monjesbudistas.org.<\/span><\/p>\n<p style=\"padding-left: 80px;\"><span style=\"font-weight: 400;\">Le montant \u00e0 rembourser en cas de d\u00e9sistement varie en fonction de la date d&#8217;annulation comme suit (il sera appliqu\u00e9 sur la valeur de la r\u00e9servation de l&#8217;\u00e9v\u00e9nement) :<\/span><\/p>\n<p style=\"padding-left: 80px;\"><span style=\"font-weight: 400;\">31 jours ou plus avant l \u00ab \u00e9v\u00e9nement : remboursement de 80 % (20 % de frais d&#8217;annulation)<\/span><span style=\"font-weight: 400;\"><br><\/span><span style=\"font-weight: 400;\">30-15 jours avant l \u00bb \u00e9v\u00e9nement : remboursement \u00e0 75 % (25 % de frais d&#8217;annulation)<\/span><span style=\"font-weight: 400;\"><br><\/span><span style=\"font-weight: 400;\">14-8 jours avant l \u00ab \u00e9v\u00e9nement : remboursement de 50 % (50 % de frais d&#8217;annulation)<\/span><span style=\"font-weight: 400;\"><br><\/span><span style=\"font-weight: 400;\">7 jours avant l \u00bb \u00e9v\u00e9nement : aucun remboursement ne sera effectu\u00e9.<\/span><\/p>\n<p style=\"padding-left: 80px;\"><span style=\"font-weight: 400;\">Deux changements de date au maximum seront accept\u00e9s dans une p\u00e9riode maximale de six mois, \u00e0 compter de la date de la premi\u00e8re r\u00e9servation. \u00c0 la fin de la p\u00e9riode de six mois, la r\u00e9servation non utilis\u00e9e expirera sans aucun droit de r\u00e9clamation et sans droit \u00e0 un remboursement ou \u00e0 une prise en charge. Les annulations apr\u00e8s un premier report et les demandes de remboursement seront consid\u00e9r\u00e9es comme ayant \u00e9t\u00e9 effectu\u00e9es 8 jours avant l&#8217;\u00e9v\u00e9nement dans tous les cas, ou selon le tableau ci-dessus.  <\/span><\/p>\n<p style=\"padding-left: 80px;\"><span style=\"font-weight: 400;\">La non-utilisation des services d&#8217;h\u00e9bergement ou de restauration ne dispense pas du paiement int\u00e9gral du tarif convenu. L&#8217;arriv\u00e9e tardive ou le d\u00e9part anticip\u00e9 ne donne lieu \u00e0 aucun remboursement. <\/span><\/p>\n<p style=\"padding-left: 40px;\"><em><span style=\"font-weight: 400;\">Apprendre \u00e0 m\u00e9diter (formations)<\/span><\/em><\/p>\n<p style=\"padding-left: 80px;\"><span style=\"font-weight: 400;\">La formation \u00e0 l&#8217;apprentissage de la m\u00e9ditation \u00e0 l&#8217;Institut de la conscience, unit\u00e9 acad\u00e9mique des moines bouddhistes Sakya Tashi Ling (entit\u00e9 organisatrice), comprend les cycles de formation Fondements de la m\u00e9ditation, Quatre nobles v\u00e9rit\u00e9s et les quatre textes de l&#8217;\u00e9tape mahayana. Le processus d&#8217;admission est effectu\u00e9 avant l&#8217;inscription \u00e0 chacun des cycles.  La r\u00e9servation d&#8217;une place dans le cycle de formation n&#8217;est pas effectu\u00e9e tant que les frais d&#8217;inscription n&#8217;ont pas \u00e9t\u00e9 pay\u00e9s par l&#8217;un des moyens de paiement disponibles.<\/span><\/p>\n<p style=\"padding-left: 80px;\"><span style=\"font-weight: 400;\">La politique d&#8217;annulation s&#8217;applique \u00e0 tous les \u00e9tudiants qui ont formalis\u00e9 leur inscription en payant les frais d&#8217;inscription au cours de formation Les fondements de la m\u00e9ditation.<\/span><\/p>\n<p style=\"padding-left: 80px;\"><span style=\"font-weight: 400;\">Pour les \u00e9tudiants inscrits \u00e0 des cycles ult\u00e9rieurs du programme, aucun remboursement n&#8217;est autoris\u00e9. Dans ce cas, il est possible de modifier les dates sans frais pour l&#8217;\u00e9tudiant. <\/span><\/p>\n<p style=\"padding-left: 80px;\"><span style=\"font-weight: 400;\">Annulation de l&#8217;inscription par l&#8217;\u00e9tudiant : Tout \u00e9tudiant souhaitant annuler son inscription doit en informer l&#8217;Institut de la conscience de la Fondation des moines bouddhistes Sakya Tashy Ling par \u00e9crit, par courrier \u00e9lectronique (<\/span><a href=\"mailto:instituto@monjesbudistas.org\"><span style=\"font-weight: 400;\">instituto@monjesbudistas.org<\/span><\/a><span style=\"font-weight: 400;\">). Elle doit mentionner le num\u00e9ro de commande (re\u00e7u lors de la formalisation de l&#8217;inscription), le nom et le pr\u00e9nom, la ville, le num\u00e9ro de t\u00e9l\u00e9phone, les coordonn\u00e9es qui apparaissent lors de la formalisation de l&#8217;inscription.<\/span><\/p>\n<p style=\"padding-left: 80px;\"><span style=\"font-weight: 400;\">Toute demande d&#8217;annulation communiqu\u00e9e par d&#8217;autres moyens que ceux mentionn\u00e9s ci-dessus ne sera pas accept\u00e9e.<\/span><\/p>\n<p style=\"padding-left: 80px;\"><span style=\"font-weight: 400;\">Remboursement des frais d&#8217;inscription : si l&#8217;\u00e9tudiant demande l&#8217;annulation des frais d&#8217;inscription dans un d\u00e9lai maximum de quatorze (14) jours calendaires \u00e0 compter de la date de sa formalisation, les frais d&#8217;inscription seront rembours\u00e9s moins 80 euros \u00e0 titre de &#8220;frais administratifs&#8221;.<\/span><\/p>\n<p style=\"padding-left: 80px;\"><span style=\"font-weight: 400;\">Pass\u00e9 le d\u00e9lai de quatorze (14) jours calendaires, aucun remboursement ne sera accept\u00e9. Une fois le cours commenc\u00e9, quelle que soit la date \u00e0 laquelle l&#8217;inscription a \u00e9t\u00e9 formalis\u00e9e, aucun remboursement n&#8217;est accept\u00e9. <\/span><\/p>\n<p style=\"padding-left: 80px;\"><span style=\"font-weight: 400;\">D\u00e9lais de remboursement des frais de scolarit\u00e9 : Les remboursements seront effectu\u00e9s dans un d\u00e9lai de quatorze (14) jours calendaires, \u00e0 compter de la date de r\u00e9ception de la demande correspondante. Le remboursement sera effectu\u00e9 par virement sur le num\u00e9ro de compte indiqu\u00e9 par l&#8217;\u00e9tudiant. <\/span><\/p>\n<ol start=\"7\">\n<li><b>  Comportement pendant les activit\u00e9s<\/b><\/li>\n<\/ol>\n<p style=\"padding-left: 40px;\"><span style=\"font-weight: 400;\">L&#8217;ENTIT\u00c9 ORGANISATRICE se r\u00e9serve le droit d&#8217;admission. Toute personne dont le comportement est source de g\u00eane ou de trouble de l&#8217;ordre public sera pri\u00e9e de quitter les lieux. Si n\u00e9cessaire, les forces de l&#8217;ordre seront pr\u00e9venues.  <\/span><\/p>\n<p style=\"padding-left: 40px;\"><span style=\"font-weight: 400;\">En outre, en entrant dans les monast\u00e8res Sakya Tashi Ling, outre le respect de l&#8217;environnement et la coexistence avec les personnes qui s&#8217;y trouvent, vous vous engagez, pendant votre s\u00e9jour, \u00e0 ne pas adopter les comportements suivants :<\/span><\/p>\n<ul>\n<li style=\"list-style-type: none;\">\n<ul>\n<li style=\"font-weight: 400;\" aria-level=\"1\"><span style=\"font-weight: 400;\">Provoquer des d\u00e9sagr\u00e9ments ou des perturbations<\/span><\/li>\n<li style=\"font-weight: 400;\" aria-level=\"1\"><span style=\"font-weight: 400;\">Comportement agressif ou violent<\/span><\/li>\n<li style=\"font-weight: 400;\" aria-level=\"1\"><span style=\"font-weight: 400;\">Acc\u00e8s aux zones r\u00e9serv\u00e9es au personnel<\/span><\/li>\n<\/ul>\n<\/li>\n<\/ul>\n<p style=\"padding-left: 40px;\"><span style=\"font-weight: 400;\">En outre, les personnes qui p\u00e9n\u00e8trent \u00e0 l&#8217;int\u00e9rieur du Palais, de la chapelle ou de la salle de m\u00e9ditation pendant les activit\u00e9s doivent s&#8217;abstenir de prendre des photos \u00e0 l&#8217;int\u00e9rieur des espaces.<\/span><\/p>\n<p style=\"padding-left: 40px;\"><span style=\"font-weight: 400;\">En outre, nous vous demandons d&#8217;observer les pr\u00e9ceptes bouddhistes suivants lors de votre participation \u00e0 un \u00e9v\u00e9nement et\/ou de votre s\u00e9jour dans les monast\u00e8res :<\/span><\/p>\n<ul>\n<li style=\"list-style-type: none;\">\n<ul>\n<li style=\"font-weight: 400;\" aria-level=\"1\"><span style=\"font-weight: 400;\">Respecter toutes les formes de vie. Ne pas tuer ou blesser un \u00eatre. <\/span><\/li>\n<li style=\"font-weight: 400;\" aria-level=\"1\"><span style=\"font-weight: 400;\">Respecter les biens d&#8217;autrui. Ne pas voler. <\/span><\/li>\n<li style=\"font-weight: 400;\" aria-level=\"1\"><span style=\"font-weight: 400;\">Ne pas mentir<\/span><\/li>\n<li style=\"font-weight: 400;\" aria-level=\"1\"><span style=\"font-weight: 400;\">Ne pas faire souffrir qui que ce soit en raison d&#8217;un comportement ou d&#8217;une pratique sexuelle.<\/span><\/li>\n<li style=\"font-weight: 400;\" aria-level=\"1\"><span style=\"font-weight: 400;\">Respecter son propre corps et tous les \u00eatres. Ne pas consommer de substances enivrantes. <\/span><\/li>\n<\/ul>\n<\/li>\n<\/ul>\n<p style=\"padding-left: 40px;\"><span style=\"font-weight: 400;\">Toute personne qui, en raison d&#8217;un comportement inappropri\u00e9, doit quitter les monast\u00e8res ne peut pr\u00e9tendre \u00e0 aucun remboursement ni \u00e0 aucune r\u00e9clamation de quelque nature que ce soit.<\/span><\/p>\n<ol start=\"8\">\n<li> <b> Accessibilit\u00e9, probl\u00e8mes de sant\u00e9, alimentation<\/b><b><br><\/b><span style=\"font-weight: 400;\">Si vous souffrez d&#8217;un handicap ou d&#8217;une maladie n\u00e9cessitant une assistance particuli\u00e8re lors de votre visite au monast\u00e8re, il est essentiel que vous en informiez les organisateurs en envoyant un courriel avant votre visite \u00e0 <\/span><a href=\"mailto:info@monjesbudistas.org\"><span style=\"font-weight: 400;\">info@monjesbudistas.org<\/span><\/a><span style=\"font-weight: 400;\">.<\/span><\/li>\n<\/ol>\n<p style=\"padding-left: 40px;\"><span style=\"font-weight: 400;\">Les organisateurs, selon leur meilleur jugement et dans le but de favoriser la pr\u00e9sence du participant, \u00e9valueront s&#8217;ils disposent des conditions n\u00e9cessaires pour fournir l&#8217;assistance demand\u00e9e ou des conditions sp\u00e9ciales requises pour veiller \u00e0 la sant\u00e9 et au confort du participant.<\/span><\/p>\n<p style=\"padding-left: 40px;\"><span style=\"font-weight: 400;\">Le restaurant ainsi que les services de restauration compl\u00e9mentaires pendant la retraite ou d&#8217;autres activit\u00e9s proposent une cuisine v\u00e9g\u00e9tarienne et non v\u00e9g\u00e9tarienne. Malheureusement, nous ne sommes pas en mesure de proposer des menus pour des r\u00e9gimes sp\u00e9ciaux ou des exigences di\u00e9t\u00e9tiques. Les personnes qui ont des restrictions alimentaires pour des raisons m\u00e9dicales ou de sant\u00e9 doivent \u00e9valuer elles-m\u00eames la pertinence de la nourriture propos\u00e9e au monast\u00e8re. Il est entendu qu&#8217;au moment de la r\u00e9servation, chaque personne a \u00e9t\u00e9 inform\u00e9e de ce fait et assume le risque de manger la nourriture propos\u00e9e. Sur la carte du restaurant, nous indiquons les allerg\u00e8nes de chaque aliment propos\u00e9. Le visiteur exon\u00e8re \u00e9galement les ORGANISATEURS de toute responsabilit\u00e9 \u00e0 cet \u00e9gard.     <\/span><\/p>\n<p><\/p>\t\t\t\t\t\t\t\t<\/div>\n\t\t\t\t<\/div>\n\t\t\t\t\t<\/div>\n\t\t\t\t<\/div>\n\t\t\t\t<\/div>\n\t\t","protected":false},"excerpt":{"rendered":"<p>Conditions g\u00e9n\u00e9rales d&#8217;utilisation ENTIT\u00c9 ORGANISATRICE : Fundaci\u00f3 Monjos Budistes Sakya Tashi Ling. Avinguda Plana Novella s\/n, 08818 Olivella, Barcelona. www.monjesbudistas.org. C.I.F G63697304, inscrite au Registre et Conseil des entit\u00e9s l\u00e9gales de la Generalitat de Catalunya, inscription 2066. Les pr\u00e9sentes conditions g\u00e9n\u00e9rales entrent en vigueur le 1er f\u00e9vrier 2014 et sont r\u00e9vis\u00e9es et mises \u00e0 jour [&hellip;]<\/p>\n","protected":false},"author":3,"featured_media":0,"parent":0,"menu_order":0,"comment_status":"closed","ping_status":"closed","template":"","meta":{"give_campaign_id":0,"footnotes":""},"class_list":["post-1093840000005955","page","type-page","status-publish","hentry"],"campaignId":"","_links":{"self":[{"href":"https:\/\/monjesbudistas.org\/fr\/wp-json\/wp\/v2\/pages\/1093840000005955","targetHints":{"allow":["GET"]}}],"collection":[{"href":"https:\/\/monjesbudistas.org\/fr\/wp-json\/wp\/v2\/pages"}],"about":[{"href":"https:\/\/monjesbudistas.org\/fr\/wp-json\/wp\/v2\/types\/page"}],"author":[{"embeddable":true,"href":"https:\/\/monjesbudistas.org\/fr\/wp-json\/wp\/v2\/users\/3"}],"replies":[{"embeddable":true,"href":"https:\/\/monjesbudistas.org\/fr\/wp-json\/wp\/v2\/comments?post=1093840000005955"}],"version-history":[{"count":3,"href":"https:\/\/monjesbudistas.org\/fr\/wp-json\/wp\/v2\/pages\/1093840000005955\/revisions"}],"predecessor-version":[{"id":1093840000005960,"href":"https:\/\/monjesbudistas.org\/fr\/wp-json\/wp\/v2\/pages\/1093840000005955\/revisions\/1093840000005960"}],"wp:attachment":[{"href":"https:\/\/monjesbudistas.org\/fr\/wp-json\/wp\/v2\/media?parent=1093840000005955"}],"curies":[{"name":"wp","href":"https:\/\/api.w.org\/{rel}","templated":true}]}}