{"id":1093840000005951,"date":"2024-05-28T16:26:24","date_gmt":"2024-05-28T14:26:24","guid":{"rendered":"https:\/\/monjesbudistas.org\/politique-de-confidentialite\/"},"modified":"2025-05-27T13:04:36","modified_gmt":"2025-05-27T11:04:36","slug":"politique-de-confidentialite","status":"publish","type":"page","link":"https:\/\/monjesbudistas.org\/fr\/politique-de-confidentialite\/","title":{"rendered":"Politique de confidentialit\u00e9"},"content":{"rendered":"\t\t<div data-elementor-type=\"wp-page\" data-elementor-id=\"1093840000005951\" class=\"elementor elementor-1093840000005951 elementor-2118\" data-elementor-post-type=\"page\">\n\t\t\t\t<div class=\"elementor-element elementor-element-58d49817 e-flex e-con-boxed e-con e-parent\" data-id=\"58d49817\" data-element_type=\"container\" data-e-type=\"container\" data-settings=\"{&quot;jet_parallax_layout_list&quot;:[]}\">\n\t\t\t\t\t<div class=\"e-con-inner\">\n\t\t\t\t<div class=\"elementor-element elementor-element-2d614f90 elementor-widget elementor-widget-text-editor\" data-id=\"2d614f90\" data-element_type=\"widget\" data-e-type=\"widget\" data-widget_type=\"text-editor.default\">\n\t\t\t\t<div class=\"elementor-widget-container\">\n\t\t\t\t\t\t\t\t\t\n<h2 class=\"wp-block-heading\">Clauses d&#8217;information.<\/h2>\n\n<h5 class=\"wp-block-heading\"><strong>CLAUSE INFORMATIVE RGPD ET LSSI-CE<\/strong><\/h5>\n\n<p>Conform\u00e9ment aux dispositions de la l\u00e9gislation en vigueur en mati\u00e8re de protection des donn\u00e9es \u00e0 caract\u00e8re personnel, nous vous informons que vos donn\u00e9es seront incorpor\u00e9es au syst\u00e8me de traitement appartenant \u00e0 FUNDACI\u00d3 MONJOS BUDDHISTS SAKYA TASHI LING avec CIF G63697304 et si\u00e8ge social situ\u00e9 Av\/ PLANA NOVELLA S\/N 08818, OLIVELLA (BARCELONA), afin de respecter les engagements d\u00e9coulant de la relation que nous entretenons avec vous. Conform\u00e9ment \u00e0 la l\u00e9gislation en vigueur, la FUNDACI\u00d3 MONJOS BUDISTES SAKYA TASHI LING informe que les donn\u00e9es seront conserv\u00e9es pendant la p\u00e9riode strictement n\u00e9cessaire au respect des pr\u00e9ceptes susmentionn\u00e9s. <\/p>\n\n<p>La FUNDACI\u00d3 MONJOS BUDDHISTS SAKYA TASHI LING informe qu&#8217;elle proc\u00e9dera au traitement des donn\u00e9es de mani\u00e8re l\u00e9gale, loyale, transparente, ad\u00e9quate, pertinente, limit\u00e9e, exacte et mise \u00e0 jour. Pour cette raison, FUNDACI\u00d3 MONJOS BUDDHISTS SAKYA TASHI LING s&#8217;engage \u00e0 adopter toutes les mesures raisonnables pour que les donn\u00e9es soient supprim\u00e9es ou rectifi\u00e9es sans d\u00e9lai lorsqu&#8217;elles sont inexactes. <\/p>\n<p>En donnant votre consentement, vous acceptez que vos donn\u00e9es personnelles soient partag\u00e9es avec des entit\u00e9s qui font partie de notre communaut\u00e9, afin de maintenir une communication coh\u00e9rente et de faciliter la gestion des activit\u00e9s et des services. Ces entit\u00e9s sont les suivantes <\/p>\n<ul>\n<li>Communaut\u00e9 bouddhiste Sakya Tashi Ling &#8211; Entit\u00e9 religieuse<\/li>\n<li>Monjos Budistes Sakya Tashi Ling &#8211; Fondation priv\u00e9e<\/li>\n<li>Colonia-Agr\u00edcola Plana Novella &#8211; TBB Healthy S.L.U.<\/li>\n<\/ul>\n<p>Le transfert de donn\u00e9es sera effectu\u00e9 en respectant \u00e0 tout moment la r\u00e9glementation en vigueur en mati\u00e8re de protection des donn\u00e9es personnelles et en garantissant les mesures n\u00e9cessaires pour pr\u00e9server votre vie priv\u00e9e.<\/p>\n\n<p>Conform\u00e9ment aux droits conf\u00e9r\u00e9s par la l\u00e9gislation en vigueur en mati\u00e8re de protection des donn\u00e9es, vous pouvez exercer vos droits d&#8217;acc\u00e8s, de rectification, de limitation du traitement, de suppression, de portabilit\u00e9 et d&#8217;opposition au traitement de vos donn\u00e9es personnelles, ainsi que le consentement donn\u00e9 pour le traitement de celles-ci, en envoyant votre demande \u00e0 l&#8217;adresse postale indiqu\u00e9e ci-dessus ou \u00e0 l&#8217;adresse \u00e9lectronique privacidad@monjesbudistas.org.<\/p>\n\n<p>De m\u00eame, conform\u00e9ment aux dispositions de l&#8217;article 21 de la loi 34\/2002, du 11 juillet, sur les services de la soci\u00e9t\u00e9 de l&#8217;information et le commerce \u00e9lectronique, nous vous demandons votre consentement expr\u00e8s pour vous envoyer de la publicit\u00e9 sur nos produits ou des promotions que nous consid\u00e9rons comme pouvant vous int\u00e9resser, par courrier \u00e9lectronique ou par tout autre moyen de communication \u00e9lectronique \u00e9quivalent.<\/p>\n\n<p>En naviguant sur ce site, je d\u00e9clare avoir lu et accept\u00e9 de recevoir des informations publicitaires ou promotionnelles de la part de la FUNDACI\u00d3 MONJOS BUDISTES SAKYA TASHI LING.<\/p>\n\n<p>Nous vous informons que vous pouvez r\u00e9voquer votre consentement \u00e0 recevoir des communications commerciales \u00e0 tout moment en envoyant un courrier \u00e9lectronique \u00e0 l&#8217;adresse privacidad@monjesbudistas.org.<\/p>\n\n<h2 class=\"wp-block-heading\">Politique de confidentialit\u00e9 R\u00e9seaux sociaux.<\/h2>\n\n<p>Conform\u00e9ment aux dispositions de la r\u00e9glementation en vigueur en mati\u00e8re de protection des donn\u00e9es personnelles (RGPD) et de la loi 34\/2002, du 11 juillet, sur les services de la soci\u00e9t\u00e9 de l&#8217;information et le commerce \u00e9lectronique (LSSI-CE), FUNDACI\u00d3 MONJOS BUDISTES SAKYA TASHI LING informe les utilisateurs qu&#8217;elle a proc\u00e9d\u00e9 \u00e0 la cr\u00e9ation d&#8217;un profil sur le\/les r\u00e9seaux sociaux Facebook et Instagram, dans le but principal de faire de la publicit\u00e9 pour ses produits et services.<\/p>\n\n<p>Donn\u00e9es :<br>FUNDACI\u00d3 MONJOS BUDISTES SAKYA TASHI LING<br>NIF &#8211; G63697304<\/p>\n\n<p>Monasterio del Garraf<br>Av\/ PLANA NOVELLA, S\/N- 08818 OLIVELLA, BARCELONA<br>info@monjesbudistas.org info@monjesbudistas.org<br>https:\/\/monjesbudistas.org<\/p>\n\n<p>L&#8217;utilisateur a un profil sur le m\u00eame r\u00e9seau social et a d\u00e9cid\u00e9 de rejoindre la page cr\u00e9\u00e9e par FUNDACI\u00d3 MONJOS BUDISTES SAKYA TASHI LING, manifestant ainsi son int\u00e9r\u00eat pour les informations publi\u00e9es sur le r\u00e9seau. En rejoignant notre page, vous nous donnez votre accord pour traiter les donn\u00e9es personnelles publi\u00e9es dans votre profil. <\/p>\n\n<p>L&#8217;utilisateur peut \u00e0 tout moment acc\u00e9der aux politiques de confidentialit\u00e9 du r\u00e9seau social et configurer son profil pour garantir le respect de sa vie priv\u00e9e.<\/p>\n\n<p>FUNDACI\u00d3 MONJOS BUDISTES SAKYA TASHI LING a acc\u00e8s et traite les informations publiques de l&#8217;utilisateur, en particulier son nom de contact. Ces donn\u00e9es ne sont utilis\u00e9es qu&#8217;au sein du r\u00e9seau social lui-m\u00eame. Elles ne sont incorpor\u00e9es dans aucun fichier.  <\/p>\n\n<p>En ce qui concerne les droits d&#8217;acc\u00e8s, de rectification, d&#8217;annulation et d&#8217;opposition dont vous disposez et que vous pouvez exercer aupr\u00e8s de FUNDACI\u00d3 MONJOS BUDISTES SAKYA TASHI LING, conform\u00e9ment \u00e0 la LOPD, vous devez tenir compte des nuances suivantes :<\/p>\n\n<ul>\n<li>Acc\u00e8s : il sera d\u00e9fini par la fonctionnalit\u00e9 du r\u00e9seau social et la capacit\u00e9 d&#8217;acc\u00e9der aux informations contenues dans les profils des utilisateurs.<\/li>\n\n<li>Rectification : Ce droit ne peut \u00eatre exerc\u00e9 que pour les informations qui sont sous le contr\u00f4le de la FUNDACI\u00d3 MONJOS BUDISTES SAKYA TASHI LING, par exemple, la suppression des commentaires post\u00e9s sur la page elle-m\u00eame. Normalement, ce droit doit \u00eatre exerc\u00e9 aupr\u00e8s du r\u00e9seau social. <\/li>\n\n<li>Annulation et\/ou opposition : Comme dans le cas pr\u00e9c\u00e9dent, cette condition ne peut \u00eatre remplie que pour les informations qui sont sous le contr\u00f4le de la FUNDACI\u00d3 MONJOS BUDISTES SAKYA TASHI LING, par exemple, pour cesser d&#8217;\u00eatre li\u00e9 au profil.<\/li>\n<\/ul>\n\n<p>FUNDACI\u00d3 MONJOS BUDISTES SAKYA TASHI LING r\u00e9alisera les actions suivantes :<\/p>\n\n<p>Politique de confidentialit\u00e9 &#8211; R\u00e9seau social<\/p>\n\n<ul>\n<li>Acc\u00e8s aux informations du profil public.<\/li>\n\n<li>Publication dans le profil de l&#8217;utilisateur de toutes les informations d\u00e9j\u00e0 publi\u00e9es sur le site web de la FUNDACI\u00d3 MONJOS BUDISTES SAKYA TASHI LING.<\/li>\n\n<li>Envoyer des messages personnels et individuels par le biais des r\u00e9seaux sociaux.<\/li>\n\n<li>Mise \u00e0 jour de l&#8217;\u00e9tat de la page sur le profil de l&#8217;utilisateur.<\/li>\n<\/ul>\n\n<p>Vous pouvez toujours contr\u00f4ler vos connexions, supprimer les contenus qui ne vous int\u00e9ressent plus et limiter les personnes avec lesquelles vous partagez vos connexions en acc\u00e9dant \u00e0 vos param\u00e8tres de confidentialit\u00e9.<\/p>\n\n<p>Publications<\/p>\n\n<p>Une fois que l&#8217;utilisateur s&#8217;est inscrit sur le site Web de la FUNDACI\u00d3 MONJOS BUDDISTES SAKYA TASHI LING, il peut publier des commentaires, des liens, des images ou des photographies ou tout autre type de contenu multim\u00e9dia pris en charge par le r\u00e9seau social. Dans tous les cas, l&#8217;utilisateur doit en \u00eatre le propri\u00e9taire, d\u00e9tenir les droits d&#8217;auteur et de propri\u00e9t\u00e9 intellectuelle ou obtenir le consentement des tiers concern\u00e9s. Toute publication sur la page, qu&#8217;il s&#8217;agisse de textes, de graphiques, de photographies, de vid\u00e9os, etc., qui violent ou sont susceptibles de violer la morale, l&#8217;\u00e9thique, le bon go\u00fbt ou les bonnes m\u0153urs, ou qui enfreignent, violent ou violent les droits de propri\u00e9t\u00e9 intellectuelle ou industrielle, le droit \u00e0 l&#8217;image ou la loi, est express\u00e9ment interdite. Dans ces cas, FUNDACI\u00d3 MONJOS BUDDHISTS SAKYA TASHI LING se r\u00e9serve le droit de supprimer imm\u00e9diatement le contenu et peut demander le blocage permanent de l&#8217;utilisateur. FUNDACI\u00d3 MONJOS BUDDHISTS SAKYA TASHI LING ne sera pas tenue responsable des contenus librement publi\u00e9s par un utilisateur.<br>L&#8217;utilisateur doit garder \u00e0 l&#8217;esprit que ses publications seront connues par d&#8217;autres utilisateurs, il est donc le principal responsable de sa vie priv\u00e9e.<br>Les images qui peuvent \u00eatre publi\u00e9es sur la page ne seront stock\u00e9es dans aucun fichier par FUNDACI\u00d3 MONJOS BUDDHISTS SAKYA TASHI LING, mais elles resteront dans le r\u00e9seau social.    <\/p>\n\n<p>Concours et promotions<br>FUNDACI\u00d3 MONJOS BUDISTES SAKYA TASHI LING se r\u00e9serve le droit de r\u00e9aliser des concours et des promotions auxquels l&#8217;utilisateur peut participer. Les r\u00e8gles de chacun d&#8217;entre eux, lorsque la plateforme du r\u00e9seau social est utilis\u00e9e \u00e0 cette fin, seront publi\u00e9es sur celle-ci. Toujours dans le respect de la LSSI-CE et de toute autre r\u00e9glementation applicable.<br>La Red Social ne sponsorise, n&#8217;approuve ni n&#8217;administre, de quelque mani\u00e8re que ce soit, aucune de nos promotions, et n&#8217;est associ\u00e9e \u00e0 aucune d&#8217;entre elles.  <\/p>\n\n<p>Publicit\u00e9<br>FUNDACI\u00d3 MONJOS BUDISTES SAKYA TASHI LING utilisera le r\u00e9seau social pour faire la publicit\u00e9 de ses produits et services. Dans tous les cas, si elle d\u00e9cide d&#8217;utiliser vos coordonn\u00e9es pour r\u00e9aliser des actions de prospection commerciale directe, elle le fera toujours dans le respect des dispositions l\u00e9gales de la LOPD et de la LSSI-CE.<\/p>\n\n<p>Politique de confidentialit\u00e9 &#8211; R\u00e9seau social<br>Le fait de recommander le site web de FUNDACI\u00d3 MONJOS BUDISTES SAKYA TASHI LING \u00e0 d&#8217;autres utilisateurs afin qu&#8217;ils puissent \u00e9galement b\u00e9n\u00e9ficier de promotions ou \u00eatre inform\u00e9s de son activit\u00e9 ne sera pas consid\u00e9r\u00e9 comme de la publicit\u00e9.<\/p>\n\n<p>Vous trouverez ci-dessous le lien vers la politique de confidentialit\u00e9 du r\u00e9seau social :<br>Facebook : https:\/\/www.facebook.com\/privacy\/explanation<br>Instagram : http:\/\/instagram.com\/about\/legal\/privacy\/#<br>Google + : http:\/\/www.google.com\/intl\/es\/policies\/privacy<\/p>\n\t\t\t\t\t\t\t\t<\/div>\n\t\t\t\t<\/div>\n\t\t\t\t\t<\/div>\n\t\t\t\t<\/div>\n\t\t\t\t<\/div>\n\t\t","protected":false},"excerpt":{"rendered":"<p>Clauses d&#8217;information. CLAUSE INFORMATIVE RGPD ET LSSI-CE Conform\u00e9ment aux dispositions de la l\u00e9gislation en vigueur en mati\u00e8re de protection des donn\u00e9es \u00e0 caract\u00e8re personnel, nous vous informons que vos donn\u00e9es seront incorpor\u00e9es au syst\u00e8me de traitement appartenant \u00e0 FUNDACI\u00d3 MONJOS BUDDHISTS SAKYA TASHI LING avec CIF G63697304 et si\u00e8ge social situ\u00e9 Av\/ PLANA NOVELLA S\/N [&hellip;]<\/p>\n","protected":false},"author":3,"featured_media":0,"parent":0,"menu_order":0,"comment_status":"closed","ping_status":"closed","template":"","meta":{"give_campaign_id":0,"footnotes":""},"class_list":["post-1093840000005951","page","type-page","status-publish","hentry"],"campaignId":"","_links":{"self":[{"href":"https:\/\/monjesbudistas.org\/fr\/wp-json\/wp\/v2\/pages\/1093840000005951","targetHints":{"allow":["GET"]}}],"collection":[{"href":"https:\/\/monjesbudistas.org\/fr\/wp-json\/wp\/v2\/pages"}],"about":[{"href":"https:\/\/monjesbudistas.org\/fr\/wp-json\/wp\/v2\/types\/page"}],"author":[{"embeddable":true,"href":"https:\/\/monjesbudistas.org\/fr\/wp-json\/wp\/v2\/users\/3"}],"replies":[{"embeddable":true,"href":"https:\/\/monjesbudistas.org\/fr\/wp-json\/wp\/v2\/comments?post=1093840000005951"}],"version-history":[{"count":5,"href":"https:\/\/monjesbudistas.org\/fr\/wp-json\/wp\/v2\/pages\/1093840000005951\/revisions"}],"predecessor-version":[{"id":1093840000005958,"href":"https:\/\/monjesbudistas.org\/fr\/wp-json\/wp\/v2\/pages\/1093840000005951\/revisions\/1093840000005958"}],"wp:attachment":[{"href":"https:\/\/monjesbudistas.org\/fr\/wp-json\/wp\/v2\/media?parent=1093840000005951"}],"curies":[{"name":"wp","href":"https:\/\/api.w.org\/{rel}","templated":true}]}}