{"id":1093840000005940,"date":"2024-06-19T15:58:57","date_gmt":"2024-06-19T13:58:57","guid":{"rendered":"https:\/\/monjesbudistas.org\/echec-du-don\/"},"modified":"2024-06-19T15:58:57","modified_gmt":"2024-06-19T13:58:57","slug":"echec-du-don","status":"publish","type":"page","link":"https:\/\/monjesbudistas.org\/fr\/echec-du-don\/","title":{"rendered":"\u00c9chec du don"},"content":{"rendered":"<p>D\u00e9sol\u00e9, votre don n&#8217;a pas \u00e9t\u00e9 trait\u00e9. Veuillez r\u00e9essayer ou contacter le service d&#8217;assistance du site. <\/p>\n","protected":false},"excerpt":{"rendered":"<p>D\u00e9sol\u00e9, votre don n&#8217;a pas \u00e9t\u00e9 trait\u00e9. Veuillez r\u00e9essayer ou contacter le service d&#8217;assistance du site.<\/p>\n","protected":false},"author":1,"featured_media":0,"parent":0,"menu_order":0,"comment_status":"closed","ping_status":"closed","template":"","meta":{"give_campaign_id":0,"footnotes":""},"class_list":["post-1093840000005940","page","type-page","status-publish","hentry"],"campaignId":"","_links":{"self":[{"href":"https:\/\/monjesbudistas.org\/fr\/wp-json\/wp\/v2\/pages\/1093840000005940","targetHints":{"allow":["GET"]}}],"collection":[{"href":"https:\/\/monjesbudistas.org\/fr\/wp-json\/wp\/v2\/pages"}],"about":[{"href":"https:\/\/monjesbudistas.org\/fr\/wp-json\/wp\/v2\/types\/page"}],"author":[{"embeddable":true,"href":"https:\/\/monjesbudistas.org\/fr\/wp-json\/wp\/v2\/users\/1"}],"replies":[{"embeddable":true,"href":"https:\/\/monjesbudistas.org\/fr\/wp-json\/wp\/v2\/comments?post=1093840000005940"}],"version-history":[{"count":0,"href":"https:\/\/monjesbudistas.org\/fr\/wp-json\/wp\/v2\/pages\/1093840000005940\/revisions"}],"wp:attachment":[{"href":"https:\/\/monjesbudistas.org\/fr\/wp-json\/wp\/v2\/media?parent=1093840000005940"}],"curies":[{"name":"wp","href":"https:\/\/api.w.org\/{rel}","templated":true}]}}