{"id":1093840000005883,"date":"2024-09-27T17:37:50","date_gmt":"2024-09-27T15:37:50","guid":{"rendered":"https:\/\/monjesbudistas.org\/a-propos-de-nous\/services-de-conseil\/"},"modified":"2025-07-01T17:12:59","modified_gmt":"2025-07-01T15:12:59","slug":"services-de-conseil","status":"publish","type":"page","link":"https:\/\/monjesbudistas.org\/fr\/a-propos-de-nous\/services-de-conseil\/","title":{"rendered":"Services de conseil"},"content":{"rendered":"\t\t<div data-elementor-type=\"wp-page\" data-elementor-id=\"1093840000005883\" class=\"elementor elementor-1093840000005883 elementor-9170\" data-elementor-post-type=\"page\">\n\t\t\t\t<div class=\"elementor-element elementor-element-29b5615 e-flex e-con-boxed e-con e-parent\" data-id=\"29b5615\" data-element_type=\"container\" data-e-type=\"container\" data-settings=\"{&quot;background_background&quot;:&quot;classic&quot;,&quot;jet_parallax_layout_list&quot;:[]}\">\n\t\t\t\t\t<div class=\"e-con-inner\">\n\t\t\t\t<div class=\"elementor-element elementor-element-fc87e19 elementor-widget elementor-widget-spacer\" data-id=\"fc87e19\" data-element_type=\"widget\" data-e-type=\"widget\" data-widget_type=\"spacer.default\">\n\t\t\t\t<div class=\"elementor-widget-container\">\n\t\t\t\t\t\t\t<div class=\"elementor-spacer\">\n\t\t\t<div class=\"elementor-spacer-inner\"><\/div>\n\t\t<\/div>\n\t\t\t\t\t\t<\/div>\n\t\t\t\t<\/div>\n\t\t\t\t<div class=\"elementor-element elementor-element-0df275b animated-slow elementor-invisible elementor-widget elementor-widget-heading\" data-id=\"0df275b\" data-element_type=\"widget\" data-e-type=\"widget\" data-settings=\"{&quot;_animation&quot;:&quot;fadeIn&quot;,&quot;_animation_delay&quot;:0}\" data-widget_type=\"heading.default\">\n\t\t\t\t<div class=\"elementor-widget-container\">\n\t\t\t\t\t<h1 class=\"elementor-heading-title elementor-size-default\">Services de conseil<\/h1>\t\t\t\t<\/div>\n\t\t\t\t<\/div>\n\t\t\t\t\t<\/div>\n\t\t\t\t<\/div>\n\t\t<div class=\"elementor-element elementor-element-a86f7cf e-flex e-con-boxed e-con e-parent\" data-id=\"a86f7cf\" data-element_type=\"container\" data-e-type=\"container\" data-settings=\"{&quot;jet_parallax_layout_list&quot;:[]}\">\n\t\t\t\t\t<div class=\"e-con-inner\">\n\t\t\t\t<div class=\"elementor-element elementor-element-5365264 jet-breadcrumbs-align-left elementor-widget elementor-widget-jet-breadcrumbs\" data-id=\"5365264\" data-element_type=\"widget\" data-e-type=\"widget\" data-widget_type=\"jet-breadcrumbs.default\">\n\t\t\t\t<div class=\"elementor-widget-container\">\n\t\t\t\t\t<div class=\"elementor-jet-breadcrumbs jet-blocks\">\n\t\t<div class=\"jet-breadcrumbs\">\n\t\t<div class=\"jet-breadcrumbs__content\">\n\t\t<div class=\"jet-breadcrumbs__wrap\"><div class=\"jet-breadcrumbs__item\"><a href=\"https:\/\/monjesbudistas.org\/fr\/\" class=\"jet-breadcrumbs__item-link is-home\" rel=\"home\" title=\"Accueil\">Accueil<\/a><\/div>\n\t\t<\/div>\n\t\t<\/div>\n\t\t<\/div><\/div>\t\t\t\t<\/div>\n\t\t\t\t<\/div>\n\t\t\t\t\t<\/div>\n\t\t\t\t<\/div>\n\t\t<div class=\"elementor-element elementor-element-e1f7fc1 e-flex e-con-boxed e-con e-parent\" data-id=\"e1f7fc1\" data-element_type=\"container\" data-e-type=\"container\" data-settings=\"{&quot;jet_parallax_layout_list&quot;:[]}\">\n\t\t\t\t\t<div class=\"e-con-inner\">\n\t\t\t\t<div class=\"elementor-element elementor-element-c8bd2d3 elementor-widget elementor-widget-heading\" data-id=\"c8bd2d3\" data-element_type=\"widget\" data-e-type=\"widget\" data-widget_type=\"heading.default\">\n\t\t\t\t<div class=\"elementor-widget-container\">\n\t\t\t\t\t<h2 class=\"elementor-heading-title elementor-size-default\">L'atelier commercial<\/h2>\t\t\t\t<\/div>\n\t\t\t\t<\/div>\n\t\t\t\t<div class=\"elementor-element elementor-element-3320483 elementor-widget elementor-widget-text-editor\" data-id=\"3320483\" data-element_type=\"widget\" data-e-type=\"widget\" data-widget_type=\"text-editor.default\">\n\t\t\t\t<div class=\"elementor-widget-container\">\n\t\t\t\t\t\t\t\t\t<p>Notre engagement social en faveur du d\u00e9veloppement durable va au-del\u00e0 de la recherche, de la formation et du transfert de connaissances. Nous collaborons \u00e9galement avec des organisations des secteurs public, pluriel et priv\u00e9, en offrant des services de conseil dans deux domaines : l&#8217;apport d&#8217;une perspective et d&#8217;une m\u00e9thodologie dans la r\u00e9flexion sur la fonction sociale et la strat\u00e9gie de l&#8217;organisation, et dans la refonte conceptuelle des organisations.<\/p>\t\t\t\t\t\t\t\t<\/div>\n\t\t\t\t<\/div>\n\t\t\t\t<div class=\"elementor-element elementor-element-4170298 elementor-widget elementor-widget-jet-button\" data-id=\"4170298\" data-element_type=\"widget\" data-e-type=\"widget\" data-widget_type=\"jet-button.default\">\n\t\t\t\t<div class=\"elementor-widget-container\">\n\t\t\t\t\t<div class=\"elementor-jet-button jet-elements\"><div class=\"jet-button__container\">\n\t<a class=\"jet-button__instance jet-button__instance--icon-left hover-effect-0\" href=\"https:\/\/monjesbudistas.org\/fr\/contact\/\">\n\t\t<div class=\"jet-button__plane jet-button__plane-normal\"><\/div>\n\t\t<div class=\"jet-button__plane jet-button__plane-hover\"><\/div>\n\t\t<div class=\"jet-button__state jet-button__state-normal\">\n\t\t\t<span class=\"jet-button__icon jet-elements-icon\"><svg xmlns=\"http:\/\/www.w3.org\/2000\/svg\" xmlns:xlink=\"http:\/\/www.w3.org\/1999\/xlink\" aria-hidden=\"true\" class=\"iconify iconify--iconoir\" width=\"100%\" height=\"100%\" preserveAspectRatio=\"xMidYMid meet\" viewBox=\"0 0 24 24\"><path fill=\"none\" stroke=\"currentColor\" stroke-linecap=\"round\" stroke-linejoin=\"round\" stroke-width=\"1.5\" d=\"M6 12h12.5m0 0l-6-6m6 6l-6 6\"><\/path><\/svg><\/span><span class=\"jet-button__label\">Contactez-nous \u00e0 l'adresse suivante<\/span>\t\t<\/div>\n\t\t<div class=\"jet-button__state jet-button__state-hover\">\n\t\t\t<span class=\"jet-button__icon jet-elements-icon\"><svg xmlns=\"http:\/\/www.w3.org\/2000\/svg\" xmlns:xlink=\"http:\/\/www.w3.org\/1999\/xlink\" aria-hidden=\"true\" class=\"iconify iconify--iconoir\" width=\"100%\" height=\"100%\" preserveAspectRatio=\"xMidYMid meet\" viewBox=\"0 0 24 24\"><path fill=\"none\" stroke=\"currentColor\" stroke-linecap=\"round\" stroke-linejoin=\"round\" stroke-width=\"1.5\" d=\"M6 12h12.5m0 0l-6-6m6 6l-6 6\"><\/path><\/svg><\/span><span class=\"jet-button__label\">Contactez-nous \u00e0 l'adresse suivante<\/span>\t\t<\/div>\n\t<\/a>\n<\/div>\n<\/div>\t\t\t\t<\/div>\n\t\t\t\t<\/div>\n\t\t\t\t\t<\/div>\n\t\t\t\t<\/div>\n\t\t<div class=\"elementor-element elementor-element-e3f0373 e-flex e-con-boxed e-con e-parent\" data-id=\"e3f0373\" data-element_type=\"container\" data-e-type=\"container\" data-settings=\"{&quot;jet_parallax_layout_list&quot;:[]}\">\n\t\t\t\t\t<div class=\"e-con-inner\">\n\t\t\t\t<div class=\"elementor-element elementor-element-488c223 elementor-widget elementor-widget-heading\" data-id=\"488c223\" data-element_type=\"widget\" data-e-type=\"widget\" data-widget_type=\"heading.default\">\n\t\t\t\t<div class=\"elementor-widget-container\">\n\t\t\t\t\t<h2 class=\"elementor-heading-title elementor-size-default\">En savoir plus sur nous<\/h2>\t\t\t\t<\/div>\n\t\t\t\t<\/div>\n\t\t<div class=\"elementor-element elementor-element-1388e01 e-con-full e-flex e-con e-child\" data-id=\"1388e01\" data-element_type=\"container\" data-e-type=\"container\" data-settings=\"{&quot;jet_parallax_layout_list&quot;:[]}\">\n\t\t<div class=\"elementor-element elementor-element-fcdc074 e-con-full animated-slow e-flex elementor-invisible e-con e-child\" data-id=\"fcdc074\" data-element_type=\"container\" data-e-type=\"container\" data-settings=\"{&quot;background_background&quot;:&quot;classic&quot;,&quot;jet_parallax_layout_list&quot;:[],&quot;animation&quot;:&quot;fadeInUp&quot;}\">\n\t\t\t\t<div class=\"elementor-element elementor-element-8f34aac elementor-widget elementor-widget-image\" data-id=\"8f34aac\" data-element_type=\"widget\" data-e-type=\"widget\" data-widget_type=\"image.default\">\n\t\t\t\t<div class=\"elementor-widget-container\">\n\t\t\t\t\t\t\t\t\t\t\t\t\t\t\t<img fetchpriority=\"high\" decoding=\"async\" width=\"2025\" height=\"540\" src=\"https:\/\/monjesbudistas.org\/wp-content\/uploads\/2024\/09\/Monjes-Budistas-Fundacion-sobre-la-Fundacion-Hero-Banner-1.3.jpg\" class=\"attachment-full size-full wp-image-1093840000005141\" alt=\"\" srcset=\"https:\/\/monjesbudistas.org\/wp-content\/uploads\/2024\/09\/Monjes-Budistas-Fundacion-sobre-la-Fundacion-Hero-Banner-1.3.jpg.webp 2025w, https:\/\/monjesbudistas.org\/wp-content\/uploads\/2024\/09\/Monjes-Budistas-Fundacion-sobre-la-Fundacion-Hero-Banner-1.3-300x80.jpg.webp 300w, https:\/\/monjesbudistas.org\/wp-content\/uploads\/2024\/09\/Monjes-Budistas-Fundacion-sobre-la-Fundacion-Hero-Banner-1.3-1024x273.jpg.webp 1024w, https:\/\/monjesbudistas.org\/wp-content\/uploads\/2024\/09\/Monjes-Budistas-Fundacion-sobre-la-Fundacion-Hero-Banner-1.3-768x205.jpg.webp 768w, https:\/\/monjesbudistas.org\/wp-content\/uploads\/2024\/09\/Monjes-Budistas-Fundacion-sobre-la-Fundacion-Hero-Banner-1.3-1536x410.jpg.webp 1536w, https:\/\/monjesbudistas.org\/wp-content\/uploads\/2024\/09\/Monjes-Budistas-Fundacion-sobre-la-Fundacion-Hero-Banner-1.3-600x160.jpg.webp 600w\" sizes=\"(max-width: 2025px) 100vw, 2025px\" \/>\t\t\t\t\t\t\t\t\t\t\t\t\t\t\t<\/div>\n\t\t\t\t<\/div>\n\t\t<div class=\"elementor-element elementor-element-9fd505d e-flex e-con-boxed e-con e-child\" data-id=\"9fd505d\" data-element_type=\"container\" data-e-type=\"container\" data-settings=\"{&quot;jet_parallax_layout_list&quot;:[]}\">\n\t\t\t\t\t<div class=\"e-con-inner\">\n\t\t<div class=\"elementor-element elementor-element-ddf57f9 e-flex e-con-boxed e-con e-child\" data-id=\"ddf57f9\" data-element_type=\"container\" data-e-type=\"container\" data-settings=\"{&quot;jet_parallax_layout_list&quot;:[]}\">\n\t\t\t\t\t<div class=\"e-con-inner\">\n\t\t\t\t<div class=\"elementor-element elementor-element-03d0e48 elementor-widget elementor-widget-heading\" data-id=\"03d0e48\" data-element_type=\"widget\" data-e-type=\"widget\" data-widget_type=\"heading.default\">\n\t\t\t\t<div class=\"elementor-widget-container\">\n\t\t\t\t\t<h3 class=\"elementor-heading-title elementor-size-default\">Fondation des moines bouddhistes Sakya Tashi Ling<\/h3>\t\t\t\t<\/div>\n\t\t\t\t<\/div>\n\t\t\t\t\t<\/div>\n\t\t\t\t<\/div>\n\t\t\t\t<div class=\"elementor-element elementor-element-728d4d5 elementor-widget elementor-widget-jet-button\" data-id=\"728d4d5\" data-element_type=\"widget\" data-e-type=\"widget\" data-widget_type=\"jet-button.default\">\n\t\t\t\t<div class=\"elementor-widget-container\">\n\t\t\t\t\t<div class=\"elementor-jet-button jet-elements\"><div class=\"jet-button__container\">\n\t<a class=\"jet-button__instance jet-button__instance--icon-left hover-effect-0\" href=\"https:\/\/monjesbudistas.org\/sobre-nosotros\/fundacion-monjes-budistas-sakya-tashi-ling\/sobre-la-fundacion\/\">\n\t\t<div class=\"jet-button__plane jet-button__plane-normal\"><\/div>\n\t\t<div class=\"jet-button__plane jet-button__plane-hover\"><\/div>\n\t\t<div class=\"jet-button__state jet-button__state-normal\">\n\t\t\t<span class=\"jet-button__icon jet-elements-icon\"><svg xmlns=\"http:\/\/www.w3.org\/2000\/svg\" xmlns:xlink=\"http:\/\/www.w3.org\/1999\/xlink\" aria-hidden=\"true\" class=\"iconify iconify--iconoir\" width=\"100%\" height=\"100%\" preserveAspectRatio=\"xMidYMid meet\" viewBox=\"0 0 24 24\"><path fill=\"none\" stroke=\"currentColor\" stroke-linecap=\"round\" stroke-linejoin=\"round\" stroke-width=\"1.5\" d=\"M6 12h12.5m0 0l-6-6m6 6l-6 6\"><\/path><\/svg><\/span><span class=\"jet-button__label\">\u00c0 propos de la fondation<\/span>\t\t<\/div>\n\t\t<div class=\"jet-button__state jet-button__state-hover\">\n\t\t\t<span class=\"jet-button__icon jet-elements-icon\"><svg xmlns=\"http:\/\/www.w3.org\/2000\/svg\" xmlns:xlink=\"http:\/\/www.w3.org\/1999\/xlink\" aria-hidden=\"true\" class=\"iconify iconify--iconoir\" width=\"100%\" height=\"100%\" preserveAspectRatio=\"xMidYMid meet\" viewBox=\"0 0 24 24\"><path fill=\"none\" stroke=\"currentColor\" stroke-linecap=\"round\" stroke-linejoin=\"round\" stroke-width=\"1.5\" d=\"M6 12h12.5m0 0l-6-6m6 6l-6 6\"><\/path><\/svg><\/span><span class=\"jet-button__label\">\u00c0 propos de la fondation<\/span>\t\t<\/div>\n\t<\/a>\n<\/div>\n<\/div>\t\t\t\t<\/div>\n\t\t\t\t<\/div>\n\t\t\t\t\t<\/div>\n\t\t\t\t<\/div>\n\t\t\t\t<\/div>\n\t\t<div class=\"elementor-element elementor-element-51e2644 e-con-full animated-slow e-flex elementor-invisible e-con e-child\" data-id=\"51e2644\" data-element_type=\"container\" data-e-type=\"container\" data-settings=\"{&quot;background_background&quot;:&quot;classic&quot;,&quot;jet_parallax_layout_list&quot;:[],&quot;animation&quot;:&quot;fadeInUp&quot;,&quot;animation_delay&quot;:100}\">\n\t\t\t\t<div class=\"elementor-element elementor-element-7e4f96b elementor-widget elementor-widget-image\" data-id=\"7e4f96b\" data-element_type=\"widget\" data-e-type=\"widget\" data-widget_type=\"image.default\">\n\t\t\t\t<div class=\"elementor-widget-container\">\n\t\t\t\t\t\t\t\t\t\t\t\t\t\t\t<img decoding=\"async\" width=\"2000\" height=\"609\" src=\"https:\/\/monjesbudistas.org\/wp-content\/uploads\/2024\/09\/Monjes-Budistas-Fundacion-Red-Defensores-en-Conciencia-Hero-Banner-1-Retouched.jpeg\" class=\"attachment-full size-full wp-image-1093840000005147\" alt=\"\" srcset=\"https:\/\/monjesbudistas.org\/wp-content\/uploads\/2024\/09\/Monjes-Budistas-Fundacion-Red-Defensores-en-Conciencia-Hero-Banner-1-Retouched.jpeg.webp 2000w, https:\/\/monjesbudistas.org\/wp-content\/uploads\/2024\/09\/Monjes-Budistas-Fundacion-Red-Defensores-en-Conciencia-Hero-Banner-1-Retouched-300x91.jpeg.webp 300w, https:\/\/monjesbudistas.org\/wp-content\/uploads\/2024\/09\/Monjes-Budistas-Fundacion-Red-Defensores-en-Conciencia-Hero-Banner-1-Retouched-1024x312.jpeg.webp 1024w, https:\/\/monjesbudistas.org\/wp-content\/uploads\/2024\/09\/Monjes-Budistas-Fundacion-Red-Defensores-en-Conciencia-Hero-Banner-1-Retouched-768x234.jpeg.webp 768w, https:\/\/monjesbudistas.org\/wp-content\/uploads\/2024\/09\/Monjes-Budistas-Fundacion-Red-Defensores-en-Conciencia-Hero-Banner-1-Retouched-1536x468.jpeg.webp 1536w, https:\/\/monjesbudistas.org\/wp-content\/uploads\/2024\/09\/Monjes-Budistas-Fundacion-Red-Defensores-en-Conciencia-Hero-Banner-1-Retouched-600x183.jpeg.webp 600w\" sizes=\"(max-width: 2000px) 100vw, 2000px\" \/>\t\t\t\t\t\t\t\t\t\t\t\t\t\t\t<\/div>\n\t\t\t\t<\/div>\n\t\t<div class=\"elementor-element elementor-element-02c8c05 e-flex e-con-boxed e-con e-child\" data-id=\"02c8c05\" data-element_type=\"container\" data-e-type=\"container\" data-settings=\"{&quot;jet_parallax_layout_list&quot;:[]}\">\n\t\t\t\t\t<div class=\"e-con-inner\">\n\t\t<div class=\"elementor-element elementor-element-edccd32 e-flex e-con-boxed e-con e-child\" data-id=\"edccd32\" data-element_type=\"container\" data-e-type=\"container\" data-settings=\"{&quot;jet_parallax_layout_list&quot;:[]}\">\n\t\t\t\t\t<div class=\"e-con-inner\">\n\t\t\t\t<div class=\"elementor-element elementor-element-eae9d00 elementor-widget elementor-widget-heading\" data-id=\"eae9d00\" data-element_type=\"widget\" data-e-type=\"widget\" data-widget_type=\"heading.default\">\n\t\t\t\t<div class=\"elementor-widget-container\">\n\t\t\t\t\t<h3 class=\"elementor-heading-title elementor-size-default\">R\u00e9seau <br>D\u00e9fenseurs de la conscience<\/h3>\t\t\t\t<\/div>\n\t\t\t\t<\/div>\n\t\t\t\t\t<\/div>\n\t\t\t\t<\/div>\n\t\t\t\t<div class=\"elementor-element elementor-element-cc08559 elementor-widget elementor-widget-jet-button\" data-id=\"cc08559\" data-element_type=\"widget\" data-e-type=\"widget\" data-widget_type=\"jet-button.default\">\n\t\t\t\t<div class=\"elementor-widget-container\">\n\t\t\t\t\t<div class=\"elementor-jet-button jet-elements\"><div class=\"jet-button__container\">\n\t<a class=\"jet-button__instance jet-button__instance--icon-left hover-effect-0\" href=\"https:\/\/monjesbudistas.org\/sobre-nosotros\/red-defensores-en-conciencia\/\">\n\t\t<div class=\"jet-button__plane jet-button__plane-normal\"><\/div>\n\t\t<div class=\"jet-button__plane jet-button__plane-hover\"><\/div>\n\t\t<div class=\"jet-button__state jet-button__state-normal\">\n\t\t\t<span class=\"jet-button__icon jet-elements-icon\"><svg xmlns=\"http:\/\/www.w3.org\/2000\/svg\" xmlns:xlink=\"http:\/\/www.w3.org\/1999\/xlink\" aria-hidden=\"true\" class=\"iconify iconify--iconoir\" width=\"100%\" height=\"100%\" preserveAspectRatio=\"xMidYMid meet\" viewBox=\"0 0 24 24\"><path fill=\"none\" stroke=\"currentColor\" stroke-linecap=\"round\" stroke-linejoin=\"round\" stroke-width=\"1.5\" d=\"M6 12h12.5m0 0l-6-6m6 6l-6 6\"><\/path><\/svg><\/span><span class=\"jet-button__label\">Un lien qui nous rend meilleurs<\/span>\t\t<\/div>\n\t\t<div class=\"jet-button__state jet-button__state-hover\">\n\t\t\t<span class=\"jet-button__icon jet-elements-icon\"><svg xmlns=\"http:\/\/www.w3.org\/2000\/svg\" xmlns:xlink=\"http:\/\/www.w3.org\/1999\/xlink\" aria-hidden=\"true\" class=\"iconify iconify--iconoir\" width=\"100%\" height=\"100%\" preserveAspectRatio=\"xMidYMid meet\" viewBox=\"0 0 24 24\"><path fill=\"none\" stroke=\"currentColor\" stroke-linecap=\"round\" stroke-linejoin=\"round\" stroke-width=\"1.5\" d=\"M6 12h12.5m0 0l-6-6m6 6l-6 6\"><\/path><\/svg><\/span><span class=\"jet-button__label\">Un lien qui nous rend meilleurs<\/span>\t\t<\/div>\n\t<\/a>\n<\/div>\n<\/div>\t\t\t\t<\/div>\n\t\t\t\t<\/div>\n\t\t\t\t\t<\/div>\n\t\t\t\t<\/div>\n\t\t\t\t<\/div>\n\t\t<div class=\"elementor-element elementor-element-37428a2 e-con-full animated-slow e-flex elementor-invisible e-con e-child\" data-id=\"37428a2\" data-element_type=\"container\" data-e-type=\"container\" data-settings=\"{&quot;background_background&quot;:&quot;classic&quot;,&quot;jet_parallax_layout_list&quot;:[],&quot;animation&quot;:&quot;fadeInUp&quot;,&quot;animation_delay&quot;:200}\">\n\t\t\t\t<div class=\"elementor-element elementor-element-1106bdd elementor-widget elementor-widget-image\" data-id=\"1106bdd\" data-element_type=\"widget\" data-e-type=\"widget\" data-widget_type=\"image.default\">\n\t\t\t\t<div class=\"elementor-widget-container\">\n\t\t\t\t\t\t\t\t\t\t\t\t\t\t\t<img decoding=\"async\" width=\"2000\" height=\"1121\" src=\"https:\/\/monjesbudistas.org\/wp-content\/uploads\/2024\/09\/Monjes-Budistas-Quienes-Somos-Estudio-e-Investigacion-HomePagew-Hero-banner-3.jpeg\" class=\"attachment-full size-full wp-image-1093840000005183\" alt=\"\" srcset=\"https:\/\/monjesbudistas.org\/wp-content\/uploads\/2024\/09\/Monjes-Budistas-Quienes-Somos-Estudio-e-Investigacion-HomePagew-Hero-banner-3.jpeg.webp 2000w, https:\/\/monjesbudistas.org\/wp-content\/uploads\/2024\/09\/Monjes-Budistas-Quienes-Somos-Estudio-e-Investigacion-HomePagew-Hero-banner-3-300x168.jpeg.webp 300w, https:\/\/monjesbudistas.org\/wp-content\/uploads\/2024\/09\/Monjes-Budistas-Quienes-Somos-Estudio-e-Investigacion-HomePagew-Hero-banner-3-1024x574.jpeg.webp 1024w, https:\/\/monjesbudistas.org\/wp-content\/uploads\/2024\/09\/Monjes-Budistas-Quienes-Somos-Estudio-e-Investigacion-HomePagew-Hero-banner-3-768x430.jpeg.webp 768w, https:\/\/monjesbudistas.org\/wp-content\/uploads\/2024\/09\/Monjes-Budistas-Quienes-Somos-Estudio-e-Investigacion-HomePagew-Hero-banner-3-1536x861.jpeg.webp 1536w, https:\/\/monjesbudistas.org\/wp-content\/uploads\/2024\/09\/Monjes-Budistas-Quienes-Somos-Estudio-e-Investigacion-HomePagew-Hero-banner-3-600x336.jpeg.webp 600w\" sizes=\"(max-width: 2000px) 100vw, 2000px\" \/>\t\t\t\t\t\t\t\t\t\t\t\t\t\t\t<\/div>\n\t\t\t\t<\/div>\n\t\t<div class=\"elementor-element elementor-element-3876843 e-flex e-con-boxed e-con e-child\" data-id=\"3876843\" data-element_type=\"container\" data-e-type=\"container\" data-settings=\"{&quot;jet_parallax_layout_list&quot;:[]}\">\n\t\t\t\t\t<div class=\"e-con-inner\">\n\t\t<div class=\"elementor-element elementor-element-8975954 e-flex e-con-boxed e-con e-child\" data-id=\"8975954\" data-element_type=\"container\" data-e-type=\"container\" data-settings=\"{&quot;jet_parallax_layout_list&quot;:[]}\">\n\t\t\t\t\t<div class=\"e-con-inner\">\n\t\t\t\t<div class=\"elementor-element elementor-element-81b5946 elementor-widget elementor-widget-heading\" data-id=\"81b5946\" data-element_type=\"widget\" data-e-type=\"widget\" data-widget_type=\"heading.default\">\n\t\t\t\t<div class=\"elementor-widget-container\">\n\t\t\t\t\t<h3 class=\"elementor-heading-title elementor-size-default\">\u00c9tudes et recherches<\/h3>\t\t\t\t<\/div>\n\t\t\t\t<\/div>\n\t\t\t\t\t<\/div>\n\t\t\t\t<\/div>\n\t\t\t\t<div class=\"elementor-element elementor-element-0f720a0 elementor-widget elementor-widget-jet-button\" data-id=\"0f720a0\" data-element_type=\"widget\" data-e-type=\"widget\" data-widget_type=\"jet-button.default\">\n\t\t\t\t<div class=\"elementor-widget-container\">\n\t\t\t\t\t<div class=\"elementor-jet-button jet-elements\"><div class=\"jet-button__container\">\n\t<a class=\"jet-button__instance jet-button__instance--icon-left hover-effect-0\" href=\"https:\/\/monjesbudistas.org\/sobre-nosotros\/estudios-e-investigacion\/\">\n\t\t<div class=\"jet-button__plane jet-button__plane-normal\"><\/div>\n\t\t<div class=\"jet-button__plane jet-button__plane-hover\"><\/div>\n\t\t<div class=\"jet-button__state jet-button__state-normal\">\n\t\t\t<span class=\"jet-button__icon jet-elements-icon\"><svg xmlns=\"http:\/\/www.w3.org\/2000\/svg\" xmlns:xlink=\"http:\/\/www.w3.org\/1999\/xlink\" aria-hidden=\"true\" class=\"iconify iconify--iconoir\" width=\"100%\" height=\"100%\" preserveAspectRatio=\"xMidYMid meet\" viewBox=\"0 0 24 24\"><path fill=\"none\" stroke=\"currentColor\" stroke-linecap=\"round\" stroke-linejoin=\"round\" stroke-width=\"1.5\" d=\"M6 12h12.5m0 0l-6-6m6 6l-6 6\"><\/path><\/svg><\/span><span class=\"jet-button__label\">En savoir plus<\/span>\t\t<\/div>\n\t\t<div class=\"jet-button__state jet-button__state-hover\">\n\t\t\t<span class=\"jet-button__icon jet-elements-icon\"><svg xmlns=\"http:\/\/www.w3.org\/2000\/svg\" xmlns:xlink=\"http:\/\/www.w3.org\/1999\/xlink\" aria-hidden=\"true\" class=\"iconify iconify--iconoir\" width=\"100%\" height=\"100%\" preserveAspectRatio=\"xMidYMid meet\" viewBox=\"0 0 24 24\"><path fill=\"none\" stroke=\"currentColor\" stroke-linecap=\"round\" stroke-linejoin=\"round\" stroke-width=\"1.5\" d=\"M6 12h12.5m0 0l-6-6m6 6l-6 6\"><\/path><\/svg><\/span><span class=\"jet-button__label\">En savoir plus<\/span>\t\t<\/div>\n\t<\/a>\n<\/div>\n<\/div>\t\t\t\t<\/div>\n\t\t\t\t<\/div>\n\t\t\t\t\t<\/div>\n\t\t\t\t<\/div>\n\t\t\t\t<\/div>\n\t\t\t\t<\/div>\n\t\t\t\t\t<\/div>\n\t\t\t\t<\/div>\n\t\t\t\t<\/div>\n\t\t","protected":false},"excerpt":{"rendered":"<p>Services de conseil Inicio L&#8217;atelier commercial Notre engagement social en faveur du d\u00e9veloppement durable va au-del\u00e0 de la recherche, de la formation et du transfert de connaissances. Nous collaborons \u00e9galement avec des organisations des secteurs public, pluriel et priv\u00e9, en offrant des services de conseil dans deux domaines : l&#8217;apport d&#8217;une perspective et d&#8217;une m\u00e9thodologie [&hellip;]<\/p>\n","protected":false},"author":4,"featured_media":1093840000005192,"parent":1093840000005640,"menu_order":0,"comment_status":"closed","ping_status":"closed","template":"","meta":{"give_campaign_id":0,"footnotes":""},"class_list":["post-1093840000005883","page","type-page","status-publish","has-post-thumbnail","hentry"],"campaignId":"","_links":{"self":[{"href":"https:\/\/monjesbudistas.org\/fr\/wp-json\/wp\/v2\/pages\/1093840000005883","targetHints":{"allow":["GET"]}}],"collection":[{"href":"https:\/\/monjesbudistas.org\/fr\/wp-json\/wp\/v2\/pages"}],"about":[{"href":"https:\/\/monjesbudistas.org\/fr\/wp-json\/wp\/v2\/types\/page"}],"author":[{"embeddable":true,"href":"https:\/\/monjesbudistas.org\/fr\/wp-json\/wp\/v2\/users\/4"}],"replies":[{"embeddable":true,"href":"https:\/\/monjesbudistas.org\/fr\/wp-json\/wp\/v2\/comments?post=1093840000005883"}],"version-history":[{"count":5,"href":"https:\/\/monjesbudistas.org\/fr\/wp-json\/wp\/v2\/pages\/1093840000005883\/revisions"}],"predecessor-version":[{"id":1093840000007370,"href":"https:\/\/monjesbudistas.org\/fr\/wp-json\/wp\/v2\/pages\/1093840000005883\/revisions\/1093840000007370"}],"up":[{"embeddable":true,"href":"https:\/\/monjesbudistas.org\/fr\/wp-json\/wp\/v2\/pages\/1093840000005640"}],"wp:featuredmedia":[{"embeddable":true,"href":"https:\/\/monjesbudistas.org\/fr\/wp-json\/wp\/v2\/media\/1093840000005192"}],"wp:attachment":[{"href":"https:\/\/monjesbudistas.org\/fr\/wp-json\/wp\/v2\/media?parent=1093840000005883"}],"curies":[{"name":"wp","href":"https:\/\/api.w.org\/{rel}","templated":true}]}}