{"id":1093840000005877,"date":"2024-09-27T18:34:22","date_gmt":"2024-09-27T16:34:22","guid":{"rendered":"https:\/\/monjesbudistas.org\/lequipe\/"},"modified":"2025-07-01T17:17:57","modified_gmt":"2025-07-01T15:17:57","slug":"lequipe","status":"publish","type":"page","link":"https:\/\/monjesbudistas.org\/fr\/a-propos-de-nous\/fondation-des-moines-bouddhistes-sakya-tashi-ling\/lequipe\/","title":{"rendered":"L&#8217;\u00e9quipe"},"content":{"rendered":"\t\t<div data-elementor-type=\"wp-page\" data-elementor-id=\"1093840000005877\" class=\"elementor elementor-1093840000005877 elementor-9210\" data-elementor-post-type=\"page\">\n\t\t\t\t<div class=\"elementor-element elementor-element-0507ad8 e-con-full e-flex e-con e-parent\" data-id=\"0507ad8\" data-element_type=\"container\" data-e-type=\"container\" data-settings=\"{&quot;jet_parallax_layout_list&quot;:[]}\">\n\t\t\t\t<div class=\"elementor-element elementor-element-f07c140 elementor-widget elementor-widget-image\" data-id=\"f07c140\" data-element_type=\"widget\" data-e-type=\"widget\" data-widget_type=\"image.default\">\n\t\t\t\t<div class=\"elementor-widget-container\">\n\t\t\t\t\t\t\t\t\t\t\t\t\t\t\t<img fetchpriority=\"high\" decoding=\"async\" width=\"2000\" height=\"857\" src=\"https:\/\/monjesbudistas.org\/wp-content\/uploads\/2024\/10\/Monjes-Budistas-Fundacion-Equipo-Hero-Banner-2.1.jpeg\" class=\"attachment-full size-full wp-image-1093840000005273\" alt=\"\" srcset=\"https:\/\/monjesbudistas.org\/wp-content\/uploads\/2024\/10\/Monjes-Budistas-Fundacion-Equipo-Hero-Banner-2.1.jpeg 2000w, https:\/\/monjesbudistas.org\/wp-content\/uploads\/2024\/10\/Monjes-Budistas-Fundacion-Equipo-Hero-Banner-2.1-300x129.jpeg 300w, https:\/\/monjesbudistas.org\/wp-content\/uploads\/2024\/10\/Monjes-Budistas-Fundacion-Equipo-Hero-Banner-2.1-1024x439.jpeg 1024w, https:\/\/monjesbudistas.org\/wp-content\/uploads\/2024\/10\/Monjes-Budistas-Fundacion-Equipo-Hero-Banner-2.1-768x329.jpeg 768w, https:\/\/monjesbudistas.org\/wp-content\/uploads\/2024\/10\/Monjes-Budistas-Fundacion-Equipo-Hero-Banner-2.1-1536x658.jpeg 1536w, https:\/\/monjesbudistas.org\/wp-content\/uploads\/2024\/10\/Monjes-Budistas-Fundacion-Equipo-Hero-Banner-2.1-600x257.jpeg 600w\" sizes=\"(max-width: 2000px) 100vw, 2000px\" \/>\t\t\t\t\t\t\t\t\t\t\t\t\t\t\t<\/div>\n\t\t\t\t<\/div>\n\t\t\t\t<\/div>\n\t\t<div class=\"elementor-element elementor-element-b232abf e-flex e-con-boxed e-con e-parent\" data-id=\"b232abf\" data-element_type=\"container\" data-e-type=\"container\" data-settings=\"{&quot;jet_parallax_layout_list&quot;:[]}\">\n\t\t\t\t\t<div class=\"e-con-inner\">\n\t\t\t\t<div class=\"elementor-element elementor-element-fed0e38 jet-breadcrumbs-align-left elementor-widget elementor-widget-jet-breadcrumbs\" data-id=\"fed0e38\" data-element_type=\"widget\" data-e-type=\"widget\" data-widget_type=\"jet-breadcrumbs.default\">\n\t\t\t\t<div class=\"elementor-widget-container\">\n\t\t\t\t\t<div class=\"elementor-jet-breadcrumbs jet-blocks\">\n\t\t<div class=\"jet-breadcrumbs\">\n\t\t<div class=\"jet-breadcrumbs__content\">\n\t\t<div class=\"jet-breadcrumbs__wrap\"><div class=\"jet-breadcrumbs__item\"><a href=\"https:\/\/monjesbudistas.org\/fr\/\" class=\"jet-breadcrumbs__item-link is-home\" rel=\"home\" title=\"Accueil\">Accueil<\/a><\/div>\n\t\t<\/div>\n\t\t<\/div>\n\t\t<\/div><\/div>\t\t\t\t<\/div>\n\t\t\t\t<\/div>\n\t\t\t\t\t<\/div>\n\t\t\t\t<\/div>\n\t\t<div class=\"elementor-element elementor-element-0bec84d e-flex e-con-boxed e-con e-parent\" data-id=\"0bec84d\" data-element_type=\"container\" data-e-type=\"container\" data-settings=\"{&quot;jet_parallax_layout_list&quot;:[]}\">\n\t\t\t\t\t<div class=\"e-con-inner\">\n\t\t\t\t<div class=\"elementor-element elementor-element-f0dc13e elementor-widget elementor-widget-heading\" data-id=\"f0dc13e\" data-element_type=\"widget\" data-e-type=\"widget\" data-widget_type=\"heading.default\">\n\t\t\t\t<div class=\"elementor-widget-container\">\n\t\t\t\t\t<h1 class=\"elementor-heading-title elementor-size-default\">L'\u00e9quipe<\/h1>\t\t\t\t<\/div>\n\t\t\t\t<\/div>\n\t\t\t\t<div class=\"elementor-element elementor-element-3cdeabd elementor-widget elementor-widget-heading\" data-id=\"3cdeabd\" data-element_type=\"widget\" data-e-type=\"widget\" data-widget_type=\"heading.default\">\n\t\t\t\t<div class=\"elementor-widget-container\">\n\t\t\t\t\t<h2 class=\"elementor-heading-title elementor-size-default\">Nous sommes des personnes d'origines et d'exp\u00e9riences diverses, en \u00e9tat d'apprentissage et de transformation, profond\u00e9ment attir\u00e9es par un id\u00e9al de communaut\u00e9 engag\u00e9e pour le bien commun. Nous sommes passionn\u00e9s par nos professions et vivons notre mission en tant que partenaires du changement gr\u00e2ce \u00e0 notre curiosit\u00e9 intrins\u00e8que pour le monde et \u00e0 notre d\u00e9sir de contribuer de mani\u00e8re significative \u00e0 la vie des gens en harmonie avec la nature. <\/h2>\t\t\t\t<\/div>\n\t\t\t\t<\/div>\n\t\t\t\t\t<\/div>\n\t\t\t\t<\/div>\n\t\t<div class=\"elementor-element elementor-element-d599b32 e-flex e-con-boxed e-con e-parent\" data-id=\"d599b32\" data-element_type=\"container\" data-e-type=\"container\" data-settings=\"{&quot;jet_parallax_layout_list&quot;:[]}\">\n\t\t\t\t\t<div class=\"e-con-inner\">\n\t\t\t\t<div class=\"elementor-element elementor-element-1164ba1 elementor-widget elementor-widget-jet-accordion\" data-id=\"1164ba1\" data-element_type=\"widget\" data-e-type=\"widget\" data-widget_type=\"jet-accordion.default\">\n\t\t\t\t<div class=\"elementor-widget-container\">\n\t\t\t\t\t\t\t\t\t<div class=\"jet-accordion\" data-settings=\"{&quot;collapsible&quot;:true,&quot;ajaxTemplate&quot;:false,&quot;switchScrolling&quot;:false,&quot;switchScrollingOffset&quot;:0,&quot;switchScrollingDelay&quot;:500}\">\n\t\t\t<div class=\"jet-accordion__inner\">\n\t\t\t\t<div class=\" jet-accordion__item jet-toggle jet-toggle-move-up-effect \">\n\t\t\t\t\t\t\t<div id=\"jet-toggle-control-1821\" class=\"jet-toggle__control elementor-menu-anchor\" data-toggle=\"1\" role=\"button\" tabindex=\"0\" aria-controls=\"jet-toggle-content-1821\" aria-expanded=\"false\" data-template-id=\"false\">\n\t\t\t\t\t\t\t\t<div class=\"jet-toggle__label-icon jet-toggle-icon-position-right\"><span class=\"jet-toggle__icon icon-normal jet-tabs-icon\"><svg xmlns=\"http:\/\/www.w3.org\/2000\/svg\" xmlns:xlink=\"http:\/\/www.w3.org\/1999\/xlink\" aria-hidden=\"true\" class=\"iconify iconify--iconoir\" width=\"100%\" height=\"100%\" preserveAspectRatio=\"xMidYMid meet\" viewBox=\"0 0 24 24\"><path fill=\"none\" stroke=\"currentColor\" stroke-linecap=\"round\" stroke-linejoin=\"round\" stroke-width=\"1.5\" d=\"m9 6l6 6l-6 6\"><\/path><\/svg><\/span><span class=\"jet-toggle__icon icon-active jet-tabs-icon\"><svg xmlns=\"http:\/\/www.w3.org\/2000\/svg\" xmlns:xlink=\"http:\/\/www.w3.org\/1999\/xlink\" aria-hidden=\"true\" class=\"iconify iconify--iconoir\" width=\"100%\" height=\"100%\" preserveAspectRatio=\"xMidYMid meet\" viewBox=\"0 0 24 24\"><path fill=\"none\" stroke=\"currentColor\" stroke-linecap=\"round\" stroke-linejoin=\"round\" stroke-width=\"1.5\" d=\"m6 9l6 6l6-6\"><\/path><\/svg><\/span><\/div><div class=\"jet-toggle__label-text\">Conseil d'administration et comit\u00e9 ex\u00e9cutif<\/div>\t\t\t\t\t\t\t<\/div>\n\t\t\t\t\t\t\t<div id=\"jet-toggle-content-1821\" class=\"jet-toggle__content\" data-toggle=\"1\" role=\"region\" data-template-id=\"false\">\n\t\t\t\t\t\t\t\t<div class=\"jet-toggle__content-inner\"><ul>\n<li aria-level=\"1\">\n<h6><strong>Jamyang Dorje Rinpoche<\/strong> &#8211; Fondateur et pr\u00e9sident honoraire du conseil d&#8217;administration &#8211; Ma\u00eetre du Dharma<\/h6>\n<\/li>\n<\/ul>\n<ul>\n<li aria-level=\"1\">\n<h6><strong>Kutsab Dorje<\/strong> &#8211; Pr\u00e9sident du conseil d&#8217;administration &#8211; Membre du comit\u00e9 ex\u00e9cutif &#8211; Ma\u00eetre du Dharma<\/h6>\n<\/li>\n<\/ul>\n<ul>\n<li aria-level=\"1\">\n<h6><strong>Marina Jurado<\/strong> &#8211; Vice-pr\u00e9sidente du conseil d&#8217;administration &#8211; Membre du comit\u00e9 ex\u00e9cutif &#8211; Chercheuse<\/h6>\n<\/li>\n<\/ul>\n<ul>\n<li aria-level=\"1\">\n<h6><strong>Joaquim Fueyo<\/strong> &#8211; Membre du conseil d&#8217;administration &#8211; Membre du comit\u00e9 ex\u00e9cutif &#8211; Chercheur<\/h6>\n<\/li>\n<\/ul>\n<ul>\n<li>\n<h6><strong>Luc\u00eda G\u00f3mez<\/strong> &#8211; Directrice ex\u00e9cutive &#8211; Membre du comit\u00e9 ex\u00e9cutif &#8211; Chercheur<\/h6>\n<\/li>\n<\/ul>\n<ul>\n<li>\n<h6><strong>Isabel Esono<\/strong> &#8211; Secr\u00e9taire du conseil d&#8217;administration &#8211; Directrice acad\u00e9mique &#8211; Membre du comit\u00e9 ex\u00e9cutif  <\/h6>\n<\/li>\n<\/ul>\n<\/div>\n\t\t\t\t\t\t\t<\/div>\n\t\t\t\t\t\t<\/div><div class=\" jet-accordion__item jet-toggle jet-toggle-move-up-effect \">\n\t\t\t\t\t\t\t<div id=\"jet-toggle-control-1822\" class=\"jet-toggle__control elementor-menu-anchor\" data-toggle=\"2\" role=\"button\" tabindex=\"0\" aria-controls=\"jet-toggle-content-1822\" aria-expanded=\"false\" data-template-id=\"false\">\n\t\t\t\t\t\t\t\t<div class=\"jet-toggle__label-icon jet-toggle-icon-position-right\"><span class=\"jet-toggle__icon icon-normal jet-tabs-icon\"><svg xmlns=\"http:\/\/www.w3.org\/2000\/svg\" xmlns:xlink=\"http:\/\/www.w3.org\/1999\/xlink\" aria-hidden=\"true\" class=\"iconify iconify--iconoir\" width=\"100%\" height=\"100%\" preserveAspectRatio=\"xMidYMid meet\" viewBox=\"0 0 24 24\"><path fill=\"none\" stroke=\"currentColor\" stroke-linecap=\"round\" stroke-linejoin=\"round\" stroke-width=\"1.5\" d=\"m9 6l6 6l-6 6\"><\/path><\/svg><\/span><span class=\"jet-toggle__icon icon-active jet-tabs-icon\"><svg xmlns=\"http:\/\/www.w3.org\/2000\/svg\" xmlns:xlink=\"http:\/\/www.w3.org\/1999\/xlink\" aria-hidden=\"true\" class=\"iconify iconify--iconoir\" width=\"100%\" height=\"100%\" preserveAspectRatio=\"xMidYMid meet\" viewBox=\"0 0 24 24\"><path fill=\"none\" stroke=\"currentColor\" stroke-linecap=\"round\" stroke-linejoin=\"round\" stroke-width=\"1.5\" d=\"m6 9l6 6l6-6\"><\/path><\/svg><\/span><\/div><div class=\"jet-toggle__label-text\">Commission des \u00e9tudes et de la recherche<\/div>\t\t\t\t\t\t\t<\/div>\n\t\t\t\t\t\t\t<div id=\"jet-toggle-content-1822\" class=\"jet-toggle__content\" data-toggle=\"2\" role=\"region\" data-template-id=\"false\">\n\t\t\t\t\t\t\t\t<div class=\"jet-toggle__content-inner\"><ul>\n<li>Jamyang Dorje Rinpoche<\/li>\n<li>Kutsab Dorje<\/li>\n<li>Jamyang \u00d6ser<\/li>\n<li>Isabel Esono<\/li>\n<li>Alfredo Lamas<\/li>\n<li>Mecedes Blanco<\/li>\n<li>Patricia Serrano<\/li>\n<li>Elena Mayoral<\/li>\n<li>Jos\u00e9 Manuel Ramos<\/li>\n<li>Karel Danish<\/li>\n<li>Berta Abad<\/li>\n<li>Roc\u00edo de Miguel<\/li>\n<li>Lau Moyano<\/li>\n<li>Carlos Molina<\/li>\n<li>Luc\u00eda G\u00f3mez<\/li>\n<li>Ismael Oliver<\/li>\n<li>Mario Sanchez<\/li>\n<li>Joaquim Fueyo<\/li>\n<li>Marina Jurado<\/li>\n<li>Villa Chio<\/li>\n<li>Anna Salvatella<\/li>\n<li>Ville de Rodrigo<\/li>\n<li>Maril\u00f3 Sol\u00e1<\/li>\n<li>Lid\u00f3n Nebot<\/li>\n<li>Marialba Llurb\u00e1<\/li>\n<li>David de los R\u00edos<\/li>\n<\/ul>\n<\/div>\n\t\t\t\t\t\t\t<\/div>\n\t\t\t\t\t\t<\/div><div class=\" jet-accordion__item jet-toggle jet-toggle-move-up-effect \">\n\t\t\t\t\t\t\t<div id=\"jet-toggle-control-1823\" class=\"jet-toggle__control elementor-menu-anchor\" data-toggle=\"3\" role=\"button\" tabindex=\"0\" aria-controls=\"jet-toggle-content-1823\" aria-expanded=\"false\" data-template-id=\"false\">\n\t\t\t\t\t\t\t\t<div class=\"jet-toggle__label-icon jet-toggle-icon-position-right\"><span class=\"jet-toggle__icon icon-normal jet-tabs-icon\"><svg xmlns=\"http:\/\/www.w3.org\/2000\/svg\" xmlns:xlink=\"http:\/\/www.w3.org\/1999\/xlink\" aria-hidden=\"true\" class=\"iconify iconify--iconoir\" width=\"100%\" height=\"100%\" preserveAspectRatio=\"xMidYMid meet\" viewBox=\"0 0 24 24\"><path fill=\"none\" stroke=\"currentColor\" stroke-linecap=\"round\" stroke-linejoin=\"round\" stroke-width=\"1.5\" d=\"m9 6l6 6l-6 6\"><\/path><\/svg><\/span><span class=\"jet-toggle__icon icon-active jet-tabs-icon\"><svg xmlns=\"http:\/\/www.w3.org\/2000\/svg\" xmlns:xlink=\"http:\/\/www.w3.org\/1999\/xlink\" aria-hidden=\"true\" class=\"iconify iconify--iconoir\" width=\"100%\" height=\"100%\" preserveAspectRatio=\"xMidYMid meet\" viewBox=\"0 0 24 24\"><path fill=\"none\" stroke=\"currentColor\" stroke-linecap=\"round\" stroke-linejoin=\"round\" stroke-width=\"1.5\" d=\"m6 9l6 6l6-6\"><\/path><\/svg><\/span><\/div><div class=\"jet-toggle__label-text\">Administration et op\u00e9rations  <\/div>\t\t\t\t\t\t\t<\/div>\n\t\t\t\t\t\t\t<div id=\"jet-toggle-content-1823\" class=\"jet-toggle__content\" data-toggle=\"3\" role=\"region\" data-template-id=\"false\">\n\t\t\t\t\t\t\t\t<div class=\"jet-toggle__content-inner\"><ul>\n<li>Villa Chio<\/li>\n<li>Mario Sanchez<\/li>\n<li>Teresa Casas<\/li>\n<li>Lid\u00f3n Nebot<\/li>\n<li>Dolors Oliana<\/li>\n<li>N\u00faria G\u00f3mez<\/li>\n<li>Nancy<\/li>\n<li>Marc Bertrand<\/li>\n<li>Jes\u00fas L\u00f3pez<\/li>\n<li>Walter<\/li>\n<\/ul>\n<\/div>\n\t\t\t\t\t\t\t<\/div>\n\t\t\t\t\t\t<\/div>\t\t\t<\/div>\n\t\t<\/div>\n\t\t\t\t\t\t<\/div>\n\t\t\t\t<\/div>\n\t\t\t\t\t<\/div>\n\t\t\t\t<\/div>\n\t\t<div class=\"elementor-element elementor-element-43611e6 e-flex e-con-boxed e-con e-parent\" data-id=\"43611e6\" data-element_type=\"container\" data-e-type=\"container\" data-settings=\"{&quot;background_background&quot;:&quot;classic&quot;,&quot;jet_parallax_layout_list&quot;:[]}\">\n\t\t\t\t\t<div class=\"e-con-inner\">\n\t\t\t\t<div class=\"elementor-element elementor-element-a6bf4fb elementor-widget elementor-widget-heading\" data-id=\"a6bf4fb\" data-element_type=\"widget\" data-e-type=\"widget\" data-widget_type=\"heading.default\">\n\t\t\t\t<div class=\"elementor-widget-container\">\n\t\t\t\t\t<h2 class=\"elementor-heading-title elementor-size-default\">Vous souhaitez plus d'informations ?<\/h2>\t\t\t\t<\/div>\n\t\t\t\t<\/div>\n\t\t\t\t<div class=\"elementor-element elementor-element-27d8458 elementor-widget elementor-widget-jet-button\" data-id=\"27d8458\" data-element_type=\"widget\" data-e-type=\"widget\" data-widget_type=\"jet-button.default\">\n\t\t\t\t<div class=\"elementor-widget-container\">\n\t\t\t\t\t<div class=\"elementor-jet-button jet-elements\"><div class=\"jet-button__container\">\n\t<a class=\"jet-button__instance jet-button__instance--icon-left hover-effect-0\" href=\"https:\/\/monjesbudistas.org\/contacto\/\">\n\t\t<div class=\"jet-button__plane jet-button__plane-normal\"><\/div>\n\t\t<div class=\"jet-button__plane jet-button__plane-hover\"><\/div>\n\t\t<div class=\"jet-button__state jet-button__state-normal\">\n\t\t\t<span class=\"jet-button__icon jet-elements-icon\"><svg xmlns=\"http:\/\/www.w3.org\/2000\/svg\" xmlns:xlink=\"http:\/\/www.w3.org\/1999\/xlink\" aria-hidden=\"true\" class=\"iconify iconify--iconoir\" width=\"100%\" height=\"100%\" preserveAspectRatio=\"xMidYMid meet\" viewBox=\"0 0 24 24\"><path fill=\"none\" stroke=\"currentColor\" stroke-linecap=\"round\" stroke-linejoin=\"round\" stroke-width=\"1.5\" d=\"M6 12h12.5m0 0l-6-6m6 6l-6 6\"><\/path><\/svg><\/span><span class=\"jet-button__label\">Contactez-nous \u00e0 l'adresse suivante<\/span>\t\t<\/div>\n\t\t<div class=\"jet-button__state jet-button__state-hover\">\n\t\t\t<span class=\"jet-button__icon jet-elements-icon\"><svg xmlns=\"http:\/\/www.w3.org\/2000\/svg\" xmlns:xlink=\"http:\/\/www.w3.org\/1999\/xlink\" aria-hidden=\"true\" class=\"iconify iconify--iconoir\" width=\"100%\" height=\"100%\" preserveAspectRatio=\"xMidYMid meet\" viewBox=\"0 0 24 24\"><path fill=\"none\" stroke=\"currentColor\" stroke-linecap=\"round\" stroke-linejoin=\"round\" stroke-width=\"1.5\" d=\"M6 12h12.5m0 0l-6-6m6 6l-6 6\"><\/path><\/svg><\/span><span class=\"jet-button__label\">Contactez-nous \u00e0 l'adresse suivante<\/span>\t\t<\/div>\n\t<\/a>\n<\/div>\n<\/div>\t\t\t\t<\/div>\n\t\t\t\t<\/div>\n\t\t\t\t\t<\/div>\n\t\t\t\t<\/div>\n\t\t\t\t<\/div>\n\t\t","protected":false},"excerpt":{"rendered":"<p>Inicio L&#8217;\u00e9quipe Nous sommes des personnes d&#8217;origines et d&#8217;exp\u00e9riences diverses, en \u00e9tat d&#8217;apprentissage et de transformation, profond\u00e9ment attir\u00e9es par un id\u00e9al de communaut\u00e9 engag\u00e9e pour le bien commun. Nous sommes passionn\u00e9s par nos professions et vivons notre mission en tant que partenaires du changement gr\u00e2ce \u00e0 notre curiosit\u00e9 intrins\u00e8que pour le monde et \u00e0 notre [&hellip;]<\/p>\n","protected":false},"author":4,"featured_media":1093840000005273,"parent":1093840000006058,"menu_order":0,"comment_status":"closed","ping_status":"closed","template":"","meta":{"give_campaign_id":0,"footnotes":""},"class_list":["post-1093840000005877","page","type-page","status-publish","has-post-thumbnail","hentry"],"campaignId":"","_links":{"self":[{"href":"https:\/\/monjesbudistas.org\/fr\/wp-json\/wp\/v2\/pages\/1093840000005877","targetHints":{"allow":["GET"]}}],"collection":[{"href":"https:\/\/monjesbudistas.org\/fr\/wp-json\/wp\/v2\/pages"}],"about":[{"href":"https:\/\/monjesbudistas.org\/fr\/wp-json\/wp\/v2\/types\/page"}],"author":[{"embeddable":true,"href":"https:\/\/monjesbudistas.org\/fr\/wp-json\/wp\/v2\/users\/4"}],"replies":[{"embeddable":true,"href":"https:\/\/monjesbudistas.org\/fr\/wp-json\/wp\/v2\/comments?post=1093840000005877"}],"version-history":[{"count":3,"href":"https:\/\/monjesbudistas.org\/fr\/wp-json\/wp\/v2\/pages\/1093840000005877\/revisions"}],"predecessor-version":[{"id":1093840000007390,"href":"https:\/\/monjesbudistas.org\/fr\/wp-json\/wp\/v2\/pages\/1093840000005877\/revisions\/1093840000007390"}],"up":[{"embeddable":true,"href":"https:\/\/monjesbudistas.org\/fr\/wp-json\/wp\/v2\/pages\/1093840000006058"}],"wp:featuredmedia":[{"embeddable":true,"href":"https:\/\/monjesbudistas.org\/fr\/wp-json\/wp\/v2\/media\/1093840000005273"}],"wp:attachment":[{"href":"https:\/\/monjesbudistas.org\/fr\/wp-json\/wp\/v2\/media?parent=1093840000005877"}],"curies":[{"name":"wp","href":"https:\/\/api.w.org\/{rel}","templated":true}]}}