{"id":1093840000007700,"date":"2024-12-12T16:39:49","date_gmt":"2024-12-12T15:39:49","guid":{"rendered":"https:\/\/monjesbudistas.org\/product\/formacio-mahayana-essencia-de-la-compassio-febrer-2025\/"},"modified":"2024-12-12T16:39:49","modified_gmt":"2024-12-12T15:39:49","slug":"formacio-mahayana-essencia-de-la-compassio-febrer-2025","status":"publish","type":"product","link":"https:\/\/monjesbudistas.org\/ca\/producte\/formacio-mahayana-essencia-de-la-compassio-febrer-2025\/","title":{"rendered":"Formaci\u00f3 Mahayana &#8211; Ess\u00e8ncia de la Compassi\u00f3 &#8211; Febrer 2025"},"content":{"rendered":"<p><strong>Edici\u00f3 Febrer &#8211; Juny 2025<\/strong><\/p>\n","protected":false},"excerpt":{"rendered":"<p>Edici\u00f3 Febrer &#8211; Juny 2025<\/p>\n","protected":false},"featured_media":1093840000001082,"template":"","meta":{"give_campaign_id":0},"product_brand":[],"product_cat":[160],"product_tag":[],"class_list":{"0":"post-1093840000007700","1":"product","2":"type-product","3":"status-publish","4":"has-post-thumbnail","6":"product_cat-cicles-formatius","8":"first","9":"instock","10":"taxable","11":"shipping-taxable","12":"purchasable","13":"product-type-variable"},"_links":{"self":[{"href":"https:\/\/monjesbudistas.org\/ca\/wp-json\/wp\/v2\/product\/1093840000007700","targetHints":{"allow":["GET"]}}],"collection":[{"href":"https:\/\/monjesbudistas.org\/ca\/wp-json\/wp\/v2\/product"}],"about":[{"href":"https:\/\/monjesbudistas.org\/ca\/wp-json\/wp\/v2\/types\/product"}],"wp:featuredmedia":[{"embeddable":true,"href":"https:\/\/monjesbudistas.org\/ca\/wp-json\/wp\/v2\/media\/1093840000001082"}],"wp:attachment":[{"href":"https:\/\/monjesbudistas.org\/ca\/wp-json\/wp\/v2\/media?parent=1093840000007700"}],"wp:term":[{"taxonomy":"product_brand","embeddable":true,"href":"https:\/\/monjesbudistas.org\/ca\/wp-json\/wp\/v2\/product_brand?post=1093840000007700"},{"taxonomy":"product_cat","embeddable":true,"href":"https:\/\/monjesbudistas.org\/ca\/wp-json\/wp\/v2\/product_cat?post=1093840000007700"},{"taxonomy":"product_tag","embeddable":true,"href":"https:\/\/monjesbudistas.org\/ca\/wp-json\/wp\/v2\/product_tag?post=1093840000007700"}],"curies":[{"name":"wp","href":"https:\/\/api.w.org\/{rel}","templated":true}]}}