{"id":1093840000007657,"date":"2025-05-30T12:24:18","date_gmt":"2025-05-30T10:24:18","guid":{"rendered":"https:\/\/monjesbudistas.org\/product\/programa-apren-a-meditar-any-2-setembre-2025-oient\/"},"modified":"2025-07-04T13:44:21","modified_gmt":"2025-07-04T11:44:21","slug":"programa-apren-a-meditar-any-2-setembre-2025-oient","status":"publish","type":"product","link":"https:\/\/monjesbudistas.org\/ca\/producte\/programa-apren-a-meditar-any-2-setembre-2025-oient\/","title":{"rendered":"Programa Apr\u00e8n a Meditar &#8211; Any 2 (Setembre 2025) | Oient"},"content":{"rendered":"<h4>MODALITAT OIENT PRESENCIAL I ONLINE<\/h4>\n<p>Edici\u00f3 Setembre 2025 &#8211; Juny 2026<\/p>\n<p>&nbsp;<\/p>\n<p>Aquesta inscripci\u00f3 correspon a l&#8217;any de formaci\u00f3 de setembre de 2025 a juny de 2026.<\/p>\n<p>La inscripci\u00f3 en modalitat oient es compon de les sessions de formaci\u00f3 dels dissabtes de 10h00 a 13h30.<\/p>\n<p>Tindr\u00e0s acc\u00e9s a l&#8217;aula virtual que et permet accedir a les gravacions d&#8217;aquestes sessions durant la durada de la formaci\u00f3.<\/p>\n","protected":false},"excerpt":{"rendered":"<p>MODALITAT OIENT PRESENCIAL I ONLINE Edici\u00f3 Setembre 2025 &#8211; Juny 2026 &nbsp; Aquesta inscripci\u00f3 correspon a l&#8217;any de formaci\u00f3 de setembre de 2025 a juny de 2026. La inscripci\u00f3 en modalitat oient es compon de les sessions de formaci\u00f3 dels dissabtes de 10h00 a 13h30. Tindr\u00e0s acc\u00e9s a l&#8217;aula virtual que et permet accedir a [&hellip;]<\/p>\n","protected":false},"featured_media":1093840000004656,"template":"","meta":{"give_campaign_id":0},"product_brand":[],"product_cat":[160],"product_tag":[],"class_list":{"0":"post-1093840000007657","1":"product","2":"type-product","3":"status-publish","4":"has-post-thumbnail","6":"product_cat-cicles-formatius","8":"first","9":"instock","10":"taxable","11":"shipping-taxable","12":"purchasable","13":"product-type-variable"},"_links":{"self":[{"href":"https:\/\/monjesbudistas.org\/ca\/wp-json\/wp\/v2\/product\/1093840000007657","targetHints":{"allow":["GET"]}}],"collection":[{"href":"https:\/\/monjesbudistas.org\/ca\/wp-json\/wp\/v2\/product"}],"about":[{"href":"https:\/\/monjesbudistas.org\/ca\/wp-json\/wp\/v2\/types\/product"}],"wp:featuredmedia":[{"embeddable":true,"href":"https:\/\/monjesbudistas.org\/ca\/wp-json\/wp\/v2\/media\/1093840000004656"}],"wp:attachment":[{"href":"https:\/\/monjesbudistas.org\/ca\/wp-json\/wp\/v2\/media?parent=1093840000007657"}],"wp:term":[{"taxonomy":"product_brand","embeddable":true,"href":"https:\/\/monjesbudistas.org\/ca\/wp-json\/wp\/v2\/product_brand?post=1093840000007657"},{"taxonomy":"product_cat","embeddable":true,"href":"https:\/\/monjesbudistas.org\/ca\/wp-json\/wp\/v2\/product_cat?post=1093840000007657"},{"taxonomy":"product_tag","embeddable":true,"href":"https:\/\/monjesbudistas.org\/ca\/wp-json\/wp\/v2\/product_tag?post=1093840000007657"}],"curies":[{"name":"wp","href":"https:\/\/api.w.org\/{rel}","templated":true}]}}