{"id":1093840000007642,"date":"2025-05-30T12:43:32","date_gmt":"2025-05-30T10:43:32","guid":{"rendered":"https:\/\/monjesbudistas.org\/product\/programa-apren-a-meditar-any-2-setembre-2025-grup-presencial\/"},"modified":"2025-08-07T18:21:18","modified_gmt":"2025-08-07T16:21:18","slug":"programa-apren-a-meditar-any-2-setembre-2025-grup-presencial","status":"publish","type":"product","link":"https:\/\/monjesbudistas.org\/ca\/producte\/programa-apren-a-meditar-any-2-setembre-2025-grup-presencial\/","title":{"rendered":"Programa Apr\u00e8n a Meditar &#8211; Any 2 (Setembre 2025) | Grup Presencial"},"content":{"rendered":"<h4>MODALITAT GRUP D&#8217;ESTUDI I PR\u00c0CTICA PRESENCIAL<\/h4>\n<p>Edici\u00f3 Setembre 2025 &#8211; Juny 2026<\/p>\n<p>&nbsp;<\/p>\n<p>Aquesta inscripci\u00f3 correspon a l&#8217;any de formaci\u00f3 de setembre de 2025 a juny de 2026.<\/p>\n<p>La inscripci\u00f3 en modalitat grup d&#8217;estudi i pr\u00e0ctica es compon de les sessions de formaci\u00f3 de dia complet, els exercicis de reflexi\u00f3 individual i de Grup d&#8217;Estudi i Pr\u00e0ctica aix\u00ed com les reunions de grup i la reuni\u00f3 de resoluci\u00f3 de dubtes.<\/p>\n<p>Tindr\u00e0s acc\u00e9s a l&#8217;aula virtual que et permet accedir a les gravacions d&#8217;aquestes sessions durant la durada de la formaci\u00f3.<\/p>\n","protected":false},"excerpt":{"rendered":"<p>MODALITAT GRUP D&#8217;ESTUDI I PR\u00c0CTICA PRESENCIAL Edici\u00f3 Setembre 2025 &#8211; Juny 2026 &nbsp; Aquesta inscripci\u00f3 correspon a l&#8217;any de formaci\u00f3 de setembre de 2025 a juny de 2026. La inscripci\u00f3 en modalitat grup d&#8217;estudi i pr\u00e0ctica es compon de les sessions de formaci\u00f3 de dia complet, els exercicis de reflexi\u00f3 individual i de Grup d&#8217;Estudi [&hellip;]<\/p>\n","protected":false},"featured_media":1093840000004656,"template":"","meta":{"give_campaign_id":0},"product_brand":[],"product_cat":[160],"product_tag":[],"class_list":{"0":"post-1093840000007642","1":"product","2":"type-product","3":"status-publish","4":"has-post-thumbnail","6":"product_cat-cicles-formatius","8":"first","9":"instock","10":"taxable","11":"shipping-taxable","12":"purchasable","13":"product-type-variable"},"_links":{"self":[{"href":"https:\/\/monjesbudistas.org\/ca\/wp-json\/wp\/v2\/product\/1093840000007642","targetHints":{"allow":["GET"]}}],"collection":[{"href":"https:\/\/monjesbudistas.org\/ca\/wp-json\/wp\/v2\/product"}],"about":[{"href":"https:\/\/monjesbudistas.org\/ca\/wp-json\/wp\/v2\/types\/product"}],"wp:featuredmedia":[{"embeddable":true,"href":"https:\/\/monjesbudistas.org\/ca\/wp-json\/wp\/v2\/media\/1093840000004656"}],"wp:attachment":[{"href":"https:\/\/monjesbudistas.org\/ca\/wp-json\/wp\/v2\/media?parent=1093840000007642"}],"wp:term":[{"taxonomy":"product_brand","embeddable":true,"href":"https:\/\/monjesbudistas.org\/ca\/wp-json\/wp\/v2\/product_brand?post=1093840000007642"},{"taxonomy":"product_cat","embeddable":true,"href":"https:\/\/monjesbudistas.org\/ca\/wp-json\/wp\/v2\/product_cat?post=1093840000007642"},{"taxonomy":"product_tag","embeddable":true,"href":"https:\/\/monjesbudistas.org\/ca\/wp-json\/wp\/v2\/product_tag?post=1093840000007642"}],"curies":[{"name":"wp","href":"https:\/\/api.w.org\/{rel}","templated":true}]}}