{"id":1093840000006640,"date":"2024-05-15T19:42:45","date_gmt":"2024-05-15T19:42:45","guid":{"rendered":"https:\/\/monjesbudistas.org\/product\/visita-guiada-al-monestir\/"},"modified":"2025-10-28T11:29:45","modified_gmt":"2025-10-28T10:29:45","slug":"visita-guiada-al-monestir","status":"publish","type":"product","link":"https:\/\/monjesbudistas.org\/ca\/producte\/visita-guiada-al-monestir\/","title":{"rendered":"Visita Guiada al Monestir"},"content":{"rendered":"<p>Podr\u00e0s con\u00e8ixer la hist\u00f2ria del Palau Novella (1890), un edifici singular del modernisme catal\u00e0 i descobrir sobre la filosofia de vida de la comunitat Sakya Tashi Ling.<\/p>\n<p><strong>Important:<\/strong><br \/>\nTotes les visites guiades, recessos i activitats d\u2019aula es fan en castell\u00e0. Tot i aix\u00f2, per a grups de 6 persones o m\u00e9s, \u00e9s possible oferir l\u2019experi\u00e8ncia en catal\u00e0, angl\u00e8s o franc\u00e8s si se sol\u00b7licita pr\u00e8viament.<br \/>\nPer consultar aquesta opci\u00f3, si us plau contacta\u2019ns a trav\u00e9s del nostre <a href=\"https:\/\/monjesbudistas.org\/ca\/contacte\/\">formulari de contacte<\/a>. <\/p>\n","protected":false},"excerpt":{"rendered":"<p><em>Tarifa Visita redu\u00efda 7\u20ac: Tarifa aplicable a nens (de 5 a 12 anys), jubilats, estudiants universitaris, professors, fam\u00edlia nombrosa, fam\u00edlia monoparental, persones discapacitades i pensionistes. Es sol\u00b7licitar\u00e0 la documentaci\u00f3 acreditativa en el moment de recollir les entrades. <\/em><\/p>\n<p>&nbsp;<\/p>\n<p>* Per a compres el mateix dia, si us plau realitzar-les de manera presencial a l&#8217;Oficina de l&#8217;Estudiant, ubicada al Monestir<\/p>\n","protected":false},"featured_media":1093840000005010,"template":"","meta":{"give_campaign_id":0},"product_brand":[],"product_cat":[147],"product_tag":[148],"class_list":{"0":"post-1093840000006640","1":"product","2":"type-product","3":"status-publish","4":"has-post-thumbnail","6":"product_cat-activitats-en-el-monestir","7":"product_tag-visites-ca","9":"first","10":"instock","11":"virtual","12":"sold-individually","13":"purchasable","14":"product-type-booking"},"_links":{"self":[{"href":"https:\/\/monjesbudistas.org\/ca\/wp-json\/wp\/v2\/product\/1093840000006640","targetHints":{"allow":["GET"]}}],"collection":[{"href":"https:\/\/monjesbudistas.org\/ca\/wp-json\/wp\/v2\/product"}],"about":[{"href":"https:\/\/monjesbudistas.org\/ca\/wp-json\/wp\/v2\/types\/product"}],"wp:featuredmedia":[{"embeddable":true,"href":"https:\/\/monjesbudistas.org\/ca\/wp-json\/wp\/v2\/media\/1093840000005010"}],"wp:attachment":[{"href":"https:\/\/monjesbudistas.org\/ca\/wp-json\/wp\/v2\/media?parent=1093840000006640"}],"wp:term":[{"taxonomy":"product_brand","embeddable":true,"href":"https:\/\/monjesbudistas.org\/ca\/wp-json\/wp\/v2\/product_brand?post=1093840000006640"},{"taxonomy":"product_cat","embeddable":true,"href":"https:\/\/monjesbudistas.org\/ca\/wp-json\/wp\/v2\/product_cat?post=1093840000006640"},{"taxonomy":"product_tag","embeddable":true,"href":"https:\/\/monjesbudistas.org\/ca\/wp-json\/wp\/v2\/product_tag?post=1093840000006640"}],"curies":[{"name":"wp","href":"https:\/\/api.w.org\/{rel}","templated":true}]}}