{"id":1093840000006639,"date":"2024-05-27T09:36:55","date_gmt":"2024-05-27T07:36:55","guid":{"rendered":"https:\/\/monjesbudistas.org\/product\/pack-visita-guiada-aula-meditacio-menu-gastronomic\/"},"modified":"2025-10-28T11:20:30","modified_gmt":"2025-10-28T10:20:30","slug":"pack-visita-guiada-aula-meditacio-menu-gastronomic","status":"publish","type":"product","link":"https:\/\/monjesbudistas.org\/ca\/producte\/pack-visita-guiada-aula-meditacio-menu-gastronomic\/","title":{"rendered":"Pack Visita Guiada + Aula Meditaci\u00f3 + Men\u00fa Gastron\u00f2mic"},"content":{"rendered":"<p><strong>Visita guiada pel Palau Novella, Aula d&#8217;Introducci\u00f3 a la meditaci\u00f3 i Men\u00fa Gastron\u00f2mic**<br \/>\n<\/strong>L&#8217;experi\u00e8ncia m\u00e9s completa: de la m\u00e0 dels nostres guies coneixer\u00e0s la hist\u00f2ria del Palau Novella, un edifici singular del modernisme catal\u00e0 constru\u00eft el 1890, i t&#8217;apropar\u00e0s a la filosofia de vida de la comunitat Sakya Tashi Ling. Gaudir\u00e0s d&#8217;un men\u00fa tradicional de la Col\u00f2nia Agr\u00edcola en un entorn \u00fanic, i a l&#8217;Aula d&#8217;Introducci\u00f3 a la meditaci\u00f3 budista t&#8217;iniciar\u00e0s en la pr\u00e0ctica d&#8217;aquesta i descobrir\u00e0s els seus beneficis per a una vida significativa i saludable. <\/p>\n<p><em>Preu exclusiu en reservar via web<\/em><\/p>\n<p><i>* Si voleu reservar per a m\u00e9s de 8 persones o el mateix dia de la visita, si us plau contacteu amb el nostre equip <a href=\"https:\/\/monjesbudistas.org\/ca\/contacte\/\">aqu\u00ed<\/a>.<\/i><\/p>\n<p><strong>Important:<\/strong><br \/>\nTotes les visites guiades, recessos i activitats d&#8217;aula es fan en castell\u00e0. Tot i aix\u00f2, per a grups de 6 persones o m\u00e9s, \u00e9s possible oferir l&#8217;experi\u00e8ncia en angl\u00e8s si se sol\u00b7licita pr\u00e8viament.<br \/>\nPer consultar aquesta opci\u00f3, si us plau contacta&#8217;ns a trav\u00e9s del nostre <a href=\"https:\/\/monjesbudistas.org\/ca\/contacte\/\">formulari de contacte<\/a>. <\/p>\n","protected":false},"excerpt":{"rendered":"<p><strong><em>Opcions d&#8217;horari:<\/em><\/strong><\/p>\n<p class=\"p1\"><b><i>11h <\/i><\/b><i>&#8211; Visita Guiada a les 11h + Aula de meditaci\u00f3 12:00h + Dinar 14:30h<\/i><\/p>\n<p class=\"p1\"><b><i>12h <\/i><\/b><i>&#8211; Aula de meditaci\u00f3 a les 12h + Dinar 14:30h + Visita Guiada 16:00h<\/i><\/p>\n<p><em>L&#8217;horari del dinar \u00e9s indicatiu i pot estar subjecte a petites variacions.<\/em><\/p>\n<p><em>Si necessiteu canviar l&#8217;hora o l&#8217;ordre de les activitats, contacteu-nos per email (<a href=\"mailto:info@monjesbudistas.org\" target=\"_blank\" rel=\"noopener\">info@monjesbudistas.org<\/a>) o truqueu-nos al <i><a href=\"tel:+34937432010\">+34 937 432 010<\/a><\/i><\/em><\/p>\n<p><em>Tarifa redu\u00efda 54\u20ac: Tarifa aplicable a jubilats, estudiants universitaris, professors, fam\u00edlia nombrosa, fam\u00edlia monoparental, persones discapacitades i pensionistes. Es sol\u00b7licitar\u00e0 la documentaci\u00f3 acreditativa en el moment de recollir les entrades. <\/em><\/p>\n","protected":false},"featured_media":1093840000005019,"template":"","meta":{"give_campaign_id":0},"product_brand":[],"product_cat":[149],"product_tag":[150],"class_list":{"0":"post-1093840000006639","1":"product","2":"type-product","3":"status-publish","4":"has-post-thumbnail","6":"product_cat-packs-ca","7":"product_tag-packs-ca","9":"first","10":"instock","11":"virtual","12":"sold-individually","13":"taxable","14":"purchasable","15":"product-type-booking"},"_links":{"self":[{"href":"https:\/\/monjesbudistas.org\/ca\/wp-json\/wp\/v2\/product\/1093840000006639","targetHints":{"allow":["GET"]}}],"collection":[{"href":"https:\/\/monjesbudistas.org\/ca\/wp-json\/wp\/v2\/product"}],"about":[{"href":"https:\/\/monjesbudistas.org\/ca\/wp-json\/wp\/v2\/types\/product"}],"wp:featuredmedia":[{"embeddable":true,"href":"https:\/\/monjesbudistas.org\/ca\/wp-json\/wp\/v2\/media\/1093840000005019"}],"wp:attachment":[{"href":"https:\/\/monjesbudistas.org\/ca\/wp-json\/wp\/v2\/media?parent=1093840000006639"}],"wp:term":[{"taxonomy":"product_brand","embeddable":true,"href":"https:\/\/monjesbudistas.org\/ca\/wp-json\/wp\/v2\/product_brand?post=1093840000006639"},{"taxonomy":"product_cat","embeddable":true,"href":"https:\/\/monjesbudistas.org\/ca\/wp-json\/wp\/v2\/product_cat?post=1093840000006639"},{"taxonomy":"product_tag","embeddable":true,"href":"https:\/\/monjesbudistas.org\/ca\/wp-json\/wp\/v2\/product_tag?post=1093840000006639"}],"curies":[{"name":"wp","href":"https:\/\/api.w.org\/{rel}","templated":true}]}}