{"id":1093840000006638,"date":"2024-05-27T10:30:38","date_gmt":"2024-05-27T08:30:38","guid":{"rendered":"https:\/\/monjesbudistas.org\/product\/pack-aula-meditacio-menu-gastronomic\/"},"modified":"2025-10-28T11:14:12","modified_gmt":"2025-10-28T10:14:12","slug":"pack-aula-meditacio-menu-gastronomic","status":"publish","type":"product","link":"https:\/\/monjesbudistas.org\/ca\/producte\/pack-aula-meditacio-menu-gastronomic\/","title":{"rendered":"Pack Aula Meditaci\u00f3 + Men\u00fa Gastron\u00f2mic"},"content":{"rendered":"<p><strong><b>Aula Introducci\u00f3 a la Meditaci\u00f3 i Men\u00fa Gastron\u00f2mic<\/b><br \/>\n<\/strong><\/p>\n<p>A l&#8217;Aula d&#8217;Introducci\u00f3 a la Meditaci\u00f3 Budista descobrir\u00e0s els seus beneficis i t&#8217;introduir\u00e0s en la seva pr\u00e0ctica formal basada en l&#8217;atenci\u00f3 a la respiraci\u00f3. Completar\u00e0s l&#8217;experi\u00e8ncia degustant el men\u00fa tradicional de la Col\u00f2nia Agr\u00edcola en un entorn privilegiat: les terrasses del \u201cpati del safareig gaudini\u00e0\u201d. <\/p>\n<p><em>Preu exclusiu en reservar via web<\/em><\/p>\n<p><i>* Si voleu reservar per a m\u00e9s de 8 persones o el mateix dia de la visita, si us plau contacteu amb el nostre equip <a href=\"https:\/\/monjesbudistas.org\/ca\/contacte\/\">aqu\u00ed<\/a><\/i><\/p>\n<p>Important:<br \/>\nTotes les visites guiades, recessos i activitats d&#8217;aula es fan en castell\u00e0. Tot i aix\u00f2, per a grups de 6 persones o m\u00e9s, \u00e9s possible oferir l&#8217;experi\u00e8ncia en angl\u00e8s si se sol\u00b7licita pr\u00e8viament.<br \/>\nPer consultar aquesta opci\u00f3, si us plau contacta&#8217;ns a trav\u00e9s del nostre <a href=\"https:\/\/monjesbudistas.org\/ca\/contacte\/\">formulari de contacte<\/a>. <\/p>\n","protected":false},"excerpt":{"rendered":"<p class=\"p1\"><i>Horari:<\/i><\/p>\n<p class=\"p1\"><b><i>12h <\/i><\/b><i>&#8211; Aula d&#8217;Introducci\u00f3 a la meditaci\u00f3 budista a les 12h + Dinar 14:10h<\/i><\/p>\n<p><em>L&#8217;horari del dinar \u00e9s indicatiu i pot estar subjecte a petites variacions.<\/em><\/p>\n","protected":false},"featured_media":1093840000005013,"template":"","meta":{"give_campaign_id":0},"product_brand":[],"product_cat":[149],"product_tag":[150],"class_list":{"0":"post-1093840000006638","1":"product","2":"type-product","3":"status-publish","4":"has-post-thumbnail","6":"product_cat-packs-ca","7":"product_tag-packs-ca","9":"first","10":"instock","11":"virtual","12":"sold-individually","13":"taxable","14":"purchasable","15":"product-type-booking"},"_links":{"self":[{"href":"https:\/\/monjesbudistas.org\/ca\/wp-json\/wp\/v2\/product\/1093840000006638","targetHints":{"allow":["GET"]}}],"collection":[{"href":"https:\/\/monjesbudistas.org\/ca\/wp-json\/wp\/v2\/product"}],"about":[{"href":"https:\/\/monjesbudistas.org\/ca\/wp-json\/wp\/v2\/types\/product"}],"wp:featuredmedia":[{"embeddable":true,"href":"https:\/\/monjesbudistas.org\/ca\/wp-json\/wp\/v2\/media\/1093840000005013"}],"wp:attachment":[{"href":"https:\/\/monjesbudistas.org\/ca\/wp-json\/wp\/v2\/media?parent=1093840000006638"}],"wp:term":[{"taxonomy":"product_brand","embeddable":true,"href":"https:\/\/monjesbudistas.org\/ca\/wp-json\/wp\/v2\/product_brand?post=1093840000006638"},{"taxonomy":"product_cat","embeddable":true,"href":"https:\/\/monjesbudistas.org\/ca\/wp-json\/wp\/v2\/product_cat?post=1093840000006638"},{"taxonomy":"product_tag","embeddable":true,"href":"https:\/\/monjesbudistas.org\/ca\/wp-json\/wp\/v2\/product_tag?post=1093840000006638"}],"curies":[{"name":"wp","href":"https:\/\/api.w.org\/{rel}","templated":true}]}}