{"id":1093840000006637,"date":"2024-05-27T11:39:14","date_gmt":"2024-05-27T09:39:14","guid":{"rendered":"https:\/\/monjesbudistas.org\/product\/pack-visita-guiada-aula-meditacio\/"},"modified":"2025-10-28T11:17:52","modified_gmt":"2025-10-28T10:17:52","slug":"pack-visita-guiada-aula-meditacio","status":"publish","type":"product","link":"https:\/\/monjesbudistas.org\/ca\/producte\/pack-visita-guiada-aula-meditacio\/","title":{"rendered":"Pack Visita Guiada + Aula Meditaci\u00f3"},"content":{"rendered":"<p><strong>Visita guiada pel Palau Novella i Aula d&#8217;Introducci\u00f3 a la meditaci\u00f3<\/strong><\/p>\n<p class=\"p1\">De la m\u00e0 del nostre guia recorrer\u00e0s diversos espais del Palau Novella, un edifici singular del modernisme catal\u00e0 constru\u00eft el 1890. Coneixer\u00e0s la seva hist\u00f2ria i t&#8217;acostar\u00e0s a la filosofia de vida de la comunitat. Completar\u00e0s l&#8217;experi\u00e8ncia amb l&#8217;Aula d&#8217;Introducci\u00f3 a la meditaci\u00f3 budista, on descobrir\u00e0s els seus beneficis i t&#8217;introduir\u00e0s en la seva pr\u00e0ctica formal basada en l&#8217;atenci\u00f3 a la respiraci\u00f3.  <\/p>\n<p>Si les propostes d&#8217;horaris suggerides no s&#8217;ajusten a les vostres necessitats, o si necessiteu m\u00e9s informaci\u00f3, podeu contactar-nos per correu a <a href=\"mailto:info@monjesbudistas.org\" target=\"_blank\" rel=\"noopener\">info@monjesbudistas.org<\/a> o per tel\u00e8fon al <i><a href=\"tel:+34937432010\">+34 937 432 010<\/a><\/i> i planificarem la millor opci\u00f3 per a la vostra visita.<\/p>\n<p><em>Preu exclusiu en reservar via web<\/em><\/p>\n<p><strong>Important:<\/strong><br \/>\nTotes les visites guiades, recessos i activitats d&#8217;aula es fan en castell\u00e0. Tot i aix\u00f2, per a grups de 6 persones o m\u00e9s, \u00e9s possible oferir l&#8217;experi\u00e8ncia en angl\u00e8s si se sol\u00b7licita pr\u00e8viament.<br \/>\nPer consultar aquesta opci\u00f3, si us plau contacta&#8217;ns a trav\u00e9s del nostre <a href=\"https:\/\/monjesbudistas.org\/ca\/contacte\/\">formulari de contacte<\/a>. <\/p>\n","protected":false},"excerpt":{"rendered":"<p class=\"p1\"><i>Opcions d&#8217;horari:<\/i><\/p>\n<p class=\"p1\"><b><i>11h <\/i><\/b><i>&#8211; Visita Guiada a les 11h + Aula de meditaci\u00f3 12:00h<\/i><\/p>\n<p class=\"p1\"><i><\/i><b><i>12h <\/i><\/b><i>&#8211; Aula de meditaci\u00f3 a les 12h + Visita Guiada a les 16:00h<\/i><\/p>\n<p class=\"p1\"><i>Si necessites canviar l&#8217;hora o l&#8217;ordre de les activitats, contacta&#8217;ns per email (<a href=\"mailto:info@monjesbudistas.org\" target=\"_blank\" rel=\"noopener\">info@monjesbudistas.org<\/a>) o truca&#8217;ns al <a href=\"tel:+34937432010\">+34 937 432 010<\/a><\/i><\/p>\n<p>*Tarifa Visita redu\u00efda 31\u20ac: Tarifa aplicable a jubilats, estudiants universitaris, professors, fam\u00edlia nombrosa, fam\u00edlia monoparental, persones discapacitades i pensionistes. Es sol\u00b7licitar\u00e0 la documentaci\u00f3 acreditativa en el moment de recollir les entrades. <\/p>\n<p><span style=\"text-decoration: underline;\">Per realitzar reserves el mateix dia de la visita<\/span>, si us plau truqueu-nos al <i><a href=\"tel:+34937432010\">+34 937 432 010<\/a><\/i><\/p>\n","protected":false},"featured_media":1093840000005016,"template":"","meta":{"give_campaign_id":0},"product_brand":[],"product_cat":[149],"product_tag":[150],"class_list":{"0":"post-1093840000006637","1":"product","2":"type-product","3":"status-publish","4":"has-post-thumbnail","6":"product_cat-packs-ca","7":"product_tag-packs-ca","9":"first","10":"instock","11":"virtual","12":"sold-individually","13":"purchasable","14":"product-type-booking"},"_links":{"self":[{"href":"https:\/\/monjesbudistas.org\/ca\/wp-json\/wp\/v2\/product\/1093840000006637","targetHints":{"allow":["GET"]}}],"collection":[{"href":"https:\/\/monjesbudistas.org\/ca\/wp-json\/wp\/v2\/product"}],"about":[{"href":"https:\/\/monjesbudistas.org\/ca\/wp-json\/wp\/v2\/types\/product"}],"wp:featuredmedia":[{"embeddable":true,"href":"https:\/\/monjesbudistas.org\/ca\/wp-json\/wp\/v2\/media\/1093840000005016"}],"wp:attachment":[{"href":"https:\/\/monjesbudistas.org\/ca\/wp-json\/wp\/v2\/media?parent=1093840000006637"}],"wp:term":[{"taxonomy":"product_brand","embeddable":true,"href":"https:\/\/monjesbudistas.org\/ca\/wp-json\/wp\/v2\/product_brand?post=1093840000006637"},{"taxonomy":"product_cat","embeddable":true,"href":"https:\/\/monjesbudistas.org\/ca\/wp-json\/wp\/v2\/product_cat?post=1093840000006637"},{"taxonomy":"product_tag","embeddable":true,"href":"https:\/\/monjesbudistas.org\/ca\/wp-json\/wp\/v2\/product_tag?post=1093840000006637"}],"curies":[{"name":"wp","href":"https:\/\/api.w.org\/{rel}","templated":true}]}}