{"id":1093840000006632,"date":"2024-05-27T13:08:51","date_gmt":"2024-05-27T11:08:51","guid":{"rendered":"https:\/\/monjesbudistas.org\/product\/pack-visita-guiada-menu-gastronomic\/"},"modified":"2025-10-28T11:14:57","modified_gmt":"2025-10-28T10:14:57","slug":"pack-visita-guiada-menu-gastronomic","status":"publish","type":"product","link":"https:\/\/monjesbudistas.org\/ca\/producte\/pack-visita-guiada-menu-gastronomic\/","title":{"rendered":"Pack Visita Guiada + Men\u00fa Gastron\u00f2mic"},"content":{"rendered":"<p class=\"p1\"><b>Visita Guiada al Palau Novella i Men\u00fa Gastron\u00f2mic<br \/>\n<\/b><\/p>\n<p>De la m\u00e0 dels nostres guies recorrer\u00e0s diversos espais del Palau Novella, un edifici singular del modernisme catal\u00e0 constru\u00eft el 1890. Coneixer\u00e0s la seva hist\u00f2ria i t&#8217;apropar\u00e0s a la filosofia de vida de la comunitat. Completar\u00e0s l&#8217;experi\u00e8ncia degustant el men\u00fa tradicional de la Col\u00f2nia Agr\u00edcola a les terrasses del \u201cpati del safareig gaudini\u00e0\u201d, un entorn \u00fanic.  <\/p>\n<p><em>Preu exclusiu en reservar via web<\/em><\/p>\n<p><i>* Si voleu reservar per a m\u00e9s de 8 persones o el mateix dia de la visita, si us plau contacteu amb el nostre equip <a href=\"https:\/\/monjesbudistas.org\/ca\/contacte\/\">aqu\u00ed<\/a><\/i><\/p>\n<p><strong>Important:<\/strong><br \/>\nTotes les visites guiades, recessos i activitats d&#8217;aula es fan en castell\u00e0. Tot i aix\u00f2, per a grups de 6 persones o m\u00e9s, \u00e9s possible oferir l&#8217;experi\u00e8ncia en angl\u00e8s si se sol\u00b7licita pr\u00e8viament.<br \/>\nPer consultar aquesta opci\u00f3, si us plau contacta&#8217;ns a trav\u00e9s del nostre <a href=\"https:\/\/monjesbudistas.org\/ca\/contacte\/\">formulari de contacte<\/a>. <\/p>\n","protected":false},"excerpt":{"rendered":"<p class=\"p1\"><i>Horari:<\/i><\/p>\n<p><em><strong>De dimecres a divendres<\/strong><\/em><\/p>\n<p><b><i>12:00h <\/i><\/b><i>&#8211; Visita Guiada a les 12:00h + Dinar 13:30h*<\/i><\/p>\n<p><em><strong>Caps de setmana i festius<\/strong><\/em><\/p>\n<p class=\"p1\"><i><strong>11h<\/strong> &#8211; Visita Guiada a les 11h + Dinar 13:30h*<\/i><\/p>\n<p class=\"p1\"><b><i>12h <\/i><\/b><i>&#8211; Visita Guiada a les 12h + Dinar 13:30h*<\/i><\/p>\n<p class=\"p1\"><b><i>13h <\/i><\/b><i>&#8211; Visita Guiada a les 13h + Dinar 14:30h*<\/i><\/p>\n<p class=\"p1\"><b><i>14h <\/i><\/b><i>&#8211; Visita Guiada a les 14h + Dinar 15:15h*<\/i><\/p>\n<p class=\"p1\"><b><i>14:30h <\/i><\/b><i>&#8211; Dinar a les 14:30h* + Visita Guiada 16:00h<\/i><\/p>\n<p><em> L&#8217;horari de menjar \u00e9s indicatiu i pot estar subjecte a petites variacions.<\/em><\/p>\n<p class=\"p1\"><i>Si necessites canviar l&#8217;hora o l&#8217;ordre de les activitats, contacta&#8217;ns per email (<a href=\"mailto:info@monjesbudistas.org\">info@monjesbudistas.org<\/a>) o truca&#8217;ns al <a href=\"tel:+34937432010\">+34 937 432 010<\/a><\/i><\/p>\n<p><em>Tarifa redu\u00efda: Tarifa aplicable a jubilats, estudiants universitaris, professors, fam\u00edlia nombrosa, fam\u00edlia monoparental, persones discapacitades i pensionistes. Es sol\u00b7licitar\u00e0 la documentaci\u00f3 acreditativa en el moment de retirar les entrades. <\/em><\/p>\n<p>&nbsp;<\/p>\n<p>* Per a compres el mateix dia, si us plau realitzar-les de manera presencial a l&#8217;Oficina de l&#8217;Estudiant, ubicada al Monestir<\/p>\n<p>&nbsp;<\/p>\n<p>&nbsp;<\/p>\n<p>&nbsp;<\/p>\n<p>&nbsp;<\/p>\n","protected":false},"featured_media":1093840000005004,"template":"","meta":{"give_campaign_id":0},"product_brand":[],"product_cat":[149],"product_tag":[150],"class_list":{"0":"post-1093840000006632","1":"product","2":"type-product","3":"status-publish","4":"has-post-thumbnail","6":"product_cat-packs-ca","7":"product_tag-packs-ca","9":"first","10":"instock","11":"virtual","12":"sold-individually","13":"taxable","14":"purchasable","15":"product-type-booking"},"_links":{"self":[{"href":"https:\/\/monjesbudistas.org\/ca\/wp-json\/wp\/v2\/product\/1093840000006632","targetHints":{"allow":["GET"]}}],"collection":[{"href":"https:\/\/monjesbudistas.org\/ca\/wp-json\/wp\/v2\/product"}],"about":[{"href":"https:\/\/monjesbudistas.org\/ca\/wp-json\/wp\/v2\/types\/product"}],"wp:featuredmedia":[{"embeddable":true,"href":"https:\/\/monjesbudistas.org\/ca\/wp-json\/wp\/v2\/media\/1093840000005004"}],"wp:attachment":[{"href":"https:\/\/monjesbudistas.org\/ca\/wp-json\/wp\/v2\/media?parent=1093840000006632"}],"wp:term":[{"taxonomy":"product_brand","embeddable":true,"href":"https:\/\/monjesbudistas.org\/ca\/wp-json\/wp\/v2\/product_brand?post=1093840000006632"},{"taxonomy":"product_cat","embeddable":true,"href":"https:\/\/monjesbudistas.org\/ca\/wp-json\/wp\/v2\/product_cat?post=1093840000006632"},{"taxonomy":"product_tag","embeddable":true,"href":"https:\/\/monjesbudistas.org\/ca\/wp-json\/wp\/v2\/product_tag?post=1093840000006632"}],"curies":[{"name":"wp","href":"https:\/\/api.w.org\/{rel}","templated":true}]}}