{"id":1093840000006631,"date":"2024-05-27T16:26:52","date_gmt":"2024-05-27T16:26:52","guid":{"rendered":"https:\/\/monjesbudistas.org\/product\/aula-introduccio-a-la-meditacio-budista\/"},"modified":"2025-12-02T13:12:28","modified_gmt":"2025-12-02T12:12:28","slug":"aula-introduccio-a-la-meditacio-budista","status":"publish","type":"product","link":"https:\/\/monjesbudistas.org\/ca\/producte\/aula-introduccio-a-la-meditacio-budista\/","title":{"rendered":"Aula Introducci\u00f3 a la Meditaci\u00f3 Budista"},"content":{"rendered":"<p>A l\u2019aula, de dues hores de durada, coneixer\u00e0s els principis de la filosofia budista, descobrir\u00e0s els beneficis de la meditaci\u00f3 i t\u2019introduir\u00e0s en la seva pr\u00e0ctica formal basada en l\u2019atenci\u00f3 a la respiraci\u00f3.<\/p>\n<p>Les sessions es fan tots els <strong>dissabtes i diumenges a les 12h<\/strong>.<\/p>\n<p><strong>Important:<\/strong><br \/>\nTotes les visites guiades, recessos i activitats d&#8217;aula es fan en castell\u00e0. Tot i aix\u00f2, per a grups de 6 persones o m\u00e9s, \u00e9s possible oferir l&#8217;experi\u00e8ncia en angl\u00e8s si se sol\u00b7licita pr\u00e8viament.<br \/>\nPer consultar aquesta opci\u00f3, si us plau contacta&#8217;ns a trav\u00e9s del nostre <a href=\"https:\/\/monjesbudistas.org\/ca\/contacte\/\">formulari de contacte<\/a>. <\/p>\n","protected":false},"excerpt":{"rendered":"<p>A l\u2019aula, de dues hores de durada, coneixer\u00e0s els principis de la filosofia budista, descobrir\u00e0s els beneficis de la meditaci\u00f3 i t\u2019introduir\u00e0s en la seva pr\u00e0ctica formal basada en l\u2019atenci\u00f3 a la respiraci\u00f3. Les sessions es fan tots els dissabtes i diumenges a les 12h. Important: Totes les visites guiades, recessos i activitats d&#8217;aula es [&hellip;]<\/p>\n","protected":false},"featured_media":1093840000005001,"template":"","meta":{"give_campaign_id":0},"product_brand":[],"product_cat":[147],"product_tag":[148],"class_list":{"0":"post-1093840000006631","1":"product","2":"type-product","3":"status-publish","4":"has-post-thumbnail","6":"product_cat-activitats-en-el-monestir","7":"product_tag-visites-ca","9":"first","10":"instock","11":"virtual","12":"sold-individually","13":"purchasable","14":"product-type-booking"},"_links":{"self":[{"href":"https:\/\/monjesbudistas.org\/ca\/wp-json\/wp\/v2\/product\/1093840000006631","targetHints":{"allow":["GET"]}}],"collection":[{"href":"https:\/\/monjesbudistas.org\/ca\/wp-json\/wp\/v2\/product"}],"about":[{"href":"https:\/\/monjesbudistas.org\/ca\/wp-json\/wp\/v2\/types\/product"}],"wp:featuredmedia":[{"embeddable":true,"href":"https:\/\/monjesbudistas.org\/ca\/wp-json\/wp\/v2\/media\/1093840000005001"}],"wp:attachment":[{"href":"https:\/\/monjesbudistas.org\/ca\/wp-json\/wp\/v2\/media?parent=1093840000006631"}],"wp:term":[{"taxonomy":"product_brand","embeddable":true,"href":"https:\/\/monjesbudistas.org\/ca\/wp-json\/wp\/v2\/product_brand?post=1093840000006631"},{"taxonomy":"product_cat","embeddable":true,"href":"https:\/\/monjesbudistas.org\/ca\/wp-json\/wp\/v2\/product_cat?post=1093840000006631"},{"taxonomy":"product_tag","embeddable":true,"href":"https:\/\/monjesbudistas.org\/ca\/wp-json\/wp\/v2\/product_tag?post=1093840000006631"}],"curies":[{"name":"wp","href":"https:\/\/api.w.org\/{rel}","templated":true}]}}