{"id":1093840000006630,"date":"2024-05-27T14:55:39","date_gmt":"2024-05-27T14:55:39","guid":{"rendered":"https:\/\/monjesbudistas.org\/product\/retir-de-pau-interior\/"},"modified":"2025-12-02T10:58:42","modified_gmt":"2025-12-02T09:58:42","slug":"retir-de-pau-interior","status":"publish","type":"product","link":"https:\/\/monjesbudistas.org\/ca\/producte\/retir-de-pau-interior\/","title":{"rendered":"Retir de Pau Interior"},"content":{"rendered":"<p>Un cap de setmana de tranquil\u00b7litat, aprenentatge i reflexi\u00f3 en un entorn privilegiat. Un retir fonamentat en la filosofia Budista i Occidental, que et permetr\u00e0 accedir a eines per entrenar la teva ment i desenvolupar pau interior. <\/p>\n<p><strong><span class=\"WdYUQQ text-decoration-none text-strikethrough-none\">T&#8217;oferim l&#8217;oportunitat de dedicar-te tres dies amb les seves dues nits, per viure una experi\u00e8ncia d&#8217;aprenentatge inspirada en una filosofia de vida que ha il\u00b7luminat la vida i els cors d&#8217;innombrables \u00e9ssers al llarg de 2600 anys.<\/span><\/strong><\/p>\n<p><strong>Important:<\/strong><br \/>\nTotes les visites guiades, recessos i activitats d&#8217;aula es fan en castell\u00e0. Tot i aix\u00f2, per a grups de 6 persones o m\u00e9s, \u00e9s possible oferir l&#8217;experi\u00e8ncia en angl\u00e8s si se sol\u00b7licita pr\u00e8viament.<br \/>\nPer consultar aquesta opci\u00f3, si us plau contacta&#8217;ns a trav\u00e9s del nostre <a href=\"https:\/\/monjesbudistas.org\/ca\/contacte\/\">formulari de contacte<\/a>. <\/p>\n","protected":false},"excerpt":{"rendered":"<p>Un cap de setmana de tranquil\u00b7litat, aprenentatge i reflexi\u00f3 en un entorn privilegiat. Un retir fonamentat en la filosofia Budista i Occidental, que et permetr\u00e0 accedir a eines per entrenar la teva ment i desenvolupar pau interior. T&#8217;oferim l&#8217;oportunitat de dedicar-te tres dies amb les seves dues nits, per viure una experi\u00e8ncia d&#8217;aprenentatge inspirada en [&hellip;]<\/p>\n","protected":false},"featured_media":1093840000005007,"template":"","meta":{"give_campaign_id":0},"product_brand":[],"product_cat":[147],"product_tag":[148],"class_list":{"0":"post-1093840000006630","1":"product","2":"type-product","3":"status-publish","4":"has-post-thumbnail","6":"product_cat-activitats-en-el-monestir","7":"product_tag-visites-ca","9":"first","10":"instock","11":"virtual","12":"sold-individually","13":"taxable","14":"purchasable","15":"product-type-booking"},"_links":{"self":[{"href":"https:\/\/monjesbudistas.org\/ca\/wp-json\/wp\/v2\/product\/1093840000006630","targetHints":{"allow":["GET"]}}],"collection":[{"href":"https:\/\/monjesbudistas.org\/ca\/wp-json\/wp\/v2\/product"}],"about":[{"href":"https:\/\/monjesbudistas.org\/ca\/wp-json\/wp\/v2\/types\/product"}],"wp:featuredmedia":[{"embeddable":true,"href":"https:\/\/monjesbudistas.org\/ca\/wp-json\/wp\/v2\/media\/1093840000005007"}],"wp:attachment":[{"href":"https:\/\/monjesbudistas.org\/ca\/wp-json\/wp\/v2\/media?parent=1093840000006630"}],"wp:term":[{"taxonomy":"product_brand","embeddable":true,"href":"https:\/\/monjesbudistas.org\/ca\/wp-json\/wp\/v2\/product_brand?post=1093840000006630"},{"taxonomy":"product_cat","embeddable":true,"href":"https:\/\/monjesbudistas.org\/ca\/wp-json\/wp\/v2\/product_cat?post=1093840000006630"},{"taxonomy":"product_tag","embeddable":true,"href":"https:\/\/monjesbudistas.org\/ca\/wp-json\/wp\/v2\/product_tag?post=1093840000006630"}],"curies":[{"name":"wp","href":"https:\/\/api.w.org\/{rel}","templated":true}]}}