{"id":1093840000015040,"date":"2025-08-07T00:54:05","date_gmt":"2025-08-06T22:54:05","guid":{"rendered":"https:\/\/monjesbudistas.org\/consciencia\/investigacio\/"},"modified":"2025-12-10T14:23:04","modified_gmt":"2025-12-10T13:23:04","slug":"investigacio","status":"publish","type":"page","link":"https:\/\/monjesbudistas.org\/ca\/institut-de-consciencia\/investigacio\/","title":{"rendered":"Investigaci\u00f3"},"content":{"rendered":"\t\t<div data-elementor-type=\"wp-page\" data-elementor-id=\"1093840000015040\" class=\"elementor elementor-1093840000015040 elementor-1093840000008334\" data-elementor-post-type=\"page\">\n\t\t\t\t<div class=\"elementor-element elementor-element-4ae5816 e-flex e-con-boxed e-con e-parent\" data-id=\"4ae5816\" data-element_type=\"container\" data-e-type=\"container\" data-settings=\"{&quot;background_background&quot;:&quot;classic&quot;,&quot;jet_parallax_layout_list&quot;:[]}\">\n\t\t\t\t\t<div class=\"e-con-inner\">\n\t\t\t\t<div class=\"elementor-element elementor-element-29d1740 animated-slow elementor-invisible elementor-widget elementor-widget-heading\" data-id=\"29d1740\" data-element_type=\"widget\" data-e-type=\"widget\" data-settings=\"{&quot;_animation&quot;:&quot;fadeIn&quot;,&quot;_animation_delay&quot;:0}\" data-widget_type=\"heading.default\">\n\t\t\t\t<div class=\"elementor-widget-container\">\n\t\t\t\t\t<h1 class=\"elementor-heading-title elementor-size-default\">Investigaci\u00f3<\/h1>\t\t\t\t<\/div>\n\t\t\t\t<\/div>\n\t\t\t\t\t<\/div>\n\t\t\t\t<\/div>\n\t\t<div class=\"elementor-element elementor-element-4fb13a4 e-flex e-con-boxed e-con e-parent\" data-id=\"4fb13a4\" data-element_type=\"container\" data-e-type=\"container\" data-settings=\"{&quot;jet_parallax_layout_list&quot;:[]}\">\n\t\t\t\t\t<div class=\"e-con-inner\">\n\t\t\t\t<div class=\"elementor-element elementor-element-308093a jet-breadcrumbs-align-left elementor-widget elementor-widget-jet-breadcrumbs\" data-id=\"308093a\" data-element_type=\"widget\" data-e-type=\"widget\" data-widget_type=\"jet-breadcrumbs.default\">\n\t\t\t\t<div class=\"elementor-widget-container\">\n\t\t\t\t\t<div class=\"elementor-jet-breadcrumbs jet-blocks\">\n\t\t<div class=\"jet-breadcrumbs\">\n\t\t<div class=\"jet-breadcrumbs__content\">\n\t\t<div class=\"jet-breadcrumbs__wrap\"><div class=\"jet-breadcrumbs__item\"><a href=\"https:\/\/monjesbudistas.org\/ca\/\" class=\"jet-breadcrumbs__item-link is-home\" rel=\"home\" title=\"Inici\">Inici<\/a><\/div>\n\t\t<\/div>\n\t\t<\/div>\n\t\t<\/div><\/div>\t\t\t\t<\/div>\n\t\t\t\t<\/div>\n\t\t\t\t\t<\/div>\n\t\t\t\t<\/div>\n\t\t<div class=\"elementor-element elementor-element-212041a e-flex e-con-boxed e-con e-parent\" data-id=\"212041a\" data-element_type=\"container\" data-e-type=\"container\" data-settings=\"{&quot;jet_parallax_layout_list&quot;:[]}\">\n\t\t\t\t\t<div class=\"e-con-inner\">\n\t\t\t\t<div class=\"elementor-element elementor-element-c941f89 elementor-widget elementor-widget-heading\" data-id=\"c941f89\" data-element_type=\"widget\" data-e-type=\"widget\" data-widget_type=\"heading.default\">\n\t\t\t\t<div class=\"elementor-widget-container\">\n\t\t\t\t\t<h2 class=\"elementor-heading-title elementor-size-default\">Unitat de Recerca<\/h2>\t\t\t\t<\/div>\n\t\t\t\t<\/div>\n\t\t\t\t<div class=\"elementor-element elementor-element-4a7ff13 elementor-widget elementor-widget-text-editor\" data-id=\"4a7ff13\" data-element_type=\"widget\" data-e-type=\"widget\" data-widget_type=\"text-editor.default\">\n\t\t\t\t<div class=\"elementor-widget-container\">\n\t\t\t\t\t\t\t\t\t<p>L\u2019Institut de Consci\u00e8ncia \u00e9s un institut de recerca adscrit a l\u2019Escola d\u2019Ensenyament Superior del llinatge Sakya Tashi Ling, dedicat a la investigaci\u00f3 i a la doc\u00e8ncia superior en humanitats, ci\u00e8ncies contemplatives i ci\u00e8ncies socials.<\/p><p>Els <strong>investigadors i professors<\/strong> de l\u2019Institut s\u2019organitzen en tres grups que conformen una \u00fanica <strong>unitat de recerca<\/strong>. El seu objectiu \u00e9s l\u2019estudi d\u2019un <strong>ideal d\u2019educaci\u00f3 orientat al b\u00e9 com\u00fa<\/strong>, aplicant la <strong>metodologia del triple benefici<\/strong> i analitzant les interconnexions i interdepend\u00e8ncies entre el desenvolupament hum\u00e0, social i sostenible.<\/p>\t\t\t\t\t\t\t\t<\/div>\n\t\t\t\t<\/div>\n\t\t\t\t\t<\/div>\n\t\t\t\t<\/div>\n\t\t<div class=\"elementor-element elementor-element-8b12ec5 e-flex e-con-boxed e-con e-parent\" data-id=\"8b12ec5\" data-element_type=\"container\" data-e-type=\"container\" data-settings=\"{&quot;jet_parallax_layout_list&quot;:[]}\">\n\t\t\t\t\t<div class=\"e-con-inner\">\n\t\t\t\t<div class=\"elementor-element elementor-element-5a3c066 elementor-hidden-mobile elementor-widget elementor-widget-image\" data-id=\"5a3c066\" data-element_type=\"widget\" data-e-type=\"widget\" data-widget_type=\"image.default\">\n\t\t\t\t<div class=\"elementor-widget-container\">\n\t\t\t\t\t\t\t\t\t\t\t\t\t\t\t<img fetchpriority=\"high\" decoding=\"async\" width=\"2560\" height=\"600\" src=\"https:\/\/monjesbudistas.org\/wp-content\/uploads\/2025\/08\/TBM-1-scaled.jpg\" class=\"attachment-full size-full wp-image-1093840000011235\" alt=\"Triple Benefit Methodology\" srcset=\"https:\/\/monjesbudistas.org\/wp-content\/uploads\/2025\/08\/TBM-1-scaled.jpg 2560w, https:\/\/monjesbudistas.org\/wp-content\/uploads\/2025\/08\/TBM-1-300x70.jpg 300w, https:\/\/monjesbudistas.org\/wp-content\/uploads\/2025\/08\/TBM-1-1024x240.jpg 1024w, https:\/\/monjesbudistas.org\/wp-content\/uploads\/2025\/08\/TBM-1-768x180.jpg 768w, https:\/\/monjesbudistas.org\/wp-content\/uploads\/2025\/08\/TBM-1-1536x360.jpg 1536w, https:\/\/monjesbudistas.org\/wp-content\/uploads\/2025\/08\/TBM-1-2048x480.jpg 2048w, https:\/\/monjesbudistas.org\/wp-content\/uploads\/2025\/08\/TBM-1-600x141.jpg 600w\" sizes=\"(max-width: 2560px) 100vw, 2560px\" \/>\t\t\t\t\t\t\t\t\t\t\t\t\t\t\t<\/div>\n\t\t\t\t<\/div>\n\t\t\t\t<div class=\"elementor-element elementor-element-ecd654e elementor-hidden-desktop elementor-hidden-tablet elementor-hidden-mobile_extra elementor-widget elementor-widget-image\" data-id=\"ecd654e\" data-element_type=\"widget\" data-e-type=\"widget\" data-widget_type=\"image.default\">\n\t\t\t\t<div class=\"elementor-widget-container\">\n\t\t\t\t\t\t\t\t\t\t\t\t\t\t\t<img decoding=\"async\" width=\"2560\" height=\"600\" src=\"https:\/\/monjesbudistas.org\/wp-content\/uploads\/2025\/08\/TBM-1-1-scaled-e1754520484159.jpg\" class=\"attachment-full size-full wp-image-1093840000011242\" alt=\"Triple Benefit Methodology\" \/>\t\t\t\t\t\t\t\t\t\t\t\t\t\t\t<\/div>\n\t\t\t\t<\/div>\n\t\t<div class=\"elementor-element elementor-element-69b8cc8 e-con-full e-flex e-con e-child\" data-id=\"69b8cc8\" data-element_type=\"container\" data-e-type=\"container\" data-settings=\"{&quot;jet_parallax_layout_list&quot;:[]}\">\n\t\t<div class=\"elementor-element elementor-element-504caf5 e-con-full animated-slow e-flex elementor-invisible e-con e-child\" data-id=\"504caf5\" data-element_type=\"container\" data-e-type=\"container\" data-settings=\"{&quot;background_background&quot;:&quot;classic&quot;,&quot;jet_parallax_layout_list&quot;:[],&quot;animation&quot;:&quot;fadeInUp&quot;}\">\n\t\t\t\t<div class=\"elementor-element elementor-element-3cd165f elementor-widget elementor-widget-heading\" data-id=\"3cd165f\" data-element_type=\"widget\" data-e-type=\"widget\" data-widget_type=\"heading.default\">\n\t\t\t\t<div class=\"elementor-widget-container\">\n\t\t\t\t\t<h3 class=\"elementor-heading-title elementor-size-default\">BENEFICI PERSONAL<\/h3>\t\t\t\t<\/div>\n\t\t\t\t<\/div>\n\t\t\t\t<div class=\"elementor-element elementor-element-708e829 elementor-widget elementor-widget-image\" data-id=\"708e829\" data-element_type=\"widget\" data-e-type=\"widget\" data-widget_type=\"image.default\">\n\t\t\t\t<div class=\"elementor-widget-container\">\n\t\t\t\t\t\t\t\t\t\t\t\t\t\t\t<img decoding=\"async\" width=\"2000\" height=\"971\" src=\"https:\/\/monjesbudistas.org\/wp-content\/uploads\/2024\/09\/Monjes-Budistas-Conciencia-Programas-Formativos-priscilla-du-preez-unsplash-Hero-Banner-4-Retoched.jpeg\" class=\"attachment-full size-full wp-image-1093840000005109\" alt=\"Grupo de Investigaci\u00f3n en Desarrollo Humano\" srcset=\"https:\/\/monjesbudistas.org\/wp-content\/uploads\/2024\/09\/Monjes-Budistas-Conciencia-Programas-Formativos-priscilla-du-preez-unsplash-Hero-Banner-4-Retoched.jpeg 2000w, https:\/\/monjesbudistas.org\/wp-content\/uploads\/2024\/09\/Monjes-Budistas-Conciencia-Programas-Formativos-priscilla-du-preez-unsplash-Hero-Banner-4-Retoched-300x146.jpeg 300w, https:\/\/monjesbudistas.org\/wp-content\/uploads\/2024\/09\/Monjes-Budistas-Conciencia-Programas-Formativos-priscilla-du-preez-unsplash-Hero-Banner-4-Retoched-1024x497.jpeg 1024w, https:\/\/monjesbudistas.org\/wp-content\/uploads\/2024\/09\/Monjes-Budistas-Conciencia-Programas-Formativos-priscilla-du-preez-unsplash-Hero-Banner-4-Retoched-768x373.jpeg 768w, https:\/\/monjesbudistas.org\/wp-content\/uploads\/2024\/09\/Monjes-Budistas-Conciencia-Programas-Formativos-priscilla-du-preez-unsplash-Hero-Banner-4-Retoched-1536x746.jpeg 1536w, https:\/\/monjesbudistas.org\/wp-content\/uploads\/2024\/09\/Monjes-Budistas-Conciencia-Programas-Formativos-priscilla-du-preez-unsplash-Hero-Banner-4-Retoched-600x291.jpeg 600w\" sizes=\"(max-width: 2000px) 100vw, 2000px\" \/>\t\t\t\t\t\t\t\t\t\t\t\t\t\t\t<\/div>\n\t\t\t\t<\/div>\n\t\t<div class=\"elementor-element elementor-element-b9af9d3 e-flex e-con-boxed e-con e-child\" data-id=\"b9af9d3\" data-element_type=\"container\" data-e-type=\"container\" data-settings=\"{&quot;jet_parallax_layout_list&quot;:[]}\">\n\t\t\t\t\t<div class=\"e-con-inner\">\n\t\t<div class=\"elementor-element elementor-element-df12d22 e-flex e-con-boxed e-con e-child\" data-id=\"df12d22\" data-element_type=\"container\" data-e-type=\"container\" data-settings=\"{&quot;jet_parallax_layout_list&quot;:[]}\">\n\t\t\t\t\t<div class=\"e-con-inner\">\n\t\t\t\t<div class=\"elementor-element elementor-element-5b53327 elementor-widget elementor-widget-heading\" data-id=\"5b53327\" data-element_type=\"widget\" data-e-type=\"widget\" data-widget_type=\"heading.default\">\n\t\t\t\t<div class=\"elementor-widget-container\">\n\t\t\t\t\t<h3 class=\"elementor-heading-title elementor-size-default\">Grup\nde Recerca \nDesenvolupament Hum\u00e0 centrat en el B\u00e9 Com\u00fa<\/h3>\t\t\t\t<\/div>\n\t\t\t\t<\/div>\n\t\t\t\t\t<\/div>\n\t\t\t\t<\/div>\n\t\t\t\t\t<\/div>\n\t\t\t\t<\/div>\n\t\t\t\t<\/div>\n\t\t<div class=\"elementor-element elementor-element-572b313 e-con-full animated-slow e-flex elementor-invisible e-con e-child\" data-id=\"572b313\" data-element_type=\"container\" data-e-type=\"container\" data-settings=\"{&quot;background_background&quot;:&quot;classic&quot;,&quot;jet_parallax_layout_list&quot;:[],&quot;animation&quot;:&quot;fadeInUp&quot;,&quot;animation_delay&quot;:200}\">\n\t\t\t\t<div class=\"elementor-element elementor-element-0071282 elementor-widget elementor-widget-heading\" data-id=\"0071282\" data-element_type=\"widget\" data-e-type=\"widget\" data-widget_type=\"heading.default\">\n\t\t\t\t<div class=\"elementor-widget-container\">\n\t\t\t\t\t<h3 class=\"elementor-heading-title elementor-size-default\">BENEFICI SOCIAL<\/h3>\t\t\t\t<\/div>\n\t\t\t\t<\/div>\n\t\t\t\t<div class=\"elementor-element elementor-element-39b3633 elementor-widget elementor-widget-image\" data-id=\"39b3633\" data-element_type=\"widget\" data-e-type=\"widget\" data-widget_type=\"image.default\">\n\t\t\t\t<div class=\"elementor-widget-container\">\n\t\t\t\t\t\t\t\t\t\t\t\t\t\t\t<img loading=\"lazy\" decoding=\"async\" width=\"1080\" height=\"720\" src=\"https:\/\/monjesbudistas.org\/wp-content\/uploads\/2024\/08\/priscilla-du-preez-\ud83c\udde8\ud83c\udde6-nF8xhLMmg0c-unsplash.jpg\" class=\"attachment-full size-full wp-image-1093840000004182\" alt=\"Grupo de Investigaci\u00f3n en Desarrollo Social\" srcset=\"https:\/\/monjesbudistas.org\/wp-content\/uploads\/2024\/08\/priscilla-du-preez-\ud83c\udde8\ud83c\udde6-nF8xhLMmg0c-unsplash.jpg 1080w, https:\/\/monjesbudistas.org\/wp-content\/uploads\/2024\/08\/priscilla-du-preez-\ud83c\udde8\ud83c\udde6-nF8xhLMmg0c-unsplash-300x200.jpg 300w, https:\/\/monjesbudistas.org\/wp-content\/uploads\/2024\/08\/priscilla-du-preez-\ud83c\udde8\ud83c\udde6-nF8xhLMmg0c-unsplash-1024x683.jpg 1024w, https:\/\/monjesbudistas.org\/wp-content\/uploads\/2024\/08\/priscilla-du-preez-\ud83c\udde8\ud83c\udde6-nF8xhLMmg0c-unsplash-768x512.jpg 768w, https:\/\/monjesbudistas.org\/wp-content\/uploads\/2024\/08\/priscilla-du-preez-\ud83c\udde8\ud83c\udde6-nF8xhLMmg0c-unsplash-600x400.jpg 600w\" sizes=\"(max-width: 1080px) 100vw, 1080px\" \/>\t\t\t\t\t\t\t\t\t\t\t\t\t\t\t<\/div>\n\t\t\t\t<\/div>\n\t\t<div class=\"elementor-element elementor-element-20e3f69 e-flex e-con-boxed e-con e-child\" data-id=\"20e3f69\" data-element_type=\"container\" data-e-type=\"container\" data-settings=\"{&quot;jet_parallax_layout_list&quot;:[]}\">\n\t\t\t\t\t<div class=\"e-con-inner\">\n\t\t<div class=\"elementor-element elementor-element-79b038c e-flex e-con-boxed e-con e-child\" data-id=\"79b038c\" data-element_type=\"container\" data-e-type=\"container\" data-settings=\"{&quot;jet_parallax_layout_list&quot;:[]}\">\n\t\t\t\t\t<div class=\"e-con-inner\">\n\t\t\t\t<div class=\"elementor-element elementor-element-fed36d4 elementor-widget elementor-widget-heading\" data-id=\"fed36d4\" data-element_type=\"widget\" data-e-type=\"widget\" data-widget_type=\"heading.default\">\n\t\t\t\t<div class=\"elementor-widget-container\">\n\t\t\t\t\t<h3 class=\"elementor-heading-title elementor-size-default\">Grup\nde Recerca\nDesenvolupament Social centrat en el B\u00e9 Com\u00fa<\/h3>\t\t\t\t<\/div>\n\t\t\t\t<\/div>\n\t\t\t\t\t<\/div>\n\t\t\t\t<\/div>\n\t\t\t\t\t<\/div>\n\t\t\t\t<\/div>\n\t\t\t\t<\/div>\n\t\t<div class=\"elementor-element elementor-element-3df38f4 e-con-full animated-slow e-flex elementor-invisible e-con e-child\" data-id=\"3df38f4\" data-element_type=\"container\" data-e-type=\"container\" data-settings=\"{&quot;background_background&quot;:&quot;classic&quot;,&quot;jet_parallax_layout_list&quot;:[],&quot;animation&quot;:&quot;fadeInUp&quot;,&quot;animation_delay&quot;:400}\">\n\t\t\t\t<div class=\"elementor-element elementor-element-f292455 elementor-widget elementor-widget-heading\" data-id=\"f292455\" data-element_type=\"widget\" data-e-type=\"widget\" data-widget_type=\"heading.default\">\n\t\t\t\t<div class=\"elementor-widget-container\">\n\t\t\t\t\t<h3 class=\"elementor-heading-title elementor-size-default\">BENEFICI ECON\u00d2MIC<\/h3>\t\t\t\t<\/div>\n\t\t\t\t<\/div>\n\t\t\t\t<div class=\"elementor-element elementor-element-a29eaef elementor-widget elementor-widget-image\" data-id=\"a29eaef\" data-element_type=\"widget\" data-e-type=\"widget\" data-widget_type=\"image.default\">\n\t\t\t\t<div class=\"elementor-widget-container\">\n\t\t\t\t\t\t\t\t\t\t\t\t\t\t\t<img loading=\"lazy\" decoding=\"async\" width=\"1920\" height=\"1080\" src=\"https:\/\/monjesbudistas.org\/wp-content\/uploads\/2025\/02\/Homepage-hero-banner-video-still.jpg\" class=\"attachment-full size-full wp-image-1093840000005403\" alt=\"Grupo de Investigaci\u00f3n en Desarrollo Sostenible\" srcset=\"https:\/\/monjesbudistas.org\/wp-content\/uploads\/2025\/02\/Homepage-hero-banner-video-still.jpg 1920w, https:\/\/monjesbudistas.org\/wp-content\/uploads\/2025\/02\/Homepage-hero-banner-video-still-300x169.jpg 300w, https:\/\/monjesbudistas.org\/wp-content\/uploads\/2025\/02\/Homepage-hero-banner-video-still-1024x576.jpg 1024w, https:\/\/monjesbudistas.org\/wp-content\/uploads\/2025\/02\/Homepage-hero-banner-video-still-768x432.jpg 768w, https:\/\/monjesbudistas.org\/wp-content\/uploads\/2025\/02\/Homepage-hero-banner-video-still-1536x864.jpg 1536w, https:\/\/monjesbudistas.org\/wp-content\/uploads\/2025\/02\/Homepage-hero-banner-video-still-600x338.jpg 600w\" sizes=\"(max-width: 1920px) 100vw, 1920px\" \/>\t\t\t\t\t\t\t\t\t\t\t\t\t\t\t<\/div>\n\t\t\t\t<\/div>\n\t\t<div class=\"elementor-element elementor-element-e64168f e-flex e-con-boxed e-con e-child\" data-id=\"e64168f\" data-element_type=\"container\" data-e-type=\"container\" data-settings=\"{&quot;jet_parallax_layout_list&quot;:[]}\">\n\t\t\t\t\t<div class=\"e-con-inner\">\n\t\t<div class=\"elementor-element elementor-element-11042ea e-flex e-con-boxed e-con e-child\" data-id=\"11042ea\" data-element_type=\"container\" data-e-type=\"container\" data-settings=\"{&quot;jet_parallax_layout_list&quot;:[]}\">\n\t\t\t\t\t<div class=\"e-con-inner\">\n\t\t\t\t<div class=\"elementor-element elementor-element-11e18bc elementor-widget elementor-widget-heading\" data-id=\"11e18bc\" data-element_type=\"widget\" data-e-type=\"widget\" data-widget_type=\"heading.default\">\n\t\t\t\t<div class=\"elementor-widget-container\">\n\t\t\t\t\t<h3 class=\"elementor-heading-title elementor-size-default\">Grup de Recerca\nDesenvolupament Sostenible centrat en el B\u00e9 Com\u00fa<\/h3>\t\t\t\t<\/div>\n\t\t\t\t<\/div>\n\t\t\t\t\t<\/div>\n\t\t\t\t<\/div>\n\t\t\t\t\t<\/div>\n\t\t\t\t<\/div>\n\t\t\t\t<\/div>\n\t\t\t\t<\/div>\n\t\t\t\t\t<\/div>\n\t\t\t\t<\/div>\n\t\t<div class=\"elementor-element elementor-element-3990aaf e-flex e-con-boxed e-con e-parent\" data-id=\"3990aaf\" data-element_type=\"container\" data-e-type=\"container\" data-settings=\"{&quot;background_background&quot;:&quot;classic&quot;,&quot;jet_parallax_layout_list&quot;:[]}\">\n\t\t\t\t\t<div class=\"e-con-inner\">\n\t\t\t\t<div class=\"elementor-element elementor-element-eed94e9 elementor-widget elementor-widget-heading\" data-id=\"eed94e9\" data-element_type=\"widget\" data-e-type=\"widget\" data-widget_type=\"heading.default\">\n\t\t\t\t<div class=\"elementor-widget-container\">\n\t\t\t\t\t<h2 class=\"elementor-heading-title elementor-size-default\">Vols m\u00e9s informaci\u00f3?<\/h2>\t\t\t\t<\/div>\n\t\t\t\t<\/div>\n\t\t\t\t<div class=\"elementor-element elementor-element-89ad4b1 elementor-widget elementor-widget-jet-button\" data-id=\"89ad4b1\" data-element_type=\"widget\" data-e-type=\"widget\" data-widget_type=\"jet-button.default\">\n\t\t\t\t<div class=\"elementor-widget-container\">\n\t\t\t\t\t<div class=\"elementor-jet-button jet-elements\"><div class=\"jet-button__container\">\n\t<a class=\"jet-button__instance jet-button__instance--icon-left hover-effect-0\" href=\"https:\/\/monjesbudistas.org\/ca\/institut-de-consciencia\/estudis\/\">\n\t\t<div class=\"jet-button__plane jet-button__plane-normal\"><\/div>\n\t\t<div class=\"jet-button__plane jet-button__plane-hover\"><\/div>\n\t\t<div class=\"jet-button__state jet-button__state-normal\">\n\t\t\t<span class=\"jet-button__icon jet-elements-icon\"><svg xmlns=\"http:\/\/www.w3.org\/2000\/svg\" xmlns:xlink=\"http:\/\/www.w3.org\/1999\/xlink\" aria-hidden=\"true\" class=\"iconify iconify--iconoir\" width=\"100%\" height=\"100%\" preserveAspectRatio=\"xMidYMid meet\" viewBox=\"0 0 24 24\"><path fill=\"none\" stroke=\"currentColor\" stroke-linecap=\"round\" stroke-linejoin=\"round\" stroke-width=\"1.5\" d=\"M6 12h12.5m0 0l-6-6m6 6l-6 6\"><\/path><\/svg><\/span><span class=\"jet-button__label\">Estudis<\/span>\t\t<\/div>\n\t\t<div class=\"jet-button__state jet-button__state-hover\">\n\t\t\t<span class=\"jet-button__icon jet-elements-icon\"><svg xmlns=\"http:\/\/www.w3.org\/2000\/svg\" xmlns:xlink=\"http:\/\/www.w3.org\/1999\/xlink\" aria-hidden=\"true\" class=\"iconify iconify--iconoir\" width=\"100%\" height=\"100%\" preserveAspectRatio=\"xMidYMid meet\" viewBox=\"0 0 24 24\"><path fill=\"none\" stroke=\"currentColor\" stroke-linecap=\"round\" stroke-linejoin=\"round\" stroke-width=\"1.5\" d=\"M6 12h12.5m0 0l-6-6m6 6l-6 6\"><\/path><\/svg><\/span><span class=\"jet-button__label\">Estudis<\/span>\t\t<\/div>\n\t<\/a>\n<\/div>\n<\/div>\t\t\t\t<\/div>\n\t\t\t\t<\/div>\n\t\t\t\t<div class=\"elementor-element elementor-element-c663be2 elementor-widget elementor-widget-jet-button\" data-id=\"c663be2\" data-element_type=\"widget\" data-e-type=\"widget\" data-widget_type=\"jet-button.default\">\n\t\t\t\t<div class=\"elementor-widget-container\">\n\t\t\t\t\t<div class=\"elementor-jet-button jet-elements\"><div class=\"jet-button__container\">\n\t<a class=\"jet-button__instance jet-button__instance--icon-left hover-effect-0\" href=\"https:\/\/monjesbudistas.org\/ca\/sollicitud-dinformacio-idc\/\">\n\t\t<div class=\"jet-button__plane jet-button__plane-normal\"><\/div>\n\t\t<div class=\"jet-button__plane jet-button__plane-hover\"><\/div>\n\t\t<div class=\"jet-button__state jet-button__state-normal\">\n\t\t\t<span class=\"jet-button__icon jet-elements-icon\"><svg xmlns=\"http:\/\/www.w3.org\/2000\/svg\" xmlns:xlink=\"http:\/\/www.w3.org\/1999\/xlink\" aria-hidden=\"true\" class=\"iconify iconify--iconoir\" width=\"100%\" height=\"100%\" preserveAspectRatio=\"xMidYMid meet\" viewBox=\"0 0 24 24\"><path fill=\"none\" stroke=\"currentColor\" stroke-linecap=\"round\" stroke-linejoin=\"round\" stroke-width=\"1.5\" d=\"M6 12h12.5m0 0l-6-6m6 6l-6 6\"><\/path><\/svg><\/span><span class=\"jet-button__label\">Contacta amb nosaltres<\/span>\t\t<\/div>\n\t\t<div class=\"jet-button__state jet-button__state-hover\">\n\t\t\t<span class=\"jet-button__icon jet-elements-icon\"><svg xmlns=\"http:\/\/www.w3.org\/2000\/svg\" xmlns:xlink=\"http:\/\/www.w3.org\/1999\/xlink\" aria-hidden=\"true\" class=\"iconify iconify--iconoir\" width=\"100%\" height=\"100%\" preserveAspectRatio=\"xMidYMid meet\" viewBox=\"0 0 24 24\"><path fill=\"none\" stroke=\"currentColor\" stroke-linecap=\"round\" stroke-linejoin=\"round\" stroke-width=\"1.5\" d=\"M6 12h12.5m0 0l-6-6m6 6l-6 6\"><\/path><\/svg><\/span><span class=\"jet-button__label\">Contacta amb nosaltres<\/span>\t\t<\/div>\n\t<\/a>\n<\/div>\n<\/div>\t\t\t\t<\/div>\n\t\t\t\t<\/div>\n\t\t\t\t\t<\/div>\n\t\t\t\t<\/div>\n\t\t\t\t<\/div>\n\t\t","protected":false},"excerpt":{"rendered":"<p>Investigaci\u00f3 Inicio Unitat de Recerca L\u2019Institut de Consci\u00e8ncia \u00e9s un institut de recerca adscrit a l\u2019Escola d\u2019Ensenyament Superior del llinatge Sakya Tashi Ling, dedicat a la investigaci\u00f3 i a la doc\u00e8ncia superior en humanitats, ci\u00e8ncies contemplatives i ci\u00e8ncies socials. Els investigadors i professors de l\u2019Institut s\u2019organitzen en tres grups que conformen una \u00fanica unitat de [&hellip;]<\/p>\n","protected":false},"author":17,"featured_media":1093840000012260,"parent":1093840000006563,"menu_order":0,"comment_status":"closed","ping_status":"closed","template":"","meta":{"give_campaign_id":0,"footnotes":""},"class_list":["post-1093840000015040","page","type-page","status-publish","has-post-thumbnail","hentry"],"campaignId":"","_links":{"self":[{"href":"https:\/\/monjesbudistas.org\/ca\/wp-json\/wp\/v2\/pages\/1093840000015040","targetHints":{"allow":["GET"]}}],"collection":[{"href":"https:\/\/monjesbudistas.org\/ca\/wp-json\/wp\/v2\/pages"}],"about":[{"href":"https:\/\/monjesbudistas.org\/ca\/wp-json\/wp\/v2\/types\/page"}],"author":[{"embeddable":true,"href":"https:\/\/monjesbudistas.org\/ca\/wp-json\/wp\/v2\/users\/17"}],"replies":[{"embeddable":true,"href":"https:\/\/monjesbudistas.org\/ca\/wp-json\/wp\/v2\/comments?post=1093840000015040"}],"version-history":[{"count":11,"href":"https:\/\/monjesbudistas.org\/ca\/wp-json\/wp\/v2\/pages\/1093840000015040\/revisions"}],"predecessor-version":[{"id":1093840000015668,"href":"https:\/\/monjesbudistas.org\/ca\/wp-json\/wp\/v2\/pages\/1093840000015040\/revisions\/1093840000015668"}],"up":[{"embeddable":true,"href":"https:\/\/monjesbudistas.org\/ca\/wp-json\/wp\/v2\/pages\/1093840000006563"}],"wp:featuredmedia":[{"embeddable":true,"href":"https:\/\/monjesbudistas.org\/ca\/wp-json\/wp\/v2\/media\/1093840000012260"}],"wp:attachment":[{"href":"https:\/\/monjesbudistas.org\/ca\/wp-json\/wp\/v2\/media?parent=1093840000015040"}],"curies":[{"name":"wp","href":"https:\/\/api.w.org\/{rel}","templated":true}]}}