{"id":1093840000007323,"date":"2024-10-10T09:51:51","date_gmt":"2024-10-10T07:51:51","guid":{"rendered":"https:\/\/monjesbudistas.org\/mapa-del-lloc\/"},"modified":"2025-07-01T17:08:02","modified_gmt":"2025-07-01T15:08:02","slug":"mapa-del-lloc","status":"publish","type":"page","link":"https:\/\/monjesbudistas.org\/ca\/mapa-del-lloc\/","title":{"rendered":"Mapa del lloc"},"content":{"rendered":"\t\t<div data-elementor-type=\"wp-page\" data-elementor-id=\"1093840000007323\" class=\"elementor elementor-1093840000007323 elementor-10912\" data-elementor-post-type=\"page\">\n\t\t\t\t<div class=\"elementor-element elementor-element-f1cb17e e-flex e-con-boxed e-con e-parent\" data-id=\"f1cb17e\" data-element_type=\"container\" data-e-type=\"container\" data-settings=\"{&quot;jet_parallax_layout_list&quot;:[]}\">\n\t\t\t\t\t<div class=\"e-con-inner\">\n\t\t\t\t<div class=\"elementor-element elementor-element-24e174b elementor-widget elementor-widget-sitemap\" data-id=\"24e174b\" data-element_type=\"widget\" data-e-type=\"widget\" data-widget_type=\"sitemap.default\">\n\t\t\t\t<div class=\"elementor-widget-container\">\n\t\t\t\t\t<div class=\"elementor-sitemap-wrap\"><div class=\"elementor-sitemap-section\"><h2 class=\"elementor-sitemap-title elementor-sitemap-page-title\">P\u00e1ginas<\/h2><ul class=\"elementor-sitemap-list elementor-sitemap-page-list\"><li class=\"elementor-sitemap-item elementor-sitemap-item-page page_item page-item-1093840000009427\"><a href=\"https:\/\/monjesbudistas.org\/ca\/sollicitud-dinformacio-idc\/\">Sol\u00b7licitud d&#8217;informaci\u00f3 IdC<\/a><\/li><li class=\"elementor-sitemap-item elementor-sitemap-item-page page_item page-item-1093840000008671\"><a href=\"https:\/\/monjesbudistas.org\/ca\/mantenir-me-informat\/\">Mantenir-me Informat<\/a><\/li><li class=\"elementor-sitemap-item elementor-sitemap-item-page page_item page-item-1093840000007317\"><a href=\"https:\/\/monjesbudistas.org\/ca\/fulleto-grups-socials\/\">Fullet\u00f3 Grups Socials<\/a><\/li><li class=\"elementor-sitemap-item elementor-sitemap-item-page page_item page-item-1093840000007403\"><a href=\"https:\/\/monjesbudistas.org\/ca\/fulleto-centres-educatius\/\">Fullet\u00f3 Centres Educatius<\/a><\/li><li class=\"elementor-sitemap-item elementor-sitemap-item-page page_item page-item-1093840000007356\"><a href=\"https:\/\/monjesbudistas.org\/ca\/fulleto-grups-corporatius\/\">Fullet\u00f3 Grups Corporatius<\/a><\/li><li class=\"elementor-sitemap-item elementor-sitemap-item-page page_item page-item-1093840000007323\"><a href=\"https:\/\/monjesbudistas.org\/ca\/mapa-del-lloc\/\">Mapa del lloc<\/a><\/li><li class=\"elementor-sitemap-item elementor-sitemap-item-page page_item page-item-1093840000006551\"><a href=\"https:\/\/monjesbudistas.org\/ca\/herencies-i-llegats\/\">Her\u00e8ncies i llegats<\/a><\/li><li class=\"elementor-sitemap-item elementor-sitemap-item-page page_item page-item-1093840000006535\"><a href=\"https:\/\/monjesbudistas.org\/ca\/donaconciencia\/\">#DonaConciencia<\/a><ul class='children'><li class=\"elementor-sitemap-item elementor-sitemap-item-page page_item page-item-1093840000006543\"><a href=\"https:\/\/monjesbudistas.org\/ca\/donaconciencia\/donacio-periodica\/\">Donaci\u00f3 peri\u00f2dica<\/a><\/li><li class=\"elementor-sitemap-item elementor-sitemap-item-page page_item page-item-1093840000006545\"><a href=\"https:\/\/monjesbudistas.org\/ca\/donaconciencia\/donacio-puntual\/\">Donaci\u00f3 puntual<\/a><\/li><li class=\"elementor-sitemap-item elementor-sitemap-item-page page_item page-item-1093840000006540\"><a href=\"https:\/\/monjesbudistas.org\/ca\/donaconciencia\/donacio-des-duna-organitzacio\/\">Donaci\u00f3 des d&#8217;una organitzaci\u00f3<\/a><\/li><\/ul><\/li><li class=\"elementor-sitemap-item elementor-sitemap-item-page page_item page-item-1093840000006549\"><a href=\"https:\/\/monjesbudistas.org\/ca\/escriptori-del-donant\/\">Escriptori del donant<\/a><\/li><li class=\"elementor-sitemap-item elementor-sitemap-item-page page_item page-item-1093840000006542\"><a href=\"https:\/\/monjesbudistas.org\/ca\/donacio-fallida\/\">Donaci\u00f3 fallida<\/a><\/li><li class=\"elementor-sitemap-item elementor-sitemap-item-page page_item page-item-1093840000006539\"><a href=\"https:\/\/monjesbudistas.org\/ca\/confirmacio-de-donacio\/\">Confirmaci\u00f3 de donaci\u00f3<\/a><\/li><li class=\"elementor-sitemap-item elementor-sitemap-item-page page_item page-item-1093840000003771\"><a href=\"https:\/\/monjesbudistas.org\/ca\/shop\/\">Shop<\/a><\/li><li class=\"elementor-sitemap-item elementor-sitemap-item-page page_item page-item-1093840000006587\"><a href=\"https:\/\/monjesbudistas.org\/ca\/politica-de-cookies-ue\/\">Pol\u00edtica de cookies (UE)<\/a><\/li><li class=\"elementor-sitemap-item elementor-sitemap-item-page page_item page-item-1093840000006588\"><a href=\"https:\/\/monjesbudistas.org\/ca\/politica-de-privacitat\/\">Pol\u00edtica de Privacitat<\/a><\/li><li class=\"elementor-sitemap-item elementor-sitemap-item-page page_item page-item-1093840000006555\"><a href=\"https:\/\/monjesbudistas.org\/ca\/termes-i-condicions\/\">Termes i Condicions<\/a><\/li><li class=\"elementor-sitemap-item elementor-sitemap-item-page page_item page-item-1093840000006553\"><a href=\"https:\/\/monjesbudistas.org\/ca\/politiques-i-avisos-legals\/\">Pol\u00edtiques i Avisos Legals\u200b<\/a><\/li><li class=\"elementor-sitemap-item elementor-sitemap-item-page page_item page-item-1093840000003773\"><a href=\"https:\/\/monjesbudistas.org\/ca\/checkout\/\">Checkout<\/a><\/li><li class=\"elementor-sitemap-item elementor-sitemap-item-page page_item page-item-1093840000006559\"><a href=\"https:\/\/monjesbudistas.org\/ca\/contacte\/\">Contacte<\/a><\/li><li class=\"elementor-sitemap-item elementor-sitemap-item-page page_item page-item-1093840000006547\"><a href=\"https:\/\/monjesbudistas.org\/ca\/donacions\/\">Donacions<\/a><\/li><li class=\"elementor-sitemap-item elementor-sitemap-item-page page_item page-item-1093840000007237\"><a href=\"https:\/\/monjesbudistas.org\/ca\/solidaritat\/\">Solidaritat<\/a><\/li><li class=\"elementor-sitemap-item elementor-sitemap-item-page page_item page-item-1093840000006579\"><a href=\"https:\/\/monjesbudistas.org\/ca\/sobre-nosaltres\/\">Sobre nosaltres<\/a><ul class='children'><li class=\"elementor-sitemap-item elementor-sitemap-item-page page_item page-item-1093840000006533\"><a href=\"https:\/\/monjesbudistas.org\/ca\/sobre-nosaltres\/serveis-de-consultoria\/\">Serveis de Consultoria<\/a><\/li><li class=\"elementor-sitemap-item elementor-sitemap-item-page page_item page-item-1093840000006531\"><a href=\"https:\/\/monjesbudistas.org\/ca\/sobre-nosaltres\/estudis-i-recerca\/\">Estudis i Recerca<\/a><\/li><li class=\"elementor-sitemap-item elementor-sitemap-item-page page_item page-item-1093840000006528\"><a href=\"https:\/\/monjesbudistas.org\/ca\/sobre-nosaltres\/xarxa-defensors-en-consciencia\/\">Xarxa Defensors en Consci\u00e8ncia<\/a><\/li><li class=\"elementor-sitemap-item elementor-sitemap-item-page page_item page-item-1093840000006494\"><a href=\"https:\/\/monjesbudistas.org\/ca\/sobre-nosaltres\/visio-del-fundador\/\">Visi\u00f3 del Fundador<\/a><\/li><li class=\"elementor-sitemap-item elementor-sitemap-item-page page_item page-item-1093840000006487\"><a href=\"https:\/\/monjesbudistas.org\/ca\/sobre-nosaltres\/equip-docent-qui-som\/\">Equip docent: Qui som<\/a><\/li><li class=\"elementor-sitemap-item elementor-sitemap-item-page page_item page-item-1093840000006592\"><a href=\"https:\/\/monjesbudistas.org\/ca\/sobre-nosaltres\/filosofia-i-metodologia\/\">Filosofia i metodologia<\/a><\/li><li class=\"elementor-sitemap-item elementor-sitemap-item-page page_item page-item-1093840000006593\"><a href=\"https:\/\/monjesbudistas.org\/ca\/sobre-nosaltres\/fundacio-monjos-budistes-sakya-tashi-ling\/\">Fundaci\u00f3 Monjos Budistes Sakya Tashi Ling<\/a><ul class='children'><li class=\"elementor-sitemap-item elementor-sitemap-item-page page_item page-item-1093840000006524\"><a href=\"https:\/\/monjesbudistas.org\/ca\/sobre-nosaltres\/fundacio-monjos-budistes-sakya-tashi-ling\/equip\/\">Equip<\/a><\/li><li class=\"elementor-sitemap-item elementor-sitemap-item-page page_item page-item-1093840000006598\"><a href=\"https:\/\/monjesbudistas.org\/ca\/sobre-nosaltres\/fundacio-monjos-budistes-sakya-tashi-ling\/com-treballem\/\">Com treballem<\/a><\/li><li class=\"elementor-sitemap-item elementor-sitemap-item-page page_item page-item-1093840000006526\"><a href=\"https:\/\/monjesbudistas.org\/ca\/sobre-nosaltres\/fundacio-monjos-budistes-sakya-tashi-ling\/que-fem\/\">Qu\u00e8 fem<\/a><\/li><li class=\"elementor-sitemap-item elementor-sitemap-item-page page_item page-item-1093840000006502\"><a href=\"https:\/\/monjesbudistas.org\/ca\/sobre-nosaltres\/fundacio-monjos-budistes-sakya-tashi-ling\/fundador-i-president-honorifico\/\">Fundador i President Honor\u00edfico<\/a><\/li><li class=\"elementor-sitemap-item elementor-sitemap-item-page page_item page-item-1093840000006499\"><a href=\"https:\/\/monjesbudistas.org\/ca\/sobre-nosaltres\/fundacio-monjos-budistes-sakya-tashi-ling\/sobre-la-fundacio\/\">Sobre la Fundaci\u00f3<\/a><\/li><\/ul><\/li><li class=\"elementor-sitemap-item elementor-sitemap-item-page page_item page-item-1093840000006482\"><a href=\"https:\/\/monjesbudistas.org\/ca\/sobre-nosaltres\/equip-docent-2\/\">Equip docent<\/a><\/li><\/ul><\/li><li class=\"elementor-sitemap-item elementor-sitemap-item-page page_item page-item-1093840000007401\"><a href=\"https:\/\/monjesbudistas.org\/ca\/triple-benefici\/\">Triple Benefici<\/a><ul class='children'><li class=\"elementor-sitemap-item elementor-sitemap-item-page page_item page-item-1093840000006489\"><a href=\"https:\/\/monjesbudistas.org\/ca\/triple-benefici\/colonia-agricola-plana-novella\/\">Col\u00f2nia Agr\u00edcola Plana Novella<\/a><\/li><\/ul><\/li><li class=\"elementor-sitemap-item elementor-sitemap-item-page page_item page-item-1093840000006563\"><a href=\"https:\/\/monjesbudistas.org\/ca\/institut-de-consciencia\/\">Institut de consci\u00e8ncia<\/a><ul class='children'><li class=\"elementor-sitemap-item elementor-sitemap-item-page page_item page-item-1093840000015035\"><a href=\"https:\/\/monjesbudistas.org\/ca\/institut-de-consciencia\/admissions\/\">Admissions<\/a><\/li><li class=\"elementor-sitemap-item elementor-sitemap-item-page page_item page-item-1093840000015046\"><a href=\"https:\/\/monjesbudistas.org\/ca\/institut-de-consciencia\/professorat\/\">Professorat<\/a><\/li><li class=\"elementor-sitemap-item elementor-sitemap-item-page page_item page-item-1093840000014801\"><a href=\"https:\/\/monjesbudistas.org\/ca\/institut-de-consciencia\/estudis\/\">Estudis<\/a><\/li><li class=\"elementor-sitemap-item elementor-sitemap-item-page page_item page-item-1093840000015040\"><a href=\"https:\/\/monjesbudistas.org\/ca\/institut-de-consciencia\/investigacio\/\">Investigaci\u00f3<\/a><\/li><li class=\"elementor-sitemap-item elementor-sitemap-item-page page_item page-item-1093840000015043\"><a href=\"https:\/\/monjesbudistas.org\/ca\/institut-de-consciencia\/metodologia\/\">Metodologia<\/a><\/li><li class=\"elementor-sitemap-item elementor-sitemap-item-page page_item page-item-1093840000006383\"><a href=\"https:\/\/monjesbudistas.org\/ca\/institut-de-consciencia\/campus\/\">Campus<\/a><\/li><li class=\"elementor-sitemap-item elementor-sitemap-item-page page_item page-item-1093840000006435\"><a href=\"https:\/\/monjesbudistas.org\/ca\/institut-de-consciencia\/per-a-que-aprendre-a-meditar\/\">Per a qu\u00e8 aprendre a meditar?<\/a><\/li><li class=\"elementor-sitemap-item elementor-sitemap-item-page page_item page-item-1093840000006477\"><a href=\"https:\/\/monjesbudistas.org\/ca\/institut-de-consciencia\/equip-docent\/\">Equip docent<\/a><\/li><li class=\"elementor-sitemap-item elementor-sitemap-item-page page_item page-item-1093840000006472\"><a href=\"https:\/\/monjesbudistas.org\/ca\/institut-de-consciencia\/estats-de-consciencia-i-competencies\/\">Estats de consci\u00e8ncia i compet\u00e8ncies<\/a><\/li><li class=\"elementor-sitemap-item elementor-sitemap-item-page page_item page-item-1093840000006459\"><a href=\"https:\/\/monjesbudistas.org\/ca\/institut-de-consciencia\/enfocament-i-metodologia\/\">Enfocament i metodologia<\/a><\/li><li class=\"elementor-sitemap-item elementor-sitemap-item-page page_item page-item-1093840000006448\"><a href=\"https:\/\/monjesbudistas.org\/ca\/institut-de-consciencia\/sobre-els-programes-formatius\/\">Sobre els Programes Formatius<\/a><ul class='children'><li class=\"elementor-sitemap-item elementor-sitemap-item-page page_item page-item-1093840000006454\"><a href=\"https:\/\/monjesbudistas.org\/ca\/institut-de-consciencia\/sobre-els-programes-formatius\/programa-apren-a-meditar\/\">Programa Apr\u00e8n a Meditar<\/a><\/li><\/ul><\/li><\/ul><\/li><li class=\"elementor-sitemap-item elementor-sitemap-item-page page_item page-item-1093840000007172\"><a href=\"https:\/\/monjesbudistas.org\/ca\/grups\/\">Grups<\/a><ul class='children'><li class=\"elementor-sitemap-item elementor-sitemap-item-page page_item page-item-1093840000006395\"><a href=\"https:\/\/monjesbudistas.org\/ca\/grups\/planifica-una-experiencia-unica\/\">Planifica una experi\u00e8ncia \u00fanica<\/a><\/li><li class=\"elementor-sitemap-item elementor-sitemap-item-page page_item page-item-1093840000006432\"><a href=\"https:\/\/monjesbudistas.org\/ca\/grups\/grups-socials\/\">Grups socials<\/a><\/li><li class=\"elementor-sitemap-item elementor-sitemap-item-page page_item page-item-1093840000006429\"><a href=\"https:\/\/monjesbudistas.org\/ca\/grups\/grups-corporatius\/\">Grups corporatius<\/a><\/li><li class=\"elementor-sitemap-item elementor-sitemap-item-page page_item page-item-1093840000006424\"><a href=\"https:\/\/monjesbudistas.org\/ca\/grups\/centres-educatius\/\">Centres educatius<\/a><\/li><\/ul><\/li><li class=\"elementor-sitemap-item elementor-sitemap-item-page page_item page-item-1093840000007164\"><a href=\"https:\/\/monjesbudistas.org\/ca\/experiencies\/\">Experi\u00e8ncies<\/a><ul class='children'><li class=\"elementor-sitemap-item elementor-sitemap-item-page page_item page-item-1093840000006387\"><a href=\"https:\/\/monjesbudistas.org\/ca\/experiencies\/visita-el-monestir-del-garraf\/\">Visita el Monestir del Garraf<\/a><\/li><li class=\"elementor-sitemap-item elementor-sitemap-item-page page_item page-item-1093840000006378\"><a href=\"https:\/\/monjesbudistas.org\/ca\/experiencies\/planifica-la-teva-visita-al-monestir-del-garraf\/\">Planifica la teva visita al Monestir del Garraf<\/a><\/li><li class=\"elementor-sitemap-item elementor-sitemap-item-page page_item page-item-1093840000006393\"><a href=\"https:\/\/monjesbudistas.org\/ca\/experiencies\/retir-de-pau-interior\/\">Retir de pau interior<\/a><\/li><li class=\"elementor-sitemap-item elementor-sitemap-item-page page_item page-item-1093840000006391\"><a href=\"https:\/\/monjesbudistas.org\/ca\/experiencies\/aula-de-meditacio\/\">Aula de meditaci\u00f3<\/a><\/li><li class=\"elementor-sitemap-item elementor-sitemap-item-page page_item page-item-1093840000006389\"><a href=\"https:\/\/monjesbudistas.org\/ca\/experiencies\/restaurant\/\">Restaurant<\/a><\/li><li class=\"elementor-sitemap-item elementor-sitemap-item-page page_item page-item-1093840000006385\"><a href=\"https:\/\/monjesbudistas.org\/ca\/experiencies\/meditar-en-les-estupas\/\">Meditar en les estupes<\/a><\/li><\/ul><\/li><\/ul><\/div><div class=\"elementor-sitemap-section\"><h2 class=\"elementor-sitemap-title elementor-sitemap-product-title\">Reservas<\/h2><ul class=\"elementor-sitemap-list elementor-sitemap-product-list\"><li class=\"elementor-sitemap-item elementor-sitemap-item-product page_item page-item-1093840000007632\"><a href=\"https:\/\/monjesbudistas.org\/ca\/producte\/formacio-mahayana-cami-cap-a-lexcellencia-setembre-2025\/\">Formaci\u00f3 Mahayana \u2013 Cam\u00ed cap a l&#8217;Excel\u00b7l\u00e8ncia (Setembre 2025)<\/a><\/li><li class=\"elementor-sitemap-item elementor-sitemap-item-product page_item page-item-1093840000007636\"><a href=\"https:\/\/monjesbudistas.org\/ca\/producte\/programa-apren-a-meditar-any-2-setembre-2025-grup-en-linia\/\">Programa Apr\u00e8n a Meditar &#8211; Any 2 (Setembre 2025) | Grup En l\u00ednia<\/a><\/li><li class=\"elementor-sitemap-item elementor-sitemap-item-product page_item page-item-1093840000007642\"><a href=\"https:\/\/monjesbudistas.org\/ca\/producte\/programa-apren-a-meditar-any-2-setembre-2025-grup-presencial\/\">Programa Apr\u00e8n a Meditar &#8211; Any 2 (Setembre 2025) | Grup Presencial<\/a><\/li><li class=\"elementor-sitemap-item elementor-sitemap-item-product page_item page-item-1093840000007657\"><a href=\"https:\/\/monjesbudistas.org\/ca\/producte\/programa-apren-a-meditar-any-2-setembre-2025-oient\/\">Programa Apr\u00e8n a Meditar &#8211; Any 2 (Setembre 2025) | Oient<\/a><\/li><li class=\"elementor-sitemap-item elementor-sitemap-item-product page_item page-item-1093840000007669\"><a href=\"https:\/\/monjesbudistas.org\/ca\/producte\/cicle-formatiu-principi-dinterdependencia-setembre-2025-grup-online\/\">Cicle formatiu \u2013 Principi d&#8217;Interdepend\u00e8ncia (Setembre 2025) | Grup Online<\/a><\/li><li class=\"elementor-sitemap-item elementor-sitemap-item-product page_item page-item-1093840000007681\"><a href=\"https:\/\/monjesbudistas.org\/ca\/producte\/cicle-formatiu-principi-dinterdependencia-setembre-2025-grup-presencial\/\">Cicle formatiu \u2013 Principi d&#8217;Interdepend\u00e8ncia (Setembre 2025) | Grup Presencial<\/a><\/li><li class=\"elementor-sitemap-item elementor-sitemap-item-product page_item page-item-1093840000007666\"><a href=\"https:\/\/monjesbudistas.org\/ca\/producte\/cicle-formatiu-principi-dinterdependencia-setembre-2025-oient\/\">Cicle formatiu \u2013 Principi d&#8217;Interdepend\u00e8ncia (setembre 2025) | Oient<\/a><\/li><li class=\"elementor-sitemap-item elementor-sitemap-item-product page_item page-item-1093840000007663\"><a href=\"https:\/\/monjesbudistas.org\/ca\/producte\/programa-apren-a-meditar-any-1-setembre-2025-grup-online\/\">Programa Apr\u00e8n a Meditar &#8211; Any 1 (Setembre 2025) | Grup Online<\/a><\/li><li class=\"elementor-sitemap-item elementor-sitemap-item-product page_item page-item-1093840000007675\"><a href=\"https:\/\/monjesbudistas.org\/ca\/producte\/programa-apren-a-meditar-any-1-setembre-2025-grup-presencial\/\">Programa Apr\u00e8n a Meditar &#8211; Any 1 (Setembre 2025) | Grup Presencial<\/a><\/li><li class=\"elementor-sitemap-item elementor-sitemap-item-product page_item page-item-1093840000007693\"><a href=\"https:\/\/monjesbudistas.org\/ca\/producte\/programa-apren-a-meditar-any-1-setembre-2025-oient\/\">Programa Apr\u00e8n a Meditar &#8211; Any 1 (Setembre 2025) | Oient<\/a><\/li><li class=\"elementor-sitemap-item elementor-sitemap-item-product page_item page-item-1093840000007686\"><a href=\"https:\/\/monjesbudistas.org\/ca\/producte\/formacio-mahayana-essencia-de-la-compassio-setembre-2025\/\">Formaci\u00f3 Mahayana &#8211; Ess\u00e8ncia de la Compassi\u00f3 &#8211; Setembre 2025<\/a><\/li><li class=\"elementor-sitemap-item elementor-sitemap-item-product page_item page-item-1093840000007696\"><a href=\"https:\/\/monjesbudistas.org\/ca\/producte\/cicle-formatiu-principi-dinterdependencia-setembre-2025\/\">Cicle formatiu \u2013 Principi d&#8217;Interdepend\u00e8ncia &#8211; Setembre 2025<\/a><\/li><li class=\"elementor-sitemap-item elementor-sitemap-item-product page_item page-item-1093840000007700\"><a href=\"https:\/\/monjesbudistas.org\/ca\/producte\/formacio-mahayana-essencia-de-la-compassio-febrer-2025\/\">Formaci\u00f3 Mahayana &#8211; Ess\u00e8ncia de la Compassi\u00f3 &#8211; Febrer 2025<\/a><\/li><li class=\"elementor-sitemap-item elementor-sitemap-item-product page_item page-item-1093840000007712\"><a href=\"https:\/\/monjesbudistas.org\/ca\/producte\/cicle-formatiu-principi-dinterdependencia-febrer-2025\/\">Cicle formatiu \u2013 Principi d&#8217;Interdepend\u00e8ncia &#8211; Febrer 2025<\/a><\/li><li class=\"elementor-sitemap-item elementor-sitemap-item-product page_item page-item-1093840000006631\"><a href=\"https:\/\/monjesbudistas.org\/ca\/producte\/aula-introduccio-a-la-meditacio-budista\/\">Aula Introducci\u00f3 a la Meditaci\u00f3 Budista<\/a><\/li><li class=\"elementor-sitemap-item elementor-sitemap-item-product page_item page-item-1093840000006630\"><a href=\"https:\/\/monjesbudistas.org\/ca\/producte\/retir-de-pau-interior\/\">Retir de Pau Interior<\/a><\/li><li class=\"elementor-sitemap-item elementor-sitemap-item-product page_item page-item-1093840000006632\"><a href=\"https:\/\/monjesbudistas.org\/ca\/producte\/pack-visita-guiada-menu-gastronomic\/\">Pack Visita Guiada + Men\u00fa Gastron\u00f2mic<\/a><\/li><li class=\"elementor-sitemap-item elementor-sitemap-item-product page_item page-item-1093840000006637\"><a href=\"https:\/\/monjesbudistas.org\/ca\/producte\/pack-visita-guiada-aula-meditacio\/\">Pack Visita Guiada + Aula Meditaci\u00f3<\/a><\/li><li class=\"elementor-sitemap-item elementor-sitemap-item-product page_item page-item-1093840000006638\"><a href=\"https:\/\/monjesbudistas.org\/ca\/producte\/pack-aula-meditacio-menu-gastronomic\/\">Pack Aula Meditaci\u00f3 + Men\u00fa Gastron\u00f2mic<\/a><\/li><li class=\"elementor-sitemap-item elementor-sitemap-item-product page_item page-item-1093840000006639\"><a href=\"https:\/\/monjesbudistas.org\/ca\/producte\/pack-visita-guiada-aula-meditacio-menu-gastronomic\/\">Pack Visita Guiada + Aula Meditaci\u00f3 + Men\u00fa Gastron\u00f2mic<\/a><\/li><li class=\"elementor-sitemap-item elementor-sitemap-item-product page_item page-item-1093840000006640\"><a href=\"https:\/\/monjesbudistas.org\/ca\/producte\/visita-guiada-al-monestir\/\">Visita Guiada al Monestir<\/a><\/li><\/ul><\/div><\/div>\t\t\t\t<\/div>\n\t\t\t\t<\/div>\n\t\t\t\t\t<\/div>\n\t\t\t\t<\/div>\n\t\t\t\t<\/div>\n\t\t","protected":false},"excerpt":{"rendered":"","protected":false},"author":1,"featured_media":0,"parent":0,"menu_order":0,"comment_status":"closed","ping_status":"closed","template":"","meta":{"give_campaign_id":0,"footnotes":""},"class_list":["post-1093840000007323","page","type-page","status-publish","hentry"],"campaignId":"","_links":{"self":[{"href":"https:\/\/monjesbudistas.org\/ca\/wp-json\/wp\/v2\/pages\/1093840000007323","targetHints":{"allow":["GET"]}}],"collection":[{"href":"https:\/\/monjesbudistas.org\/ca\/wp-json\/wp\/v2\/pages"}],"about":[{"href":"https:\/\/monjesbudistas.org\/ca\/wp-json\/wp\/v2\/types\/page"}],"author":[{"embeddable":true,"href":"https:\/\/monjesbudistas.org\/ca\/wp-json\/wp\/v2\/users\/1"}],"replies":[{"embeddable":true,"href":"https:\/\/monjesbudistas.org\/ca\/wp-json\/wp\/v2\/comments?post=1093840000007323"}],"version-history":[{"count":1,"href":"https:\/\/monjesbudistas.org\/ca\/wp-json\/wp\/v2\/pages\/1093840000007323\/revisions"}],"predecessor-version":[{"id":1093840000007325,"href":"https:\/\/monjesbudistas.org\/ca\/wp-json\/wp\/v2\/pages\/1093840000007323\/revisions\/1093840000007325"}],"wp:attachment":[{"href":"https:\/\/monjesbudistas.org\/ca\/wp-json\/wp\/v2\/media?parent=1093840000007323"}],"curies":[{"name":"wp","href":"https:\/\/api.w.org\/{rel}","templated":true}]}}