{"id":1093840000006588,"date":"2024-05-28T16:26:24","date_gmt":"2024-05-28T14:26:24","guid":{"rendered":"https:\/\/monjesbudistas.org\/politica-de-privacitat\/"},"modified":"2025-05-30T18:40:35","modified_gmt":"2025-05-30T16:40:35","slug":"politica-de-privacitat","status":"publish","type":"page","link":"https:\/\/monjesbudistas.org\/ca\/politica-de-privacitat\/","title":{"rendered":"Pol\u00edtica de Privacitat"},"content":{"rendered":"\t\t<div data-elementor-type=\"wp-page\" data-elementor-id=\"1093840000006588\" class=\"elementor elementor-1093840000006588 elementor-2118\" data-elementor-post-type=\"page\">\n\t\t\t\t<div class=\"elementor-element elementor-element-58d49817 e-flex e-con-boxed e-con e-parent\" data-id=\"58d49817\" data-element_type=\"container\" data-e-type=\"container\" data-settings=\"{&quot;jet_parallax_layout_list&quot;:[]}\">\n\t\t\t\t\t<div class=\"e-con-inner\">\n\t\t\t\t<div class=\"elementor-element elementor-element-2d614f90 elementor-widget elementor-widget-text-editor\" data-id=\"2d614f90\" data-element_type=\"widget\" data-e-type=\"widget\" data-widget_type=\"text-editor.default\">\n\t\t\t\t<div class=\"elementor-widget-container\">\n\t\t\t\t\t\t\t\t\t\n<h2 class=\"wp-block-heading\">Cl\u00e0usules informatives.<\/h2>\n\n<h5 class=\"wp-block-heading\"><strong>CL\u00c0USULA INFORMATIVA RGPD I LSSI-CE<\/strong><\/h5>\n\n<p>De conformitat amb el que s&#8217;estableix en la normativa vigent en Protecci\u00f3 de Dades de Car\u00e0cter Personal, l&#8217;informem que les seves dades seran incorporades al sistema de tractament titularitat de FUNDACI\u00d3 MONJOS BUDISTES SAKYA TASHI LING amb CIF G63697304 i domicili social situat en Av\/ PLANA NOVELLA S\/N 08818, OLIVELLA (BARCELONA), amb la finalitat de poder atendre els compromisos derivats de la relaci\u00f3 que mantenim amb vost\u00e8. En compliment amb la normativa vigent, FUNDACI\u00d3 MONJOS BUDISTES SAKYA TASHI LING informa que les dades seran conservades durant el termini estrictament necessari per a complir amb els preceptes esmentats amb anterioritat. <\/p>\n\n<p>FUNDACI\u00d3 MONJOS BUDISTES SAKYA TASHI LING informa que procedir\u00e0 a tractar les dades de manera l\u00edcita, lleial, transparent, adequada, pertinent, limitada, exacta i actualitzada. \u00c9s per aix\u00f2 que FUNDACI\u00d3 MONJOS BUDISTES SAKYA TASHI LING es compromet a adoptar totes les mesures raonables perqu\u00e8 aquests se suprimeixin o rectifiquin sense dilaci\u00f3 quan siguin inexactes. <\/p>\n<p>En atorgar el seu consentiment, accepta que les seves dades personals puguin ser compartits amb les entitats que formen part de la nostra comunitat, amb la finalitat de mantenir una comunicaci\u00f3 coherent i facilitar la gesti\u00f3 d&#8217;activitats i serveis. Aquestes entitats s\u00f3n: <\/p>\n<ul>\n<li>Comunitat Budista Sakya Tashi Ling \u2013 Entitat Religiosa<\/li>\n<li>Monjos Budistes Sakya Tashi Ling \u2013 Fundaci\u00f3 Privada<\/li>\n<li>Col\u00f2nia-Agr\u00edcola Plana Novella \u2013 TBB Healthy SLU<\/li>\n<\/ul>\n<p>La cessi\u00f3 de dades es realitzar\u00e0 respectant en tot moment la normativa vigent en mat\u00e8ria de protecci\u00f3 de dades personals i garantint les mesures necess\u00e0ries per a preservar la seva privacitat.<\/p>\n\n<p>D&#8217;acord amb els drets que li confereix la normativa vigent en protecci\u00f3 de dades podr\u00e0 exercir els drets d&#8217;acc\u00e9s, rectificaci\u00f3, limitaci\u00f3 de tractament, supressi\u00f3, portabilitat i oposici\u00f3 al tractament de les seves dades de car\u00e0cter personal aix\u00ed com del consentiment prestat per al tractament d&#8217;aquests, dirigint la seva petici\u00f3 a l&#8217;adre\u00e7a postal indicada m\u00e9s amunt o al correu electr\u00f2nic privacidad@monjesbudistas.org.<\/p>\n\n<p>Aix\u00ed mateix, d&#8217;acord amb el que s&#8217;estableix en la Llei 34\/2002, d&#8217;11 de juliol, de Serveis de la Societat de la Informaci\u00f3 i de Comer\u00e7 Electr\u00f2nic, en el seu article 21, sol\u00b7licitem tamb\u00e9 el seu consentiment expr\u00e9s per a enviar-li publicitat dels nostres productes o promocions que considerem puguin ser del seu inter\u00e8s, per correu electr\u00f2nic o per qualsevol altre mitj\u00e0 de comunicaci\u00f3 electr\u00f2nica equivalent.<\/p>\n\n<p>En navegar en aquesta web declaro que he llegit i accepto rebre publicitat o informaci\u00f3 promocional de FUNDACI\u00d3 MONJOS BUDISTES SAKYA TASHI LING.<\/p>\n\n<p>L&#8217;informem que podr\u00e0 revocar en qualsevol moment el consentiment prestat a la recepci\u00f3 de comunicacions comercials enviant un e-mail a l&#8217;adre\u00e7a de correu electr\u00f2nic privacidad@monjesbudistas.org.<\/p>\n\n<h2 class=\"wp-block-heading\">Pol\u00edtica de Privacitat Xarxes Socials.<\/h2>\n\n<p>De conformitat amb el que s&#8217;estableix en la normativa vigent en Protecci\u00f3 de Dades de Car\u00e0cter Personal (RGPD) i la Llei 34\/2002, d&#8217;11 de juliol, de Serveis de la Societat de la Informaci\u00f3 i de Comer\u00e7 Electr\u00f2nic (LSSI-CE), FUNDACI\u00d3 MONJOS BUDISTES SAKYA TASHI LING informa els usuaris, que ha procedit a crear un perfil en la\/s Xarxa\/\u00e9s Social\/\u00e9s Facebook i, Instagram, amb la finalitat principal de publicitar els seus productes i serveis.<\/p>\n\n<p>Dades:<br>FUNDACI\u00d3 MONJOS BUDISTES SAKYA TASHI LING<br>NIF \u2013 G63697304<\/p>\n\n<p>Monestir del Garraf<br>Av\/ PLANA NOVELLA, S\/N- 08818 OLIVELLA, BARCELONA<br>info@monjesbudistas.org<br>https:\/\/monjesbudistas.org<\/p>\n\n<p>L&#8217;usuari si disposa d&#8217;un perfil en la mateixa Xarxa Social i ha decidit unir-se a la p\u00e0gina creada per FUNDACI\u00d3 MONJOS BUDISTES SAKYA TASHI LING, mostrant aix\u00ed inter\u00e8s en la informaci\u00f3 que es publiciti en la Xarxa. En unir-se a la nostra p\u00e0gina, ens facilita el seu consentiment per al tractament d&#8217;aquelles dades personals publicades en el seu perfil. <\/p>\n\n<p>L&#8217;usuari pot accedir en tot moment a les pol\u00edtiques de privacitat de la pr\u00f2pia Xarxa Social, aix\u00ed com configurar el seu perfil per a garantir la seva privacitat.<\/p>\n\n<p>FUNDACI\u00d3 MONJOS BUDISTES SAKYA TASHI LING t\u00e9 acc\u00e9s i tracta aquella informaci\u00f3 p\u00fablica de l&#8217;usuari, especialment, el seu nom de contacte. Aquestes dades, nom\u00e9s s\u00f3n utilitzats dins de la pr\u00f2pia Xarxa Social. No s\u00f3n incorporats a cap fitxer.  <\/p>\n\n<p>En relaci\u00f3 als drets d&#8217;acc\u00e9s, rectificaci\u00f3, cancel\u00b7laci\u00f3 i oposici\u00f3, dels quals vost\u00e8 disposa i que poden ser exercitats davant FUNDACI\u00d3 MONJOS BUDISTES SAKYA TASHI LING, d&#8217;acord amb la LOPD, ha de tenir en compte els seg\u00fcents matisos:<\/p>\n\n<ul>\n<li>Acc\u00e9s: Vindr\u00e0 definit per la funcionalitat de la Xarxa Social i la capacitat d&#8217;acc\u00e9s a la informaci\u00f3 dels perfils dels usuaris.<\/li>\n\n<li>Rectificaci\u00f3: Nom\u00e9s podr\u00e0 satisfer-se en relaci\u00f3 a aquella informaci\u00f3 que es trobi sota el control de FUNDACI\u00d3 MONJOS BUDISTES SAKYA TASHI LING, per exemple, eliminar comentaris publicats en la pr\u00f2pia p\u00e0gina. Normalment, aquest dret haur\u00e0 d&#8217;exercir-lo davant la Xarxa Social. <\/li>\n\n<li>Cancel\u00b7laci\u00f3 i\/o Oposici\u00f3: Com en el cas anterior, nom\u00e9s podr\u00e0 satisfer-se en relaci\u00f3 a aquella informaci\u00f3 que es trobi sota el control de FUNDACI\u00d3 MONJOS BUDISTES SAKYA TASHI LING, per exemple, deixar d&#8217;estar unit al perfil.<\/li>\n<\/ul>\n\n<p>FUNDACI\u00d3 MONJOS BUDISTES SAKYA TASHI LING realitzar\u00e0 les seg\u00fcents actuacions:<\/p>\n\n<p>Pol\u00edtica de privacitat \u2013 Xarxa Social<\/p>\n\n<ul>\n<li>Acc\u00e9s a la informaci\u00f3 p\u00fablica del perfil.<\/li>\n\n<li>Publicaci\u00f3 en el perfil de l&#8217;usuari de tota aquella informaci\u00f3 ja publicada en la p\u00e0gina de FUNDACI\u00d3 MONJOS BUDISTES SAKYA TASHI LING.<\/li>\n\n<li>Enviar missatges personals i individuals a trav\u00e9s dels canals de la Xarxa Social.<\/li>\n\n<li>Actualitzacions de l&#8217;estat de la p\u00e0gina que es publicaran en el perfil de l&#8217;usuari.<\/li>\n<\/ul>\n\n<p>L&#8217;usuari sempre pot controlar les seves connexions, eliminar els continguts que deixin d&#8217;interessar-li i restringir amb qui comparteix les seves connexions, per a aix\u00f2 haur\u00e0 d&#8217;accedir a la seva configuraci\u00f3 de privacitat.<\/p>\n\n<p>Publicacions<\/p>\n\n<p>L&#8217;usuari, una vegada unit a la p\u00e0gina de FUNDACI\u00d3 MONJOS BUDISTES SAKYA TASHI LING, podr\u00e0 publicar en aquesta \u00faltima comentaris, enlla\u00e7os, imatges o fotografies o qualsevol altre tipus de contingut multim\u00e8dia suportat per la Xarxa Social. L&#8217;usuari, en tots els casos, ha de ser el titular d&#8217;aquests, gaudir dels drets d&#8217;autor i de propietat intel\u00b7lectual o comptar amb el consentiment dels tercers afectats. Es prohibeix expressament qualsevol publicaci\u00f3 en la p\u00e0gina, ja siguin textos, gr\u00e0fics, fotografies, v\u00eddeos, etc. que atemptin o siguin susceptibles d&#8217;atemptar contra la moral, l&#8217;\u00e8tica, el bon gust o el dec\u00f2rum, ni que infringeixin, violin o conculquin els drets de propietat intel\u00b7lectual o industrial, el dret a la imatge o la Llei. En aquests casos, FUNDACI\u00d3 MONJOS BUDISTES SAKYA TASHI LING es reserva el dret a retirar immediatament el contingut, podent sol\u00b7licitar el bloqueig permanent de l&#8217;usuari. FUNDACI\u00d3 MONJOS BUDISTES SAKYA TASHI LING no es far\u00e0 responsable dels continguts que lliurement ha publicat un usuari.<br>L&#8217;usuari ha de tenir present que les seves publicacions seran conegudes pels altres usuaris, per la qual cosa ell mateix \u00e9s el principal responsable de la seva privacitat.<br>Les imatges que puguin publicar-se en la p\u00e0gina no seran emmagatzemades en cap fitxer per part de FUNDACI\u00d3 MONJOS BUDISTES SAKYA TASHI LING, per\u00f2 si que romandran en la Xarxa Social.    <\/p>\n\n<p>Concursos i promocions<br>FUNDACI\u00d3 MONJOS BUDISTES SAKYA TASHI LING es reserva el dret a realitzar concursos i promocions, en els quals podr\u00e0 participar l&#8217;usuari unit a la seva p\u00e0gina. Les bases de cadascun d&#8217;ells, quan s&#8217;utilitzi per a aix\u00f2 la plataforma de la Xarxa Social, seran publicades en aquesta. Complint sempre amb la LSSI-CE i amb qualsevol altra norma que li sigui aplicable.<br>La Xarxa Social no patrocina, avala ni administra, de cap mode, cap de les nostres promocions, ni est\u00e0 associada a cap d&#8217;elles.  <\/p>\n\n<p>Publicitat<br>FUNDACI\u00d3 MONJOS BUDISTES SAKYA TASHI LING utilitzar\u00e0 la Xarxa Social per a publicitar els seus productes i serveis, en tot cas, si decideix tractar les seves dades de contacte per a realitzar accions directes de prospecci\u00f3 comercial, ser\u00e0 sempre, complint amb les exig\u00e8ncies legals de la LOPD i de la LSSI-CE<\/p>\n\n<p>Pol\u00edtica de privacitat \u2013 Xarxa Social<br>No es considerar\u00e0 publicitat el fet de recomanar a altres usuaris la p\u00e0gina de FUNDACI\u00d3 MONJOS BUDISTES SAKYA TASHI LING perqu\u00e8 tamb\u00e9 ells puguin gaudir de les promocions o estar informats de la seva activitat<\/p>\n\n<p>A continuaci\u00f3 detallem l&#8217;enlla\u00e7 a la pol\u00edtica de privacitat de la Xarxa Social:<br>Facebook: https:\/\/www.facebook.com\/privacy\/explanation<br>Instagram: http:\/\/instagram.com\/about\/legal\/privacy\/#<br>Google +: http:\/\/www.google.com\/intl\/es\/policies\/privacy<\/p>\n\t\t\t\t\t\t\t\t<\/div>\n\t\t\t\t<\/div>\n\t\t\t\t\t<\/div>\n\t\t\t\t<\/div>\n\t\t\t\t<\/div>\n\t\t","protected":false},"excerpt":{"rendered":"<p>Cl\u00e0usules informatives. CL\u00c0USULA INFORMATIVA RGPD I LSSI-CE De conformitat amb el que s&#8217;estableix en la normativa vigent en Protecci\u00f3 de Dades de Car\u00e0cter Personal, l&#8217;informem que les seves dades seran incorporades al sistema de tractament titularitat de FUNDACI\u00d3 MONJOS BUDISTES SAKYA TASHI LING amb CIF G63697304 i domicili social situat en Av\/ PLANA NOVELLA S\/N [&hellip;]<\/p>\n","protected":false},"author":3,"featured_media":0,"parent":0,"menu_order":0,"comment_status":"closed","ping_status":"closed","template":"","meta":{"give_campaign_id":0,"footnotes":""},"class_list":["post-1093840000006588","page","type-page","status-publish","hentry"],"campaignId":"","_links":{"self":[{"href":"https:\/\/monjesbudistas.org\/ca\/wp-json\/wp\/v2\/pages\/1093840000006588","targetHints":{"allow":["GET"]}}],"collection":[{"href":"https:\/\/monjesbudistas.org\/ca\/wp-json\/wp\/v2\/pages"}],"about":[{"href":"https:\/\/monjesbudistas.org\/ca\/wp-json\/wp\/v2\/types\/page"}],"author":[{"embeddable":true,"href":"https:\/\/monjesbudistas.org\/ca\/wp-json\/wp\/v2\/users\/3"}],"replies":[{"embeddable":true,"href":"https:\/\/monjesbudistas.org\/ca\/wp-json\/wp\/v2\/comments?post=1093840000006588"}],"version-history":[{"count":3,"href":"https:\/\/monjesbudistas.org\/ca\/wp-json\/wp\/v2\/pages\/1093840000006588\/revisions"}],"predecessor-version":[{"id":1093840000006591,"href":"https:\/\/monjesbudistas.org\/ca\/wp-json\/wp\/v2\/pages\/1093840000006588\/revisions\/1093840000006591"}],"wp:attachment":[{"href":"https:\/\/monjesbudistas.org\/ca\/wp-json\/wp\/v2\/media?parent=1093840000006588"}],"curies":[{"name":"wp","href":"https:\/\/api.w.org\/{rel}","templated":true}]}}