{"id":1093840000006555,"date":"2024-05-28T16:19:41","date_gmt":"2024-05-28T14:19:41","guid":{"rendered":"https:\/\/monjesbudistas.org\/termes-i-condicions\/"},"modified":"2025-05-30T14:57:36","modified_gmt":"2025-05-30T12:57:36","slug":"termes-i-condicions","status":"publish","type":"page","link":"https:\/\/monjesbudistas.org\/ca\/termes-i-condicions\/","title":{"rendered":"Termes i Condicions"},"content":{"rendered":"\t\t<div data-elementor-type=\"wp-page\" data-elementor-id=\"1093840000006555\" class=\"elementor elementor-1093840000006555 elementor-2112\" data-elementor-post-type=\"page\">\n\t\t\t\t<div class=\"elementor-element elementor-element-7f83beb2 e-flex e-con-boxed e-con e-parent\" data-id=\"7f83beb2\" data-element_type=\"container\" data-e-type=\"container\" data-settings=\"{&quot;jet_parallax_layout_list&quot;:[]}\">\n\t\t\t\t\t<div class=\"e-con-inner\">\n\t\t\t\t<div class=\"elementor-element elementor-element-1900f9f5 elementor-widget elementor-widget-text-editor\" data-id=\"1900f9f5\" data-element_type=\"widget\" data-e-type=\"widget\" data-widget_type=\"text-editor.default\">\n\t\t\t\t<div class=\"elementor-widget-container\">\n\t\t\t\t\t\t\t\t\t<p><\/p>\n<h3><b>Termes i Condicions <\/b><\/h3>\n<p><span style=\"font-weight: 400;\">ENTITAT ORGANITZADORA: Fundaci\u00f3 Monjos Budistes Sakya Tashi Ling. Avinguda Plana Novella s\/n, 08818 Olivella, Barcelona. www.monjesbudistas.org. C.I.F G63697304, inscrita en el Registre i Assessorament d&#8217;Entitats Jur\u00eddiques de la Generalitat de Catalunya, inscripci\u00f3 2066.   <\/span><\/p>\n<p><span style=\"font-weight: 400;\">Aquests termes i condicions generals estan vigents amb data d&#8217;inici l&#8217;1 de febrer de 2014 i s\u00f3n revisats i actualitzats amb regularitat. <\/span><\/p>\n<p><span style=\"font-weight: 400;\">L&#8217;acceptaci\u00f3 d&#8217;aquests termes i condicions generals suposa l&#8217;acceptaci\u00f3 del participant en el seu nom i en el de totes les persones en el nom de les quals realitza la reserva.<\/span><span style=\"font-weight: 400;\">\u2013<\/span><\/p>\n<p> <\/p>\n<ol>\n<li><b> P\u00e0gina web.<\/b><b><br><\/b><span style=\"font-weight: 400;\">Si us plau, utilitzi aquest lloc web com a guia general. El seu contingut s&#8217;ha elaborat acuradament. L&#8217;Organitzador no es fa responsable per les omissions o errors que puguin sorgir.  <\/span><\/li>\n<li><b> Lloc.<\/b><b><br><\/b><span style=\"font-weight: 400;\">A l&#8217;efecte d&#8217;aquest document es considera als MONESTIRS, tant al monestir del Garraf, Olivella, Barcelona com tamb\u00e9 al monestir de Castell\u00f3, Vall d\u00b4Alba, Castell\u00f3 (\u00fanicament obert al p\u00fablic per a activitats concertades) tots dos a Espanya i el monestir de Cuzco, Vall Sagrada, Caicay, Cuzco, al Per\u00fa (no obert al p\u00fablic).<\/span><\/li>\n<\/ol>\n<p style=\"padding-left: 40px;\"><span style=\"font-weight: 400;\">Aquests termes i condicions es refereixen majorit\u00e0riament a l&#8217;activitat oferta en el monestir del Garraf, que est\u00e0 obert al p\u00fablic.<\/span><\/p>\n<ol start=\"3\">\n<li><b> Cl\u00e0usules Generals.<\/b><\/li>\n<\/ol>\n<p style=\"padding-left: 40px;\"><span style=\"font-weight: 400;\">3.1 Animals i mascotes.<\/span><span style=\"font-weight: 400;\"><br><\/span><span style=\"font-weight: 400;\">Els animals dom\u00e8stics i mascotes s\u00f3n benvinguts a les zones de lliure acc\u00e9s dels monestirs, sempre que vagin lligats i els seus propietaris es responsabilitzin que no molestin a la resta de persones ni danyin el lloc. Tamb\u00e9 s\u00f3n benvinguts a les terrasses del monestir on es troba el restaurant. <\/span><\/p>\n<p style=\"padding-left: 40px;\"><span style=\"font-weight: 400;\">A aquest efecte, disposem d&#8217;un abeurador per a mascotes (gossos, gats) al pati dels Llimoners.<\/span><\/p>\n<p style=\"padding-left: 40px;\"><span style=\"font-weight: 400;\">En la visita guiada les mascotes nom\u00e9s podran entrar en el palau si el seu propietari el pot portar en bra\u00e7os. En la resta d&#8217;activitats proposades, com s\u00f3n l&#8217;aula d&#8217;introducci\u00f3 a la meditaci\u00f3 budista i els retirs, els animals no poden entrar a la sala de formaci\u00f3. <\/span><\/p>\n<p style=\"padding-left: 40px;\"><span style=\"font-weight: 400;\">3.2. Seguretat dels nens o menors d&#8217;edat<\/span><span style=\"font-weight: 400;\"><br><\/span><span style=\"font-weight: 400;\">Els pares o cuidadors han d&#8217;assegurar-se que els nens es trobin sota la cura d&#8217;un adult responsable durant la seva estada en els monestirs en tot moment. Els monestirs no tenen cap responsabilitat sobre la cura dels nens o menors d&#8217;edat. <\/span><\/p>\n<p style=\"padding-left: 40px;\"><span style=\"font-weight: 400;\">Els menors de dotze anys s\u00f3n benvinguts per a realitzar la visita guiada acompanyats per la persona que estigui a la seva cura; l&#8217;aula d&#8217;introducci\u00f3 a la meditaci\u00f3 budista i els retirs s\u00f3n activitats dissenyades per a majors d&#8217;edat. <\/span><\/p>\n<p style=\"padding-left: 40px;\"><span style=\"font-weight: 400;\">3.3 P\u00e8rdua o danys als b\u00e9ns dels monestirs.<\/span><span style=\"font-weight: 400;\"><br><\/span><span style=\"font-weight: 400;\">En cas de mal f\u00edsic i\/o deterioraci\u00f3 qualsevol causat per neglig\u00e8ncia o intencionalment que afecti les pertinences o instal\u00b7lacions els monestirs, el participant es compromet a informar d&#8217;aix\u00f2 tan aviat com sigui possible, dirigint-se a la persona supervisora de l&#8217;organitzaci\u00f3 si est\u00e0 disponible o, en cas contrari, a l&#8217;equip a la botiga llibreria. Ser\u00e0 responsable dels costos de reparaci\u00f3, substituci\u00f3 o reparaci\u00f3 de qualsevol mal o deterioraci\u00f3 derivada d&#8217;aquesta actuaci\u00f3. <\/span><\/p>\n<p style=\"padding-left: 40px;\"><span style=\"font-weight: 400;\">3.4 B\u00e9ns personals.<\/span><span style=\"font-weight: 400;\"><br><\/span><span style=\"font-weight: 400;\">Els monestirs adoptaran totes les mesures raonables per a assegurar-se que els visitants i les seves pertinences estiguin segurs. No obstant aix\u00f2, el visitant \u00e9s responsable d&#8217;assegurar-se de guardar amb si els seus diners i objectes de valor. <\/span><span style=\"font-weight: 400;\"><br><\/span><span style=\"font-weight: 400;\">Ni els organitzadors ni el centre, els seus empleats o voluntaris seran responsables de qualsevol mal o p\u00e8rdua de propietat, objecte de valor o diners de qualsevol descripci\u00f3 incloent (per\u00f2 no limitats a) equipatge, joies, documents, vehicles de motor i equip electr\u00f2nic, o altres b\u00e9ns en general.<\/span><\/p>\n<p style=\"padding-left: 40px;\"><span style=\"font-weight: 400;\">3.5 Autom\u00f2bils.<\/span><span style=\"font-weight: 400;\"><br><\/span><span style=\"font-weight: 400;\">Els autom\u00f2bils dels participants allotjats en els monestirs i visitants en general han de ser estacionats en l&#8217;aparcament habilitat pels monestirs. Els monestirs no ofereixen servei de vigil\u00e0ncia, tot autom\u00f2bil queda aparcat sota responsabilitat del seu propietari o participant. <\/span><\/p>\n<ol start=\"4\">\n<li><b> Contractes de visites, aules, retirs i activitats en general<\/b><b><br><\/b><span style=\"font-weight: 400;\">Tot contracte d&#8217;activitats o reserves es realitza amb l&#8217;entitat ORGANITZADORA.<\/span><span style=\"font-weight: 400;\"><br><\/span><span style=\"font-weight: 400;\">El contracte d&#8217;activitat o reserva es completar\u00e0 despr\u00e9s d&#8217;haver realitzat l&#8217;abonament corresponent. Les activitats es poden reservar a trav\u00e9s de la p\u00e0gina web  <\/span><a href=\"http:\/\/www.monjesbudistas.org\"><span style=\"font-weight: 400;\">www.monjesbudistas.org<\/span><\/a><span style=\"font-weight: 400;\"> o, presencialment, en la llibreria tendeixi del monestir, subjecte a disponibilitat de places.<\/span><span style=\"font-weight: 400;\"><br><\/span><span style=\"font-weight: 400;\">En fer la reserva vost\u00e8 accepta que t\u00e9 autoritat per a vincular a totes les persones incloses en la seva reserva de grup a aquests termes i condicions generals. Qui realitza la reserva \u00e9s plena i exclusivament responsable de l&#8217;exactitud de totes les dades que fa constar. <\/span><span style=\"font-weight: 400;\"><br><\/span><span style=\"font-weight: 400;\">Les places per a totes les activitats s\u00f3n limitades i les reserves es faran segons l&#8217;ordre en el qual es rebin. Els descomptes en el preu dels packs d&#8217;experi\u00e8ncia s&#8217;aplicaran exclusivament quan la seva contractaci\u00f3 sigui.  <\/span><span style=\"font-weight: 400;\">a trav\u00e9s de la p\u00e0gina web <\/span><a href=\"http:\/\/www.monjesbudistas.org\"><span style=\"font-weight: 400;\">www.monjesbudistas.org.<\/span><\/a><\/li>\n<\/ol>\n<ol start=\"5\">\n<li><b> Canvis o cancel\u00b7laci\u00f3 pels organitzadors a causa de for\u00e7a major.<\/b><b><br><\/b><span style=\"font-weight: 400;\">En el sup\u00f2sit que l&#8217;Entitat ORGANITZADORA comuniqui la cancel\u00b7laci\u00f3 o anul\u00b7laci\u00f3 de les reserves o activitats per motius de for\u00e7a major, entenent per tals aquelles circumst\u00e0ncies alienes a qui les invoca, les conseq\u00fc\u00e8ncies de les quals no s&#8217;haurien pogut evitar malgrat haver actuat amb la dilig\u00e8ncia deguda, quedar\u00e0 anul\u00b7lada la reserva i es procedir\u00e0 conforme a la via administrativa ordin\u00e0ria. En cas de produir-se tals circumst\u00e0ncies, es comunicar\u00e0, si pot ser, per correu electr\u00f2nic o tel\u00e8fon. <\/span><\/li>\n<\/ol>\n<ol start=\"6\">\n<li><b> Cancel\u00b7laci\u00f3 i pol\u00edtica de reemborsament.<\/b><\/li>\n<\/ol>\n<p style=\"padding-left: 40px;\"><em><span style=\"font-weight: 400;\">Visita guiada, Aula d&#8217;Introducci\u00f3 a la Meditaci\u00f3 Budista i Packs d&#8217;Experi\u00e8ncies<\/span><\/em><\/p>\n<p style=\"padding-left: 80px;\"><span style=\"font-weight: 400;\">Les reserves de Visita Guiada i de l&#8217;Aula d&#8217;Introducci\u00f3 a la meditaci\u00f3 s\u00f3n activitats regulars que admeten canvi de data a petici\u00f3 del visitant per\u00f2 no admeten devoluci\u00f3. <\/span><\/p>\n<p style=\"padding-left: 80px;\"><span style=\"font-weight: 400;\">Si desitja procedir al canvi de data posi&#8217;s en contacte amb nosaltres a trav\u00e9s d<\/span>&#8216;i<a href=\"mailto:info@monjesbudistas.org\"><span style=\"font-weight: 400;\">nfo@monjesbudistas.org<\/span><\/a><span style=\"font-weight: 400;\">.<\/span><\/p>\n<p style=\"padding-left: 80px;\"><span style=\"font-weight: 400;\">Els descomptes en el preu dels packs d&#8217;experi\u00e8ncia s&#8217;aplicaran exclusivament quan la seva contractaci\u00f3 sigui<\/span><span style=\"font-weight: 400;\"> a trav\u00e9s de la p\u00e0gina web <\/span><a href=\"http:\/\/www.monjesbudistas.org\"><span style=\"font-weight: 400;\">www.monjesbudistas.org.<\/span><\/a><\/p>\n<p style=\"padding-left: 40px;\"><em><span style=\"font-weight: 400;\">Retir de Pau Interior<\/span><\/em><\/p>\n<p style=\"padding-left: 80px;\"><span style=\"font-weight: 400;\">Si ha de cancel\u00b7lar la reserva d&#8217;un Retir de Pau Interior, li preguem que es posi en contacte amb l&#8217;Entitat ORGANITZADORA tan aviat com sigui possible, a fi que es pugui assignar la seva reserva a una altra persona escrivint a aquesta adre\u00e7a de correu electr\u00f2nic info@monjesbudistas.org.<\/span><\/p>\n<p style=\"padding-left: 80px;\"><span style=\"font-weight: 400;\">La quantitat a reemborsar pel retir variar\u00e0 segons la data de cancel\u00b7laci\u00f3 de la manera seg\u00fcent (s&#8217;aplicar\u00e0 sobre el valor ingressat de la reserva de l&#8217;esdeveniment):<\/span><\/p>\n<p style=\"padding-left: 80px;\"><span style=\"font-weight: 400;\">31 d\u00edas o m\u00e1s antes del evento: se reembolsar\u00e1 el 80 % (gastos de cancelaci\u00f3n del 20%)<\/span><span style=\"font-weight: 400;\"><br><\/span><span style=\"font-weight: 400;\">30-15 d\u00edas antes del evento: se reembolsar\u00e1 el 75 % (gastos de cancelaci\u00f3n del 25 %)<\/span><span style=\"font-weight: 400;\"><br><\/span><span style=\"font-weight: 400;\">14- 8 d\u00edas antes del evento: se reembolsar\u00e1 el 50 % (gastos de cancelaci\u00f3n del 50 %)<\/span><span style=\"font-weight: 400;\"><br><\/span><span style=\"font-weight: 400;\">7 d\u00edas antes del evento: No se efectuar\u00e1 reembolso alguno.<\/span><\/p>\n<p style=\"padding-left: 80px;\"><span style=\"font-weight: 400;\">S&#8217;acceptar\u00e0 fins a dos canvis de data dins del per\u00edode de sis mesos com a m\u00e0xim, el per\u00edode comen\u00e7a a comptar des de la data de la primera reserva. Al final dels sis mesos la reserva no utilitzada, aquesta caducar\u00e0 sense dret a reclam i sense dret a devoluci\u00f3 ni reemborsament. Les cancel\u00b7lacions despr\u00e9s d&#8217;un primer ajornament i sol\u00b7licitud de reemborsament seran considerades com efectuades 8 dies abans de l&#8217;esdeveniment en qualsevol cas, o segons correspongui d&#8217;acord amb la taula anterior.  <\/span><\/p>\n<p style=\"padding-left: 80px;\"><span style=\"font-weight: 400;\">El fet de no usar els serveis d&#8217;allotjament o manutenci\u00f3 no eximeix del pagament \u00edntegre de la tarifa acordada. La demora en l&#8217;arribada o la sortida anticipada no generaran dret a cap reemborsament. <\/span><\/p>\n<p style=\"padding-left: 40px;\"><em><span style=\"font-weight: 400;\">Formaci\u00f3 Apr\u00e8n a Meditar (cicles formatius).<\/span><\/em><\/p>\n<p style=\"padding-left: 80px;\"><span style=\"font-weight: 400;\">La formaci\u00f3 Apr\u00e8n a Meditar impartida en l&#8217;Institut de Consci\u00e8ncia, unitat acad\u00e8mica de Monjos Budistes Sakya Tashi Ling (entitat ORGANITZADORA) consisteix en els cicles formatius de Fonaments de la Meditaci\u00f3, Quatre Nobles Veritats i els quatre textos de l&#8217;etapa Mahayana. El proc\u00e9s d&#8217;admissi\u00f3 es duu a terme abans de la inscripci\u00f3 a cadascun dels cicles.  La reserva de pla\u00e7a en el cicle formatiu no es realitza fins a una vegada formalitzat el pagament de la inscripci\u00f3 en qualsevol dels seus m\u00e8todes de pagament disponibles.<\/span><\/p>\n<p style=\"padding-left: 80px;\"><span style=\"font-weight: 400;\">La pol\u00edtica de cancel\u00b7laci\u00f3 \u00e9s aplicable a tot estudiant que ha formalitzat la inscripci\u00f3 mitjan\u00e7ant pagament de matr\u00edcula en el cicle formatiu Els Fonaments de la Meditaci\u00f3.<\/span><\/p>\n<p style=\"padding-left: 80px;\"><span style=\"font-weight: 400;\">Per a aquells estudiants inscrits en els cicles posteriors del programa a l&#8217;anterior esmentat, no s&#8217;admeten devolucions. En aquest cas existeix la possibilitat d&#8217;un canvi de dates sense cap cost per part de l&#8217;estudiant. <\/span><\/p>\n<p style=\"padding-left: 80px;\"><span style=\"font-weight: 400;\">Cancelaci\u00f3n de matr\u00edcula por parte del estudiante: Cualquier estudiante que desee cancelar la matr\u00edcula, deber\u00e1 informar por escrito a trav\u00e9s del correo electr\u00f3nico del Instituto de Conciencia de la Fundaci\u00f3n Monjes Budistas Sakya Tashy Ling (<\/span><a href=\"mailto:instituto@monjesbudistas.org\"><span style=\"font-weight: 400;\">instituto@monjesbudistas.org<\/span><\/a><span style=\"font-weight: 400;\">). En el mateix haur\u00e0 de constar, n\u00famero de comanda (es rep en formalitzar la inscripci\u00f3), nom i cognoms, poblaci\u00f3, n\u00famero de tel\u00e8fon, dades que consten durant la formalitzaci\u00f3.<\/span><\/p>\n<p style=\"padding-left: 80px;\"><span style=\"font-weight: 400;\">Qualsevol sol\u00b7licitud de cancel\u00b7laci\u00f3 comunicat per una altra via que no sigui l&#8217;esmentada, no ser\u00e0 acceptada com a tal.<\/span><\/p>\n<p style=\"padding-left: 80px;\"><span style=\"font-weight: 400;\">Devoluci\u00f3 de la matr\u00edcula: Si l&#8217;estudiant sol\u00b7licita l&#8217;anul\u00b7laci\u00f3 de la matr\u00edcula en un termini m\u00e0xim de catorze (14) dies naturals, a comptar a partir de la data de la seva formalitzaci\u00f3, se li retornar\u00e0 l&#8217;import de la matr\u00edcula restant 80\u20ac com a \u201cdespeses de gesti\u00f3\u201d.<\/span><\/p>\n<p style=\"padding-left: 80px;\"><span style=\"font-weight: 400;\">Una vegada passat el termini de catorze (14) dies naturals no s&#8217;admetran devolucions. Una vegada iniciat el curs, independentment de quan s&#8217;hagi formalitzat la matr\u00edcula, no s&#8217;admetran devolucions.<\/span><\/p>\n<p style=\"padding-left: 80px;\"><span style=\"font-weight: 400;\">Terminis de la devoluci\u00f3 de la matr\u00edcula: Les devolucions es realitzaran dins dels catorze (14) dies naturals, a comptar a partir de la data de recepci\u00f3 de la sol\u00b7licitud corresponent. Aquesta devoluci\u00f3 es realitzar\u00e0 mitjan\u00e7ant transfer\u00e8ncia al n\u00famero de compte indicat per l&#8217;estudiant. <\/span><\/p>\n<ol start=\"7\">\n<li><b> Comportamiento durante las actividades<\/b><\/li>\n<\/ol>\n<p style=\"padding-left: 40px;\"><span style=\"font-weight: 400;\">L&#8217;ENTITAT ORGANITZADORA t\u00e9 reservat el dret d&#8217;admissi\u00f3. Qualsevol persona que, pel seu comportament provoqui malestar o pertorbaci\u00f3 de l&#8217;ordre p\u00fablic, ser\u00e0 convidada a abandonar el lloc. Si cal s&#8217;avisar\u00e0 als agents de l&#8217;ordre p\u00fablic.  <\/span><\/p>\n<p style=\"padding-left: 40px;\"><span style=\"font-weight: 400;\">Aix\u00ed mateix, en accedir als monestirs Sakya Tashi Ling, a m\u00e9s de respectar l&#8217;ambient i la conviv\u00e8ncia amb les persones que es troben en ells, durant la seva estada assumeix que no realitzar els seg\u00fcents comportaments:<\/span><\/p>\n<ul>\n<li style=\"list-style-type: none;\">\n<ul>\n<li style=\"font-weight: 400;\" aria-level=\"1\"><span style=\"font-weight: 400;\">Causar mol\u00e8stia o pertorbaci\u00f3<\/span><\/li>\n<li style=\"font-weight: 400;\" aria-level=\"1\"><span style=\"font-weight: 400;\">Comportament agressiu o violent<\/span><\/li>\n<li style=\"font-weight: 400;\" aria-level=\"1\"><span style=\"font-weight: 400;\">Acc\u00e9s a zones restringides al personal<\/span><\/li>\n<\/ul>\n<\/li>\n<\/ul>\n<p style=\"padding-left: 40px;\"><span style=\"font-weight: 400;\">A m\u00e9s, les persones que durant les activitats accedeixin a l&#8217;interior del Palau, la capella o a la Sala de Meditaci\u00f3 han d&#8217;abstenir-se de realitzar fotografies a l&#8217;interior dels espais.<\/span><\/p>\n<p style=\"padding-left: 40px;\"><span style=\"font-weight: 400;\">Addicionalment,, es prega complir amb els seg\u00fcents preceptes budistes durant la seva participaci\u00f3 en qualsevol esdeveniment i\/o estada en els monestirs:<\/span><\/p>\n<ul>\n<li style=\"list-style-type: none;\">\n<ul>\n<li style=\"font-weight: 400;\" aria-level=\"1\"><span style=\"font-weight: 400;\">Respectar tota forma de vida. No matar ni danyar a cap \u00e9sser. <\/span><\/li>\n<li style=\"font-weight: 400;\" aria-level=\"1\"><span style=\"font-weight: 400;\">Respectar les possessions dels altres. No robar. <\/span><\/li>\n<li style=\"font-weight: 400;\" aria-level=\"1\"><span style=\"font-weight: 400;\">No mentir<\/span><\/li>\n<li style=\"font-weight: 400;\" aria-level=\"1\"><span style=\"font-weight: 400;\">No provocar sofriment a ning\u00fa com a resultat de comportament o pr\u00e0ctica sexual<\/span><\/li>\n<li style=\"font-weight: 400;\" aria-level=\"1\"><span style=\"font-weight: 400;\">Respectar el cos propi i tot ser. No consumir subst\u00e0ncies intoxicantes. <\/span><\/li>\n<\/ul>\n<\/li>\n<\/ul>\n<p style=\"padding-left: 40px;\"><span style=\"font-weight: 400;\">Tota persona que, a causa del seu comportament inadequat hagi d&#8217;abandonar els monestirs no tindr\u00e0 cap dret a reemborsament o reclamaci\u00f3 de cap \u00edndole.<\/span><\/p>\n<ol start=\"8\">\n<li> <b> Accesibilidad, cuestiones de salud, alimentaci\u00f3n<\/b><b><br><\/b><span style=\"font-weight: 400;\">Si tiene alguna discapacidad o enfermedad que suponga que pueda necesitar ayuda especial durante su visita al monasterio es esencial que lo haga saber a los organizadores, enviando un correo previo a su visita a <\/span><a href=\"mailto:info@monjesbudistas.org\"><span style=\"font-weight: 400;\">info@monjesbudistas.org<\/span><\/a><span style=\"font-weight: 400;\">.<\/span><\/li>\n<\/ol>\n<p style=\"padding-left: 40px;\"><span style=\"font-weight: 400;\">Els organitzadors d&#8217;acord amb el seu millor criteri i amb l&#8217;\u00e0nim d&#8217;afavorir l&#8217;assist\u00e8ncia del participant, valorar\u00e0 si disposa de les condicions per a brindar l&#8217;ajuda sol\u00b7licitada o condicions especials requerides de manera de cuidar de la salut i comoditat del participant.<\/span><\/p>\n<p style=\"padding-left: 40px;\"><span style=\"font-weight: 400;\">El restaurant aix\u00ed com els serveis complementaris d&#8217;hostaleria en el desenvolupament del retir o altres activitats, ofereixen una gastronomia tant vegetariana com no vegetariana. Desafortunadament, no podem oferir men\u00fas amb dietes o exig\u00e8ncies d&#8217;alimentaci\u00f3 especials. En els casos de persones que tinguin restriccions alimentoses per causes m\u00e8diques i de salut, han de valorar pel seu compte la conveni\u00e8ncia de menjar els aliments que s&#8217;ofereixen en el monestir. Entenem que en realitzar la reserva tota persona ha estat informada d&#8217;aix\u00f2 i assumeix el risc de menjar els aliments proposats. En el men\u00fa del restaurant indiquem els al\u00b7lerg\u00f2gens de cada aliment suggerit. Aix\u00ed mateix el visitant exonera als ORGANITZADORS de tota responsabilitat sobre aquest tema.<br><br>     <\/span><\/p>\n<p><\/p>\t\t\t\t\t\t\t\t<\/div>\n\t\t\t\t<\/div>\n\t\t\t\t\t<\/div>\n\t\t\t\t<\/div>\n\t\t\t\t<\/div>\n\t\t","protected":false},"excerpt":{"rendered":"<p>Termes i Condicions ENTITAT ORGANITZADORA: Fundaci\u00f3 Monjos Budistes Sakya Tashi Ling. Avinguda Plana Novella s\/n, 08818 Olivella, Barcelona. www.monjesbudistas.org. C.I.F G63697304, inscrita en el Registre i Assessorament d&#8217;Entitats Jur\u00eddiques de la Generalitat de Catalunya, inscripci\u00f3 2066. Aquests termes i condicions generals estan vigents amb data d&#8217;inici l&#8217;1 de febrer de 2014 i s\u00f3n revisats i [&hellip;]<\/p>\n","protected":false},"author":3,"featured_media":0,"parent":0,"menu_order":0,"comment_status":"closed","ping_status":"closed","template":"","meta":{"give_campaign_id":0,"footnotes":""},"class_list":["post-1093840000006555","page","type-page","status-publish","hentry"],"campaignId":"","_links":{"self":[{"href":"https:\/\/monjesbudistas.org\/ca\/wp-json\/wp\/v2\/pages\/1093840000006555","targetHints":{"allow":["GET"]}}],"collection":[{"href":"https:\/\/monjesbudistas.org\/ca\/wp-json\/wp\/v2\/pages"}],"about":[{"href":"https:\/\/monjesbudistas.org\/ca\/wp-json\/wp\/v2\/types\/page"}],"author":[{"embeddable":true,"href":"https:\/\/monjesbudistas.org\/ca\/wp-json\/wp\/v2\/users\/3"}],"replies":[{"embeddable":true,"href":"https:\/\/monjesbudistas.org\/ca\/wp-json\/wp\/v2\/comments?post=1093840000006555"}],"version-history":[{"count":3,"href":"https:\/\/monjesbudistas.org\/ca\/wp-json\/wp\/v2\/pages\/1093840000006555\/revisions"}],"predecessor-version":[{"id":1093840000006558,"href":"https:\/\/monjesbudistas.org\/ca\/wp-json\/wp\/v2\/pages\/1093840000006555\/revisions\/1093840000006558"}],"wp:attachment":[{"href":"https:\/\/monjesbudistas.org\/ca\/wp-json\/wp\/v2\/media?parent=1093840000006555"}],"curies":[{"name":"wp","href":"https:\/\/api.w.org\/{rel}","templated":true}]}}