{"id":1093840000006547,"date":"2024-05-06T12:59:44","date_gmt":"2024-05-06T10:59:44","guid":{"rendered":"https:\/\/monjesbudistas.org\/donacions\/"},"modified":"2025-09-09T13:00:24","modified_gmt":"2025-09-09T11:00:24","slug":"donacions","status":"publish","type":"page","link":"https:\/\/monjesbudistas.org\/ca\/donacions\/","title":{"rendered":"Donacions"},"content":{"rendered":"\t\t<div data-elementor-type=\"wp-page\" data-elementor-id=\"1093840000006547\" class=\"elementor elementor-1093840000006547\" data-elementor-post-type=\"page\">\n\t\t\t\t\t\t<section class=\"elementor-section elementor-top-section elementor-element elementor-element-7cf00885 elementor-section-full_width elementor-section-height-min-height elementor-section-items-top elementor-section-height-default\" data-id=\"7cf00885\" data-element_type=\"section\" data-e-type=\"section\" data-settings=\"{&quot;jet_parallax_layout_list&quot;:[],&quot;background_background&quot;:&quot;classic&quot;,&quot;background_motion_fx_motion_fx_scrolling&quot;:&quot;yes&quot;,&quot;background_motion_fx_translateY_effect&quot;:&quot;yes&quot;,&quot;background_motion_fx_opacity_effect&quot;:&quot;yes&quot;,&quot;background_motion_fx_opacity_level&quot;:{&quot;unit&quot;:&quot;px&quot;,&quot;size&quot;:8,&quot;sizes&quot;:[]},&quot;background_motion_fx_opacity_range&quot;:{&quot;unit&quot;:&quot;%&quot;,&quot;size&quot;:&quot;&quot;,&quot;sizes&quot;:{&quot;start&quot;:9,&quot;end&quot;:69}},&quot;background_motion_fx_translateY_speed&quot;:{&quot;unit&quot;:&quot;px&quot;,&quot;size&quot;:4,&quot;sizes&quot;:[]},&quot;background_motion_fx_translateY_affectedRange&quot;:{&quot;unit&quot;:&quot;%&quot;,&quot;size&quot;:&quot;&quot;,&quot;sizes&quot;:{&quot;start&quot;:0,&quot;end&quot;:100}},&quot;background_motion_fx_opacity_direction&quot;:&quot;out-in&quot;,&quot;background_motion_fx_devices&quot;:[&quot;desktop&quot;,&quot;tablet&quot;,&quot;mobile_extra&quot;,&quot;mobile&quot;]}\">\n\t\t\t\t\t\t\t<div class=\"elementor-background-overlay\"><\/div>\n\t\t\t\t\t\t\t<div class=\"elementor-container elementor-column-gap-default\">\n\t\t\t\t\t<div class=\"elementor-column elementor-col-100 elementor-top-column elementor-element elementor-element-1542e6e\" data-id=\"1542e6e\" data-element_type=\"column\" data-e-type=\"column\">\n\t\t\t<div class=\"elementor-widget-wrap elementor-element-populated\">\n\t\t\t\t\t\t<section class=\"elementor-section elementor-inner-section elementor-element elementor-element-2c1361a5 elementor-section-boxed elementor-section-height-default elementor-section-height-default\" data-id=\"2c1361a5\" data-element_type=\"section\" data-e-type=\"section\" data-settings=\"{&quot;jet_parallax_layout_list&quot;:[]}\">\n\t\t\t\t\t\t<div class=\"elementor-container elementor-column-gap-default\">\n\t\t\t\t\t<div class=\"elementor-column elementor-col-50 elementor-inner-column elementor-element elementor-element-137a4941\" data-id=\"137a4941\" data-element_type=\"column\" data-e-type=\"column\">\n\t\t\t<div class=\"elementor-widget-wrap elementor-element-populated\">\n\t\t\t\t\t\t<div class=\"elementor-element elementor-element-33959eb7 elementor-widget elementor-widget-heading\" data-id=\"33959eb7\" data-element_type=\"widget\" data-e-type=\"widget\" data-widget_type=\"heading.default\">\n\t\t\t\t<div class=\"elementor-widget-container\">\n\t\t\t\t\t<h1 class=\"elementor-heading-title elementor-size-default\">Un Vincle<br>que ens fa<br>Millors<\/h1>\t\t\t\t<\/div>\n\t\t\t\t<\/div>\n\t\t\t\t<div class=\"elementor-element elementor-element-3f8087bf elementor-widget elementor-widget-text-editor\" data-id=\"3f8087bf\" data-element_type=\"widget\" data-e-type=\"widget\" data-widget_type=\"text-editor.default\">\n\t\t\t\t<div class=\"elementor-widget-container\">\n\t\t\t\t\t\t\t\t\t<h3><span style=\"color: #ffffff;\">La teva<\/span> <span style=\"color: #ffffff;\">donaci\u00f3 \u00e9s un vincle que ens fa millors, ens uneix en un cam\u00ed de coneixement i saviesa cap a una pau sostenible.<\/span><\/h3>\t\t\t\t\t\t\t\t<\/div>\n\t\t\t\t<\/div>\n\t\t\t\t<div class=\"elementor-element elementor-element-75007cd0 elementor-widget elementor-widget-text-editor\" data-id=\"75007cd0\" data-element_type=\"widget\" data-e-type=\"widget\" data-widget_type=\"text-editor.default\">\n\t\t\t\t<div class=\"elementor-widget-container\">\n\t\t\t\t\t\t\t\t\t<h5 tabindex=\"1011\" data-tab=\"1\" aria-controls=\"elementor-tab-content-1011\"> <\/h5><h5 id=\"a-qu-contribuye-tu-donacin\" class=\"elementor-tab-title eael-accordion-header show active\" tabindex=\"1011\" data-tab=\"1\" aria-controls=\"elementor-tab-content-1011\"><strong><span class=\"eael-accordion-tab-title\" style=\"color: #ffffff;\">A qu\u00e8 contribueix la teva donaci\u00f3<\/span><\/strong><strong><span class=\"eael-accordion-tab-title\" style=\"color: #ffffff;\">?<\/span><\/strong><\/h5><div class=\"elementor-tab-title eael-accordion-header show active\" tabindex=\"1011\" data-tab=\"1\" aria-controls=\"elementor-tab-content-1011\"><strong><span style=\"font-size: 16px; color: #ffffff;\">L&#8217;avenir de la humanitat dep\u00e8n en bona part de la seva educaci\u00f3 i filosofia de vida.<\/span><\/strong><\/div><div id=\"elementor-tab-content-1011\" class=\"eael-accordion-content clearfix\" data-tab=\"1\" aria-labelledby=\"a-qu-contribuye-tu-donacin\"><p><strong><span style=\"color: #ffffff;\">La fundaci\u00f3, inspirada en la saviesa del cam\u00ed mitj\u00e0 i els mitjans h\u00e0bils de les ci\u00e8ncies de la meditaci\u00f3 t\u00e9 per missi\u00f3 investigar, dissenyar, orientar i formar en un ideal d&#8217;educaci\u00f3 en valors capa\u00e7 d&#8217;alliberar el potencial genu\u00ed de les persones.<\/span><\/strong><\/p><p><span style=\"color: #ffffff;\">Per al millor compliment dels seus fins la fundaci\u00f3 vertebra els seus esfor\u00e7os i recursos en <strong>quatre l\u00ednies principals d&#8217;actuaci\u00f3:<\/strong><\/span><\/p><p><strong><span style=\"color: #ffffff;\">1. Assegurar l&#8217;acc\u00e9s a les fonts ancestrals d&#8217;espiritualitat<\/span><\/strong><\/p><p><span style=\"color: #ffffff;\"><strong>2. Desenvolupar l&#8217;educaci\u00f3 i la ci\u00e8ncia <\/strong>per a una veritable comprensi\u00f3 d&#8217;un mateix i de la vida.<\/span><\/p><p><span style=\"color: #ffffff;\"><strong>3. Protegir amb gratitud i generositat el patrimoni natural, cultural i espiritual <\/strong>que hem heretat dels nostres avantpassats.<\/span><\/p><p><strong><span style=\"color: #ffffff;\">4. Promoure la solidaritat i altruisme de les persones.<\/span><\/strong><\/p><p><span style=\"color: #ffffff;\">Com a organitzaci\u00f3 independent i sense \u00e0nim de lucre els nostres fins socials depenen de la labor del seu equip i de contribucions.<\/span><\/p><p> <\/p><\/div>\t\t\t\t\t\t\t\t<\/div>\n\t\t\t\t<\/div>\n\t\t\t\t\t<\/div>\n\t\t<\/div>\n\t\t\t\t<div class=\"elementor-column elementor-col-50 elementor-inner-column elementor-element elementor-element-7eb05425\" data-id=\"7eb05425\" data-element_type=\"column\" data-e-type=\"column\">\n\t\t\t<div class=\"elementor-widget-wrap elementor-element-populated\">\n\t\t\t\t\t\t<div class=\"elementor-element elementor-element-48629994 elementor-widget elementor-widget-shortcode\" data-id=\"48629994\" data-element_type=\"widget\" data-e-type=\"widget\" data-widget_type=\"shortcode.default\">\n\t\t\t\t<div class=\"elementor-widget-container\">\n\t\t\t\t\t\t\t<div class=\"elementor-shortcode\"><div class=\"give-embed-form-wrapper\" id=\"give-69d14b4c56518\"><iframe\n\t\t\t\tname=\"give-embed-form\"\n\t\t\t\tsrc=\"https:\/\/monjesbudistas.org\/ca\/give\/old_monjes-budistas-sakya-tashi-ling-fundacion-privada\/?giveDonationFormInIframe=1\"\n\t\t\t\t\n\t\t\t\tdata-autoScroll=\"0\"\n\t\t\t\tonload=\"if( 'undefined' !== typeof Give ) { Give.initializeIframeResize(this) }\"\n\t\t\t\tstyle=\"border: 0;visibility: hidden;min-height: 645px;\"><\/iframe><div class=\"iframe-loader\">\n<div style=\"\n\t\theight: calc(100% - 28px);\n\t\twidth: calc(100% - 20px);\n\t\tmax-width: 552px;\n\t\tmargin: 10px auto 10px auto;\n\t\tbackground: transparent;\n\t\tborder-radius: 6px;\n\t\tdisplay: flex;\n\t\talign-items: center;\n\t\tjustify-content: center;\n\t\">\n    <div style=\"\n        pointer-events: none;\n        height: 90px;\n        width: 90px;\n        background-image: url(&quot;data:image\/svg+xml;charset=utf8,%3C?xml version='1.0' encoding='utf-8'?%3E%3C!-- Generator: Adobe Illustrator 24.1.0, SVG Export Plug-In . SVG Version: 6.00 Build 0) --%3E%3Csvg version='1.1' id='Layer_1' xmlns='http:\/\/www.w3.org\/2000\/svg' xmlns:xlink='http:\/\/www.w3.org\/1999\/xlink' x='0px' y='0px' viewBox='0 0 349 348' style='enable-background:new 0 0 349 348;' xml:space='preserve'%3E%3Cstyle type='text\/css'%3E .st0{fill:%23703537;} %3C\/style%3E%3Cpath class='st0' d='M25.1,204.57c-13.38,0-24.47-10.6-24.97-24.08C0.04,178.09,0,175.97,0,174C0,77.78,78.28-0.5,174.5-0.5 c13.81,0,25,11.19,25,25s-11.19,25-25,25C105.85,49.5,50,105.35,50,174c0,1.37,0.03,2.85,0.1,4.65c0.51,13.8-10.27,25.39-24.07,25.9 C25.72,204.56,25.41,204.57,25.1,204.57z'\/%3E%3Cpath class='st0' d='M174.5,348.5c-13.81,0-25-11.19-25-25c0-13.81,11.19-25,25-25c68.65,0,124.5-55.85,124.5-124.5 c0-1.38-0.03-2.85-0.1-4.65c-0.51-13.8,10.26-25.4,24.06-25.91c13.83-0.53,25.4,10.26,25.91,24.06c0.09,2.39,0.13,4.51,0.13,6.49 C349,270.22,270.72,348.5,174.5,348.5z'\/%3E%3C\/svg%3E&quot;);\n        animation: spin 0.6s linear infinite;\n        \"><\/div>\n<\/div>\n<\/div><\/div><\/div>\n\t\t\t\t\t\t<\/div>\n\t\t\t\t<\/div>\n\t\t\t\t\t<\/div>\n\t\t<\/div>\n\t\t\t\t\t<\/div>\n\t\t<\/section>\n\t\t\t\t\t<\/div>\n\t\t<\/div>\n\t\t\t\t\t<\/div>\n\t\t<\/section>\n\t\t\t\t<\/div>\n\t\t","protected":false},"excerpt":{"rendered":"<p>Un Vincleque ens faMillors La teva donaci\u00f3 \u00e9s un vincle que ens fa millors, ens uneix en un cam\u00ed de coneixement i saviesa cap a una pau sostenible. A qu\u00e8 contribueix la teva donaci\u00f3? L&#8217;avenir de la humanitat dep\u00e8n en bona part de la seva educaci\u00f3 i filosofia de vida. La fundaci\u00f3, inspirada en la [&hellip;]<\/p>\n","protected":false},"author":2,"featured_media":0,"parent":0,"menu_order":0,"comment_status":"closed","ping_status":"closed","template":"","meta":{"give_campaign_id":0,"footnotes":""},"class_list":["post-1093840000006547","page","type-page","status-publish","hentry"],"campaignId":"","_links":{"self":[{"href":"https:\/\/monjesbudistas.org\/ca\/wp-json\/wp\/v2\/pages\/1093840000006547","targetHints":{"allow":["GET"]}}],"collection":[{"href":"https:\/\/monjesbudistas.org\/ca\/wp-json\/wp\/v2\/pages"}],"about":[{"href":"https:\/\/monjesbudistas.org\/ca\/wp-json\/wp\/v2\/types\/page"}],"author":[{"embeddable":true,"href":"https:\/\/monjesbudistas.org\/ca\/wp-json\/wp\/v2\/users\/2"}],"replies":[{"embeddable":true,"href":"https:\/\/monjesbudistas.org\/ca\/wp-json\/wp\/v2\/comments?post=1093840000006547"}],"version-history":[{"count":1,"href":"https:\/\/monjesbudistas.org\/ca\/wp-json\/wp\/v2\/pages\/1093840000006547\/revisions"}],"predecessor-version":[{"id":1093840000006548,"href":"https:\/\/monjesbudistas.org\/ca\/wp-json\/wp\/v2\/pages\/1093840000006547\/revisions\/1093840000006548"}],"wp:attachment":[{"href":"https:\/\/monjesbudistas.org\/ca\/wp-json\/wp\/v2\/media?parent=1093840000006547"}],"curies":[{"name":"wp","href":"https:\/\/api.w.org\/{rel}","templated":true}]}}