{"id":1093840000006540,"date":"2024-09-16T14:56:57","date_gmt":"2024-09-16T12:56:57","guid":{"rendered":"https:\/\/monjesbudistas.org\/donaconciencia\/donacio-des-duna-organitzacio\/"},"modified":"2025-12-10T11:21:06","modified_gmt":"2025-12-10T10:21:06","slug":"donacio-des-duna-organitzacio","status":"publish","type":"page","link":"https:\/\/monjesbudistas.org\/ca\/donaconciencia\/donacio-des-duna-organitzacio\/","title":{"rendered":"Donaci\u00f3 des d&#8217;una organitzaci\u00f3"},"content":{"rendered":"\t\t<div data-elementor-type=\"wp-page\" data-elementor-id=\"1093840000006540\" class=\"elementor elementor-1093840000006540 elementor-8097\" data-elementor-post-type=\"page\">\n\t\t\t\t<div class=\"elementor-element elementor-element-b787fa6 e-flex e-con-boxed e-con e-parent\" data-id=\"b787fa6\" data-element_type=\"container\" data-e-type=\"container\" data-settings=\"{&quot;jet_parallax_layout_list&quot;:[]}\">\n\t\t\t\t\t<div class=\"e-con-inner\">\n\t\t\t\t<div class=\"elementor-element elementor-element-2c7c717 jet-breadcrumbs-align-left elementor-widget elementor-widget-jet-breadcrumbs\" data-id=\"2c7c717\" data-element_type=\"widget\" data-e-type=\"widget\" data-widget_type=\"jet-breadcrumbs.default\">\n\t\t\t\t<div class=\"elementor-widget-container\">\n\t\t\t\t\t<div class=\"elementor-jet-breadcrumbs jet-blocks\">\n\t\t<div class=\"jet-breadcrumbs\">\n\t\t<div class=\"jet-breadcrumbs__content\">\n\t\t<div class=\"jet-breadcrumbs__wrap\"><div class=\"jet-breadcrumbs__item\"><a href=\"https:\/\/monjesbudistas.org\/ca\/\" class=\"jet-breadcrumbs__item-link is-home\" rel=\"home\" title=\"Inici\">Inici<\/a><\/div>\n\t\t<\/div>\n\t\t<\/div>\n\t\t<\/div><\/div>\t\t\t\t<\/div>\n\t\t\t\t<\/div>\n\t\t\t\t\t<\/div>\n\t\t\t\t<\/div>\n\t\t<div class=\"elementor-element elementor-element-258d2e7 e-flex e-con-boxed e-con e-parent\" data-id=\"258d2e7\" data-element_type=\"container\" data-e-type=\"container\" data-settings=\"{&quot;background_background&quot;:&quot;classic&quot;,&quot;jet_parallax_layout_list&quot;:[]}\">\n\t\t\t\t\t<div class=\"e-con-inner\">\n\t\t<div class=\"elementor-element elementor-element-54a1ed5 e-con-full e-flex e-con e-child\" data-id=\"54a1ed5\" data-element_type=\"container\" data-e-type=\"container\" data-settings=\"{&quot;jet_parallax_layout_list&quot;:[]}\">\n\t\t\t\t<div class=\"elementor-element elementor-element-de81450 elementor-widget elementor-widget-heading\" data-id=\"de81450\" data-element_type=\"widget\" data-e-type=\"widget\" data-widget_type=\"heading.default\">\n\t\t\t\t<div class=\"elementor-widget-container\">\n\t\t\t\t\t<h1 class=\"elementor-heading-title elementor-size-default\">Vull donar des d'una organitzaci\u00f3<\/h1>\t\t\t\t<\/div>\n\t\t\t\t<\/div>\n\t\t\t\t<div class=\"elementor-element elementor-element-a757494 elementor-widget elementor-widget-heading\" data-id=\"a757494\" data-element_type=\"widget\" data-e-type=\"widget\" data-widget_type=\"heading.default\">\n\t\t\t\t<div class=\"elementor-widget-container\">\n\t\t\t\t\t<p class=\"elementor-heading-title elementor-size-default\">La teva donaci\u00f3 \u00e9s un vincle que ens fa millors, ens uneix en un cam\u00ed de coneixement i saviesa cap a una pau sostenible.<\/p>\t\t\t\t<\/div>\n\t\t\t\t<\/div>\n\t\t\t\t<div class=\"elementor-element elementor-element-b1dbfbb elementor-widget elementor-widget-jet-accordion\" data-id=\"b1dbfbb\" data-element_type=\"widget\" data-e-type=\"widget\" data-widget_type=\"jet-accordion.default\">\n\t\t\t\t<div class=\"elementor-widget-container\">\n\t\t\t\t\t\t\t\t\t<div class=\"jet-accordion\" data-settings=\"{&quot;collapsible&quot;:false,&quot;ajaxTemplate&quot;:false,&quot;switchScrolling&quot;:false,&quot;switchScrollingOffset&quot;:0,&quot;switchScrollingDelay&quot;:500}\">\n\t\t\t<div class=\"jet-accordion__inner\">\n\t\t\t\t<div class=\" jet-accordion__item jet-toggle jet-toggle-move-up-effect \">\n\t\t\t\t\t\t\t<div id=\"jet-toggle-control-1861\" class=\"jet-toggle__control elementor-menu-anchor\" data-toggle=\"1\" role=\"button\" tabindex=\"0\" aria-controls=\"jet-toggle-content-1861\" aria-expanded=\"false\" data-template-id=\"false\">\n\t\t\t\t\t\t\t\t<div class=\"jet-toggle__label-icon jet-toggle-icon-position-right\"><span class=\"jet-toggle__icon icon-normal jet-tabs-icon\"><svg xmlns=\"http:\/\/www.w3.org\/2000\/svg\" xmlns:xlink=\"http:\/\/www.w3.org\/1999\/xlink\" aria-hidden=\"true\" class=\"iconify iconify--iconoir\" width=\"100%\" height=\"100%\" preserveAspectRatio=\"xMidYMid meet\" viewBox=\"0 0 24 24\"><path fill=\"none\" stroke=\"currentColor\" stroke-linecap=\"round\" stroke-linejoin=\"round\" stroke-width=\"1.5\" d=\"m6 9l6 6l6-6\"><\/path><\/svg><\/span><span class=\"jet-toggle__icon icon-active jet-tabs-icon\"><svg xmlns=\"http:\/\/www.w3.org\/2000\/svg\" xmlns:xlink=\"http:\/\/www.w3.org\/1999\/xlink\" aria-hidden=\"true\" class=\"iconify iconify--iconoir\" width=\"100%\" height=\"100%\" preserveAspectRatio=\"xMidYMid meet\" viewBox=\"0 0 24 24\"><path fill=\"none\" stroke=\"currentColor\" stroke-linecap=\"round\" stroke-linejoin=\"round\" stroke-width=\"1.5\" d=\"m6 15l6-6l6 6\"><\/path><\/svg><\/span><\/div><div class=\"jet-toggle__label-text\">* Fins a un 50% de deducci\u00f3 fiscal en la teva donaci\u00f3<\/div>\t\t\t\t\t\t\t<\/div>\n\t\t\t\t\t\t\t<div id=\"jet-toggle-content-1861\" class=\"jet-toggle__content\" data-toggle=\"1\" role=\"region\" data-template-id=\"false\">\n\t\t\t\t\t\t\t\t<div class=\"jet-toggle__content-inner\"><div class=\"flex-shrink-0 flex flex-col relative items-end\">\n<div class=\"pt-0\">\n<div class=\"gizmo-bot-avatar flex h-8 w-8 items-center justify-center overflow-hidden rounded-full\">\n<div class=\"relative p-1 rounded-sm flex items-center justify-center bg-token-main-surface-primary text-token-text-primary h-8 w-8\">\n<div class=\"flex-shrink-0 flex flex-col relative items-end\">\n<div class=\"pt-0\">\n<div class=\"gizmo-bot-avatar flex h-8 w-8 items-center justify-center overflow-hidden rounded-full\">\n<p><img fetchpriority=\"high\" decoding=\"async\" class=\"aligncenter wp-image-1093840000000761 size-full\" src=\"https:\/\/monjesbudistas.org\/wp-content\/uploads\/2024\/11\/8.png\" alt=\"\" width=\"1366\" height=\"768\" srcset=\"https:\/\/monjesbudistas.org\/wp-content\/uploads\/2024\/11\/8.png 1366w, https:\/\/monjesbudistas.org\/wp-content\/uploads\/2024\/11\/8-300x169.png 300w, https:\/\/monjesbudistas.org\/wp-content\/uploads\/2024\/11\/8-1024x576.png 1024w, https:\/\/monjesbudistas.org\/wp-content\/uploads\/2024\/11\/8-768x432.png 768w, https:\/\/monjesbudistas.org\/wp-content\/uploads\/2024\/11\/8-600x337.png 600w\" sizes=\"(max-width: 1366px) 100vw, 1366px\" \/><span style=\"font-weight: 400;\">* La deducci\u00f3 fiscal es fa efectiva en la declaraci\u00f3 de l&#8217;impost de societats.<\/span><\/p>\n<p><span style=\"font-weight: 400;\">** La deducci\u00f3 a partir del tercer any s\u00b4incrementa del 40% al 50%, en el caso de que la persona jur\u00eddica hagi donat un import igual o superior en els dos \u00faltims anys.<\/span><\/p>\n<p><span style=\"font-weight: 400;\">La deducci\u00f3 fiscal m\u00e0xima correspon al 15% de la base imposable. Les quantitats que excedeixin d&#8217;aquest l\u00edmit, podran aplicar-se en els 10 anys immediats i successius. <\/span><\/p>\n<\/div>\n<\/div>\n<\/div>\n<\/div>\n<\/div>\n<\/div>\n<\/div>\n<div class=\"group\/conversation-turn relative flex w-full min-w-0 flex-col agent-turn\">\n<div class=\"flex-col gap-1 md:gap-3\">\n<div class=\"flex max-w-full flex-col flex-grow\">\n<div class=\"min-h-8 text-message flex w-full flex-col items-end gap-2 whitespace-normal break-words [.text-message+&amp;]:mt-5\" dir=\"auto\" data-message-author-role=\"assistant\" data-message-id=\"09a769a9-7cb6-43ba-83fc-4988901a1222\">\n<div class=\"flex w-full flex-col gap-1 empty:hidden first:pt-[3px]\">\n<div class=\"markdown prose w-full break-words dark:prose-invert light\"> <\/div>\n<\/div>\n<\/div>\n<\/div>\n<\/div>\n<\/div>\n<\/div>\n\t\t\t\t\t\t\t<\/div>\n\t\t\t\t\t\t<\/div>\t\t\t<\/div>\n\t\t<\/div>\n\t\t\t\t\t\t<\/div>\n\t\t\t\t<\/div>\n\t\t\t\t<\/div>\n\t\t<div class=\"elementor-element elementor-element-e361d38 e-con-full e-flex e-con e-child\" data-id=\"e361d38\" data-element_type=\"container\" data-e-type=\"container\" data-settings=\"{&quot;background_background&quot;:&quot;classic&quot;,&quot;jet_parallax_layout_list&quot;:[]}\">\n\t\t\t\t<div class=\"elementor-element elementor-element-73695b2 elementor-widget elementor-widget-text-editor\" data-id=\"73695b2\" data-element_type=\"widget\" data-e-type=\"widget\" data-widget_type=\"text-editor.default\">\n\t\t\t\t<div class=\"elementor-widget-container\">\n\t\t\t\t\t\t\t\t\t<div class=\"elementor-tab-title eael-accordion-header show active\" tabindex=\"1011\" data-tab=\"1\" aria-controls=\"elementor-tab-content-1011\">Gr\u00e0cies per la teva generositat i suport.<br \/>Actualment, el nostre formulari de donacions est\u00e0 disponible nom\u00e9s en castell\u00e0.<br \/>En fer clic al bot\u00f3 seg\u00fcent, ser\u00e0s redirigit al nostre lloc web en castell\u00e0 per completar la teva donaci\u00f3 de manera segura.<\/div><div tabindex=\"1011\" data-tab=\"1\" aria-controls=\"elementor-tab-content-1011\">\u00a0<\/div><div tabindex=\"1011\" data-tab=\"1\" aria-controls=\"elementor-tab-content-1011\">*<em> Les deduccions fiscals (fins al 80%) s\u2019apliquen nom\u00e9s als donants que siguin residents fiscals a Espanya.<\/em><\/div><div tabindex=\"1011\" data-tab=\"1\" aria-controls=\"elementor-tab-content-1011\">\u00a0<\/div>\t\t\t\t\t\t\t\t<\/div>\n\t\t\t\t<\/div>\n\t\t\t\t<div class=\"elementor-element elementor-element-767627c elementor-widget elementor-widget-button\" data-id=\"767627c\" data-element_type=\"widget\" data-e-type=\"widget\" data-widget_type=\"button.default\">\n\t\t\t\t<div class=\"elementor-widget-container\">\n\t\t\t\t\t\t\t\t\t<div class=\"elementor-button-wrapper\">\n\t\t\t\t\t<a class=\"elementor-button elementor-button-link elementor-size-sm\" href=\"https:\/\/monjesbudistas.org\/donaconciencia\/donacion-desde-una-organizacion\/\">\n\t\t\t\t\t\t<span class=\"elementor-button-content-wrapper\">\n\t\t\t\t\t\t\t\t\t<span class=\"elementor-button-text\">Fes una donaci\u00f3<\/span>\n\t\t\t\t\t<\/span>\n\t\t\t\t\t<\/a>\n\t\t\t\t<\/div>\n\t\t\t\t\t\t\t\t<\/div>\n\t\t\t\t<\/div>\n\t\t\t\t<\/div>\n\t\t\t\t\t<\/div>\n\t\t\t\t<\/div>\n\t\t\t\t<\/div>\n\t\t","protected":false},"excerpt":{"rendered":"<p>Inicio Vull donar des d&#8217;una organitzaci\u00f3 La teva donaci\u00f3 \u00e9s un vincle que ens fa millors, ens uneix en un cam\u00ed de coneixement i saviesa cap a una pau sostenible. * Fins a un 50% de deducci\u00f3 fiscal en la teva donaci\u00f3 * La deducci\u00f3 fiscal es fa efectiva en la declaraci\u00f3 de l&#8217;impost de [&hellip;]<\/p>\n","protected":false},"author":4,"featured_media":1093840000004662,"parent":1093840000006535,"menu_order":0,"comment_status":"closed","ping_status":"closed","template":"","meta":{"give_campaign_id":0,"footnotes":""},"class_list":["post-1093840000006540","page","type-page","status-publish","has-post-thumbnail","hentry"],"campaignId":"","_links":{"self":[{"href":"https:\/\/monjesbudistas.org\/ca\/wp-json\/wp\/v2\/pages\/1093840000006540","targetHints":{"allow":["GET"]}}],"collection":[{"href":"https:\/\/monjesbudistas.org\/ca\/wp-json\/wp\/v2\/pages"}],"about":[{"href":"https:\/\/monjesbudistas.org\/ca\/wp-json\/wp\/v2\/types\/page"}],"author":[{"embeddable":true,"href":"https:\/\/monjesbudistas.org\/ca\/wp-json\/wp\/v2\/users\/4"}],"replies":[{"embeddable":true,"href":"https:\/\/monjesbudistas.org\/ca\/wp-json\/wp\/v2\/comments?post=1093840000006540"}],"version-history":[{"count":6,"href":"https:\/\/monjesbudistas.org\/ca\/wp-json\/wp\/v2\/pages\/1093840000006540\/revisions"}],"predecessor-version":[{"id":1093840000015575,"href":"https:\/\/monjesbudistas.org\/ca\/wp-json\/wp\/v2\/pages\/1093840000006540\/revisions\/1093840000015575"}],"up":[{"embeddable":true,"href":"https:\/\/monjesbudistas.org\/ca\/wp-json\/wp\/v2\/pages\/1093840000006535"}],"wp:featuredmedia":[{"embeddable":true,"href":"https:\/\/monjesbudistas.org\/ca\/wp-json\/wp\/v2\/media\/1093840000004662"}],"wp:attachment":[{"href":"https:\/\/monjesbudistas.org\/ca\/wp-json\/wp\/v2\/media?parent=1093840000006540"}],"curies":[{"name":"wp","href":"https:\/\/api.w.org\/{rel}","templated":true}]}}