{"id":1093840000006524,"date":"2024-09-27T18:34:22","date_gmt":"2024-09-27T16:34:22","guid":{"rendered":"https:\/\/monjesbudistas.org\/equip\/"},"modified":"2025-07-01T17:12:44","modified_gmt":"2025-07-01T15:12:44","slug":"equip","status":"publish","type":"page","link":"https:\/\/monjesbudistas.org\/ca\/sobre-nosaltres\/fundacio-monjos-budistes-sakya-tashi-ling\/equip\/","title":{"rendered":"Equip"},"content":{"rendered":"\t\t<div data-elementor-type=\"wp-page\" data-elementor-id=\"1093840000006524\" class=\"elementor elementor-1093840000006524 elementor-9210\" data-elementor-post-type=\"page\">\n\t\t\t\t<div class=\"elementor-element elementor-element-0507ad8 e-con-full e-flex e-con e-parent\" data-id=\"0507ad8\" data-element_type=\"container\" data-e-type=\"container\" data-settings=\"{&quot;jet_parallax_layout_list&quot;:[]}\">\n\t\t\t\t<div class=\"elementor-element elementor-element-f07c140 elementor-widget elementor-widget-image\" data-id=\"f07c140\" data-element_type=\"widget\" data-e-type=\"widget\" data-widget_type=\"image.default\">\n\t\t\t\t<div class=\"elementor-widget-container\">\n\t\t\t\t\t\t\t\t\t\t\t\t\t\t\t<img fetchpriority=\"high\" decoding=\"async\" width=\"2000\" height=\"857\" src=\"https:\/\/monjesbudistas.org\/wp-content\/uploads\/2024\/10\/Monjes-Budistas-Fundacion-Equipo-Hero-Banner-2.1.jpeg\" class=\"attachment-full size-full wp-image-1093840000005271\" alt=\"\" srcset=\"https:\/\/monjesbudistas.org\/wp-content\/uploads\/2024\/10\/Monjes-Budistas-Fundacion-Equipo-Hero-Banner-2.1.jpeg 2000w, https:\/\/monjesbudistas.org\/wp-content\/uploads\/2024\/10\/Monjes-Budistas-Fundacion-Equipo-Hero-Banner-2.1-300x129.jpeg 300w, https:\/\/monjesbudistas.org\/wp-content\/uploads\/2024\/10\/Monjes-Budistas-Fundacion-Equipo-Hero-Banner-2.1-1024x439.jpeg 1024w, https:\/\/monjesbudistas.org\/wp-content\/uploads\/2024\/10\/Monjes-Budistas-Fundacion-Equipo-Hero-Banner-2.1-768x329.jpeg 768w, https:\/\/monjesbudistas.org\/wp-content\/uploads\/2024\/10\/Monjes-Budistas-Fundacion-Equipo-Hero-Banner-2.1-1536x658.jpeg 1536w, https:\/\/monjesbudistas.org\/wp-content\/uploads\/2024\/10\/Monjes-Budistas-Fundacion-Equipo-Hero-Banner-2.1-600x257.jpeg 600w\" sizes=\"(max-width: 2000px) 100vw, 2000px\" \/>\t\t\t\t\t\t\t\t\t\t\t\t\t\t\t<\/div>\n\t\t\t\t<\/div>\n\t\t\t\t<\/div>\n\t\t<div class=\"elementor-element elementor-element-b232abf e-flex e-con-boxed e-con e-parent\" data-id=\"b232abf\" data-element_type=\"container\" data-e-type=\"container\" data-settings=\"{&quot;jet_parallax_layout_list&quot;:[]}\">\n\t\t\t\t\t<div class=\"e-con-inner\">\n\t\t\t\t<div class=\"elementor-element elementor-element-fed0e38 jet-breadcrumbs-align-left elementor-widget elementor-widget-jet-breadcrumbs\" data-id=\"fed0e38\" data-element_type=\"widget\" data-e-type=\"widget\" data-widget_type=\"jet-breadcrumbs.default\">\n\t\t\t\t<div class=\"elementor-widget-container\">\n\t\t\t\t\t<div class=\"elementor-jet-breadcrumbs jet-blocks\">\n\t\t<div class=\"jet-breadcrumbs\">\n\t\t<div class=\"jet-breadcrumbs__content\">\n\t\t<div class=\"jet-breadcrumbs__wrap\"><div class=\"jet-breadcrumbs__item\"><a href=\"https:\/\/monjesbudistas.org\/ca\/\" class=\"jet-breadcrumbs__item-link is-home\" rel=\"home\" title=\"Inici\">Inici<\/a><\/div>\n\t\t<\/div>\n\t\t<\/div>\n\t\t<\/div><\/div>\t\t\t\t<\/div>\n\t\t\t\t<\/div>\n\t\t\t\t\t<\/div>\n\t\t\t\t<\/div>\n\t\t<div class=\"elementor-element elementor-element-0bec84d e-flex e-con-boxed e-con e-parent\" data-id=\"0bec84d\" data-element_type=\"container\" data-e-type=\"container\" data-settings=\"{&quot;jet_parallax_layout_list&quot;:[]}\">\n\t\t\t\t\t<div class=\"e-con-inner\">\n\t\t\t\t<div class=\"elementor-element elementor-element-f0dc13e elementor-widget elementor-widget-heading\" data-id=\"f0dc13e\" data-element_type=\"widget\" data-e-type=\"widget\" data-widget_type=\"heading.default\">\n\t\t\t\t<div class=\"elementor-widget-container\">\n\t\t\t\t\t<h1 class=\"elementor-heading-title elementor-size-default\">Equip<\/h1>\t\t\t\t<\/div>\n\t\t\t\t<\/div>\n\t\t\t\t<div class=\"elementor-element elementor-element-3cdeabd elementor-widget elementor-widget-heading\" data-id=\"3cdeabd\" data-element_type=\"widget\" data-e-type=\"widget\" data-widget_type=\"heading.default\">\n\t\t\t\t<div class=\"elementor-widget-container\">\n\t\t\t\t\t<h2 class=\"elementor-heading-title elementor-size-default\">Som persones de diverses proced\u00e8ncies i experi\u00e8ncies en estat d'aprenentatge i transformaci\u00f3 profundament atrets per un ideal de comunitat comprom\u00e8s amb el b\u00e9 com\u00fa. Ens apassionen les nostres professions i vivim la nostra missi\u00f3 associats al canvi des d'una curiositat intr\u00ednseca pel m\u00f3n i l'afany de contribuir significativament en la vida de les persones en harmonia amb la naturalesa. <\/h2>\t\t\t\t<\/div>\n\t\t\t\t<\/div>\n\t\t\t\t\t<\/div>\n\t\t\t\t<\/div>\n\t\t<div class=\"elementor-element elementor-element-d599b32 e-flex e-con-boxed e-con e-parent\" data-id=\"d599b32\" data-element_type=\"container\" data-e-type=\"container\" data-settings=\"{&quot;jet_parallax_layout_list&quot;:[]}\">\n\t\t\t\t\t<div class=\"e-con-inner\">\n\t\t\t\t<div class=\"elementor-element elementor-element-1164ba1 elementor-widget elementor-widget-jet-accordion\" data-id=\"1164ba1\" data-element_type=\"widget\" data-e-type=\"widget\" data-widget_type=\"jet-accordion.default\">\n\t\t\t\t<div class=\"elementor-widget-container\">\n\t\t\t\t\t\t\t\t\t<div class=\"jet-accordion\" data-settings=\"{&quot;collapsible&quot;:true,&quot;ajaxTemplate&quot;:false,&quot;switchScrolling&quot;:false,&quot;switchScrollingOffset&quot;:0,&quot;switchScrollingDelay&quot;:500}\">\n\t\t\t<div class=\"jet-accordion__inner\">\n\t\t\t\t<div class=\" jet-accordion__item jet-toggle jet-toggle-move-up-effect \">\n\t\t\t\t\t\t\t<div id=\"jet-toggle-control-1821\" class=\"jet-toggle__control elementor-menu-anchor\" data-toggle=\"1\" role=\"button\" tabindex=\"0\" aria-controls=\"jet-toggle-content-1821\" aria-expanded=\"false\" data-template-id=\"false\">\n\t\t\t\t\t\t\t\t<div class=\"jet-toggle__label-icon jet-toggle-icon-position-right\"><span class=\"jet-toggle__icon icon-normal jet-tabs-icon\"><svg xmlns=\"http:\/\/www.w3.org\/2000\/svg\" xmlns:xlink=\"http:\/\/www.w3.org\/1999\/xlink\" aria-hidden=\"true\" class=\"iconify iconify--iconoir\" width=\"100%\" height=\"100%\" preserveAspectRatio=\"xMidYMid meet\" viewBox=\"0 0 24 24\"><path fill=\"none\" stroke=\"currentColor\" stroke-linecap=\"round\" stroke-linejoin=\"round\" stroke-width=\"1.5\" d=\"m9 6l6 6l-6 6\"><\/path><\/svg><\/span><span class=\"jet-toggle__icon icon-active jet-tabs-icon\"><svg xmlns=\"http:\/\/www.w3.org\/2000\/svg\" xmlns:xlink=\"http:\/\/www.w3.org\/1999\/xlink\" aria-hidden=\"true\" class=\"iconify iconify--iconoir\" width=\"100%\" height=\"100%\" preserveAspectRatio=\"xMidYMid meet\" viewBox=\"0 0 24 24\"><path fill=\"none\" stroke=\"currentColor\" stroke-linecap=\"round\" stroke-linejoin=\"round\" stroke-width=\"1.5\" d=\"m6 9l6 6l6-6\"><\/path><\/svg><\/span><\/div><div class=\"jet-toggle__label-text\">Patronat i Comit\u00e8 Executiu<\/div>\t\t\t\t\t\t\t<\/div>\n\t\t\t\t\t\t\t<div id=\"jet-toggle-content-1821\" class=\"jet-toggle__content\" data-toggle=\"1\" role=\"region\" data-template-id=\"false\">\n\t\t\t\t\t\t\t\t<div class=\"jet-toggle__content-inner\"><ul>\n<li aria-level=\"1\">\n<h6><strong>Jamyang Dorje Rinpoch\u00e9<\/strong> &#8211; Fundador i President honor\u00edfic del Patronat &#8211; Mestre de Dharma<\/h6>\n<\/li>\n<\/ul>\n<ul>\n<li aria-level=\"1\">\n<h6><strong>Kutsab Dorje<\/strong> -President del Patronat &#8211; Membre del Comit\u00e8 Executiu &#8211; Mestre de Dharma<\/h6>\n<\/li>\n<\/ul>\n<ul>\n<li aria-level=\"1\">\n<h6><strong>Marina Jurado<\/strong> &#8211; Vicepresidenta del Patronat &#8211; Membre del Comit\u00e8 Executiu &#8211; Investigadora<\/h6>\n<\/li>\n<\/ul>\n<ul>\n<li aria-level=\"1\">\n<h6><strong>Joaquim Fueyo<\/strong> &#8211; Membre del Patronat &#8211; Membre del Comit\u00e8 Executiu &#8211; Investigador<\/h6>\n<\/li>\n<\/ul>\n<ul>\n<li>\n<h6><strong>Luc\u00eda G\u00f3mez<\/strong> &#8211; Directora Executiva &#8211; Membre del Comit\u00e8 Executiu &#8211; Investigadora<\/h6>\n<\/li>\n<\/ul>\n<ul>\n<li>\n<h6><strong>Isabel Esono<\/strong> &#8211; Secret\u00e0ria del Patronat &#8211; Directora Acad\u00e9mica &#8211; Membre del Comit\u00e8 Executiu <\/h6>\n<\/li>\n<\/ul>\n<\/div>\n\t\t\t\t\t\t\t<\/div>\n\t\t\t\t\t\t<\/div><div class=\" jet-accordion__item jet-toggle jet-toggle-move-up-effect \">\n\t\t\t\t\t\t\t<div id=\"jet-toggle-control-1822\" class=\"jet-toggle__control elementor-menu-anchor\" data-toggle=\"2\" role=\"button\" tabindex=\"0\" aria-controls=\"jet-toggle-content-1822\" aria-expanded=\"false\" data-template-id=\"false\">\n\t\t\t\t\t\t\t\t<div class=\"jet-toggle__label-icon jet-toggle-icon-position-right\"><span class=\"jet-toggle__icon icon-normal jet-tabs-icon\"><svg xmlns=\"http:\/\/www.w3.org\/2000\/svg\" xmlns:xlink=\"http:\/\/www.w3.org\/1999\/xlink\" aria-hidden=\"true\" class=\"iconify iconify--iconoir\" width=\"100%\" height=\"100%\" preserveAspectRatio=\"xMidYMid meet\" viewBox=\"0 0 24 24\"><path fill=\"none\" stroke=\"currentColor\" stroke-linecap=\"round\" stroke-linejoin=\"round\" stroke-width=\"1.5\" d=\"m9 6l6 6l-6 6\"><\/path><\/svg><\/span><span class=\"jet-toggle__icon icon-active jet-tabs-icon\"><svg xmlns=\"http:\/\/www.w3.org\/2000\/svg\" xmlns:xlink=\"http:\/\/www.w3.org\/1999\/xlink\" aria-hidden=\"true\" class=\"iconify iconify--iconoir\" width=\"100%\" height=\"100%\" preserveAspectRatio=\"xMidYMid meet\" viewBox=\"0 0 24 24\"><path fill=\"none\" stroke=\"currentColor\" stroke-linecap=\"round\" stroke-linejoin=\"round\" stroke-width=\"1.5\" d=\"m6 9l6 6l6-6\"><\/path><\/svg><\/span><\/div><div class=\"jet-toggle__label-text\">Comissi\u00f3 d'Estudis i Recerca<\/div>\t\t\t\t\t\t\t<\/div>\n\t\t\t\t\t\t\t<div id=\"jet-toggle-content-1822\" class=\"jet-toggle__content\" data-toggle=\"2\" role=\"region\" data-template-id=\"false\">\n\t\t\t\t\t\t\t\t<div class=\"jet-toggle__content-inner\"><ul>\n<li>Jamyang Dorje Rinpoch\u00e9<\/li>\n<li>Kutsab Dorje<\/li>\n<li>Jamyang \u00d6ser<\/li>\n<li>Isabel Esono<\/li>\n<li>Alfredo Lamas<\/li>\n<li>Mecedes Blanco<\/li>\n<li>Patricia Serrano<\/li>\n<li>Elena Mayoral<\/li>\n<li>Jos\u00e9 Manuel Ramos<\/li>\n<li>Karel Dan\u00e9s<\/li>\n<li>Berta Abad<\/li>\n<li>Roc\u00edo de Miguel<\/li>\n<li>Lau Moyano<\/li>\n<li>Carlos Molina<\/li>\n<li>Luc\u00eda G\u00f3mez<\/li>\n<li>Ismael Oliver<\/li>\n<li>Mario S\u00e1nchez<\/li>\n<li>Joaquim Fueyo<\/li>\n<li>Marina Jurado<\/li>\n<li>Chio Villa<\/li>\n<li>Anna Salvatella<\/li>\n<li>Rodrigo Ciudad<\/li>\n<li>Maril\u00f3 Sol\u00e1<\/li>\n<li>Lid\u00f3n Nebot<\/li>\n<li>Marialba Llurb\u00e1<\/li>\n<li>David de los R\u00edos<\/li>\n<\/ul>\n<\/div>\n\t\t\t\t\t\t\t<\/div>\n\t\t\t\t\t\t<\/div><div class=\" jet-accordion__item jet-toggle jet-toggle-move-up-effect \">\n\t\t\t\t\t\t\t<div id=\"jet-toggle-control-1823\" class=\"jet-toggle__control elementor-menu-anchor\" data-toggle=\"3\" role=\"button\" tabindex=\"0\" aria-controls=\"jet-toggle-content-1823\" aria-expanded=\"false\" data-template-id=\"false\">\n\t\t\t\t\t\t\t\t<div class=\"jet-toggle__label-icon jet-toggle-icon-position-right\"><span class=\"jet-toggle__icon icon-normal jet-tabs-icon\"><svg xmlns=\"http:\/\/www.w3.org\/2000\/svg\" xmlns:xlink=\"http:\/\/www.w3.org\/1999\/xlink\" aria-hidden=\"true\" class=\"iconify iconify--iconoir\" width=\"100%\" height=\"100%\" preserveAspectRatio=\"xMidYMid meet\" viewBox=\"0 0 24 24\"><path fill=\"none\" stroke=\"currentColor\" stroke-linecap=\"round\" stroke-linejoin=\"round\" stroke-width=\"1.5\" d=\"m9 6l6 6l-6 6\"><\/path><\/svg><\/span><span class=\"jet-toggle__icon icon-active jet-tabs-icon\"><svg xmlns=\"http:\/\/www.w3.org\/2000\/svg\" xmlns:xlink=\"http:\/\/www.w3.org\/1999\/xlink\" aria-hidden=\"true\" class=\"iconify iconify--iconoir\" width=\"100%\" height=\"100%\" preserveAspectRatio=\"xMidYMid meet\" viewBox=\"0 0 24 24\"><path fill=\"none\" stroke=\"currentColor\" stroke-linecap=\"round\" stroke-linejoin=\"round\" stroke-width=\"1.5\" d=\"m6 9l6 6l6-6\"><\/path><\/svg><\/span><\/div><div class=\"jet-toggle__label-text\">Administraci\u00f3n y Operaciones <\/div>\t\t\t\t\t\t\t<\/div>\n\t\t\t\t\t\t\t<div id=\"jet-toggle-content-1823\" class=\"jet-toggle__content\" data-toggle=\"3\" role=\"region\" data-template-id=\"false\">\n\t\t\t\t\t\t\t\t<div class=\"jet-toggle__content-inner\"><ul>\n<li>Chio Villa<\/li>\n<li>Mario S\u00e1nchez<\/li>\n<li>Teresa Casas<\/li>\n<li>Lid\u00f3n Nebot<\/li>\n<li>Dolors Oliana<\/li>\n<li>N\u00faria G\u00f3mez<\/li>\n<li>Nancy<\/li>\n<li>Marc Bertrand<\/li>\n<li>Jes\u00fas L\u00f3pez<\/li>\n<li>Walter<\/li>\n<\/ul>\n<\/div>\n\t\t\t\t\t\t\t<\/div>\n\t\t\t\t\t\t<\/div>\t\t\t<\/div>\n\t\t<\/div>\n\t\t\t\t\t\t<\/div>\n\t\t\t\t<\/div>\n\t\t\t\t\t<\/div>\n\t\t\t\t<\/div>\n\t\t<div class=\"elementor-element elementor-element-43611e6 e-flex e-con-boxed e-con e-parent\" data-id=\"43611e6\" data-element_type=\"container\" data-e-type=\"container\" data-settings=\"{&quot;background_background&quot;:&quot;classic&quot;,&quot;jet_parallax_layout_list&quot;:[]}\">\n\t\t\t\t\t<div class=\"e-con-inner\">\n\t\t\t\t<div class=\"elementor-element elementor-element-a6bf4fb elementor-widget elementor-widget-heading\" data-id=\"a6bf4fb\" data-element_type=\"widget\" data-e-type=\"widget\" data-widget_type=\"heading.default\">\n\t\t\t\t<div class=\"elementor-widget-container\">\n\t\t\t\t\t<h2 class=\"elementor-heading-title elementor-size-default\">Vols m\u00e9s informaci\u00f3?<\/h2>\t\t\t\t<\/div>\n\t\t\t\t<\/div>\n\t\t\t\t<div class=\"elementor-element elementor-element-27d8458 elementor-widget elementor-widget-jet-button\" data-id=\"27d8458\" data-element_type=\"widget\" data-e-type=\"widget\" data-widget_type=\"jet-button.default\">\n\t\t\t\t<div class=\"elementor-widget-container\">\n\t\t\t\t\t<div class=\"elementor-jet-button jet-elements\"><div class=\"jet-button__container\">\n\t<a class=\"jet-button__instance jet-button__instance--icon-left hover-effect-0\" href=\"https:\/\/monjesbudistas.org\/contacto\/\">\n\t\t<div class=\"jet-button__plane jet-button__plane-normal\"><\/div>\n\t\t<div class=\"jet-button__plane jet-button__plane-hover\"><\/div>\n\t\t<div class=\"jet-button__state jet-button__state-normal\">\n\t\t\t<span class=\"jet-button__icon jet-elements-icon\"><svg xmlns=\"http:\/\/www.w3.org\/2000\/svg\" xmlns:xlink=\"http:\/\/www.w3.org\/1999\/xlink\" aria-hidden=\"true\" class=\"iconify iconify--iconoir\" width=\"100%\" height=\"100%\" preserveAspectRatio=\"xMidYMid meet\" viewBox=\"0 0 24 24\"><path fill=\"none\" stroke=\"currentColor\" stroke-linecap=\"round\" stroke-linejoin=\"round\" stroke-width=\"1.5\" d=\"M6 12h12.5m0 0l-6-6m6 6l-6 6\"><\/path><\/svg><\/span><span class=\"jet-button__label\">Contacta'ns<\/span>\t\t<\/div>\n\t\t<div class=\"jet-button__state jet-button__state-hover\">\n\t\t\t<span class=\"jet-button__icon jet-elements-icon\"><svg xmlns=\"http:\/\/www.w3.org\/2000\/svg\" xmlns:xlink=\"http:\/\/www.w3.org\/1999\/xlink\" aria-hidden=\"true\" class=\"iconify iconify--iconoir\" width=\"100%\" height=\"100%\" preserveAspectRatio=\"xMidYMid meet\" viewBox=\"0 0 24 24\"><path fill=\"none\" stroke=\"currentColor\" stroke-linecap=\"round\" stroke-linejoin=\"round\" stroke-width=\"1.5\" d=\"M6 12h12.5m0 0l-6-6m6 6l-6 6\"><\/path><\/svg><\/span><span class=\"jet-button__label\">Contacta'ns<\/span>\t\t<\/div>\n\t<\/a>\n<\/div>\n<\/div>\t\t\t\t<\/div>\n\t\t\t\t<\/div>\n\t\t\t\t\t<\/div>\n\t\t\t\t<\/div>\n\t\t\t\t<\/div>\n\t\t","protected":false},"excerpt":{"rendered":"<p>Inicio Equip Som persones de diverses proced\u00e8ncies i experi\u00e8ncies en estat d&#8217;aprenentatge i transformaci\u00f3 profundament atrets per un ideal de comunitat comprom\u00e8s amb el b\u00e9 com\u00fa. Ens apassionen les nostres professions i vivim la nostra missi\u00f3 associats al canvi des d&#8217;una curiositat intr\u00ednseca pel m\u00f3n i l&#8217;afany de contribuir significativament en la vida de les [&hellip;]<\/p>\n","protected":false},"author":4,"featured_media":1093840000005271,"parent":1093840000006593,"menu_order":0,"comment_status":"closed","ping_status":"closed","template":"","meta":{"give_campaign_id":0,"footnotes":""},"class_list":["post-1093840000006524","page","type-page","status-publish","has-post-thumbnail","hentry"],"campaignId":"","_links":{"self":[{"href":"https:\/\/monjesbudistas.org\/ca\/wp-json\/wp\/v2\/pages\/1093840000006524","targetHints":{"allow":["GET"]}}],"collection":[{"href":"https:\/\/monjesbudistas.org\/ca\/wp-json\/wp\/v2\/pages"}],"about":[{"href":"https:\/\/monjesbudistas.org\/ca\/wp-json\/wp\/v2\/types\/page"}],"author":[{"embeddable":true,"href":"https:\/\/monjesbudistas.org\/ca\/wp-json\/wp\/v2\/users\/4"}],"replies":[{"embeddable":true,"href":"https:\/\/monjesbudistas.org\/ca\/wp-json\/wp\/v2\/comments?post=1093840000006524"}],"version-history":[{"count":3,"href":"https:\/\/monjesbudistas.org\/ca\/wp-json\/wp\/v2\/pages\/1093840000006524\/revisions"}],"predecessor-version":[{"id":1093840000007368,"href":"https:\/\/monjesbudistas.org\/ca\/wp-json\/wp\/v2\/pages\/1093840000006524\/revisions\/1093840000007368"}],"up":[{"embeddable":true,"href":"https:\/\/monjesbudistas.org\/ca\/wp-json\/wp\/v2\/pages\/1093840000006593"}],"wp:featuredmedia":[{"embeddable":true,"href":"https:\/\/monjesbudistas.org\/ca\/wp-json\/wp\/v2\/media\/1093840000005271"}],"wp:attachment":[{"href":"https:\/\/monjesbudistas.org\/ca\/wp-json\/wp\/v2\/media?parent=1093840000006524"}],"curies":[{"name":"wp","href":"https:\/\/api.w.org\/{rel}","templated":true}]}}